{"id":661300,"date":"2023-06-22T00:07:11","date_gmt":"2023-06-22T00:07:11","guid":{"rendered":"https:\/\/neuvee.com\/?post_type=product&#038;p=661300"},"modified":"2025-05-19T14:31:32","modified_gmt":"2025-05-19T14:31:32","slug":"the-darkest-tales-3","status":"publish","type":"product","link":"https:\/\/neuvee.com\/pl\/product\/the-darkest-tales-3\/","title":{"rendered":"THE DARKEST TALES"},"content":{"rendered":"<p>Do\u0142\u0105cz do pluszowego misia Teddy&#8217;ego w jego pos\u0119pnej i&nbsp;z\u0142owieszczej podr\u00f3\u017cy, by uratowa\u0107 jego w\u0142a\u015bcicielk\u0119, Alicj\u0119, z&nbsp;krainy spaczonych sn\u00f3w i&nbsp;dzieci\u0119cych fantazji. Kto inny zawalczy o&nbsp;\u017cycie tej doros\u0142ej ju\u017c dziewczyny, je\u015bli nie jej dawno ju\u017c zapomniana i&nbsp;zakurzona zabawka? The Darkest Tales to rozbudowana i&nbsp;wci\u0105gaj\u0105ca przygoda, pe\u0142na znajomych postaci i&nbsp;bajkowych krain. W jej trakcie wiele razy zmierzysz si\u0119 z&nbsp;trudnymi, \u017cyciowymi pytaniami. I \u017cyli d\u0142ugo i&nbsp;szcz\u0119\u015bliwie Po drodze spotkasz znajome postacie ze swojego dzieci\u0144stwa, ale to nie b\u0119dzie radosne spotkanie. Piernikowe ludziki s\u0105 \u017c\u0105dne krwi, \u015api\u0105ca Kr\u00f3lewna nie spa\u0142a od wiek\u00f3w, a&nbsp;Ma\u0142a Syrenka wygl\u0105da bardziej jak morska wied\u017ama ni\u017c niewinne dziecko ocean\u00f3w. Teddy No\u017cyco\u0142apy Jak si\u0119 okazuje, nasz bohater jest z\u0142ot\u0105 r\u0105czk\u0105. Potrafi z\u0142o\u017cy\u0107 \u0142uk i&nbsp;bro\u0144 bia\u0142\u0105 za pomoc\u0105 pary no\u017cyczek, a&nbsp;ig\u0142y s\u0142u\u017c\u0105 mu za pot\u0119\u017cne strza\u0142y i&nbsp;kotwiczki. W walce si\u0142ami z\u0142a wszystkie chwyty s\u0105 dozwolone. Przed tob\u0105 wy\u0142\u0105cznie ciemno\u015b\u0107 Ka\u017cdy poziom rozgrywa si\u0119 w rozpoznawalnej, ale spaczonej, bajkowej krainie \u2013 stoczysz w nich pe\u0142no potyczek, napotkasz przeszkody i&nbsp;tajemnice. W trakcie tej przygody zyskasz do\u015bwiadczenie, opanujesz i&nbsp;rozwiniesz swoje umiej\u0119tno\u015bci i&nbsp;stawisz czo\u0142o wielu przeciwno\u015bciom losu \u2013 mog\u0105 to by\u0107 krwio\u017cercze gumowe kaczuszki lub&nbsp;zamek gigant\u00f3w w chmurach. The Darkest Tales to gra oparta na rozbudowanych i&nbsp;tajemniczych legendach. Wraz z&nbsp;post\u0119pami i&nbsp;kolejnymi pokonanymi potworami odkrywa\u0107 b\u0119dziesz tajemnice tego koszmarnego \u015bwiata. Jak sko\u0144czy si\u0119 ta opowie\u015b\u0107? Decyzja nale\u017cy do ciebie.<\/p>\n<p><\/p>","protected":false},"excerpt":{"rendered":"<p>Do\u0142\u0105cz do pluszowego misia Teddy&#8217;ego w jego pos\u0119pnej i&nbsp;z\u0142owieszczej podr\u00f3\u017cy, by uratowa\u0107 jego w\u0142a\u015bcicielk\u0119, Alicj\u0119, z&nbsp;krainy spaczonych sn\u00f3w i&nbsp;dzieci\u0119cych fantazji. Kto inny zawalczy o&nbsp;\u017cycie tej doros\u0142ej ju\u017c dziewczyny, je\u015bli nie jej dawno ju\u017c zapomniana i&nbsp;zakurzona zabawka? The Darkest Tales to rozbudowana i&nbsp;wci\u0105gaj\u0105ca przygoda, pe\u0142na znajomych postaci i&nbsp;bajkowych krain. W jej trakcie wiele razy zmierzysz si\u0119 [&hellip;]<\/p>\n","protected":false},"featured_media":662116,"comment_status":"closed","ping_status":"closed","template":"","meta":{"ub_ctt_via":""},"product_cat":[88,127],"product_tag":[218],"class_list":["post-661300","product","type-product","status-publish","has-post-thumbnail","hentry","product_cat-action","product_cat-adventure","product_tag-games","platform-steam-works"],"_links":{"self":[{"href":"https:\/\/neuvee.com\/pl\/wp-json\/wp\/v2\/product\/661300","targetHints":{"allow":["GET"]}}],"collection":[{"href":"https:\/\/neuvee.com\/pl\/wp-json\/wp\/v2\/product"}],"about":[{"href":"https:\/\/neuvee.com\/pl\/wp-json\/wp\/v2\/types\/product"}],"replies":[{"embeddable":true,"href":"https:\/\/neuvee.com\/pl\/wp-json\/wp\/v2\/comments?post=661300"}],"wp:featuredmedia":[{"embeddable":true,"href":"https:\/\/neuvee.com\/pl\/wp-json\/wp\/v2\/media\/662116"}],"wp:attachment":[{"href":"https:\/\/neuvee.com\/pl\/wp-json\/wp\/v2\/media?parent=661300"}],"wp:term":[{"taxonomy":"product_cat","embeddable":true,"href":"https:\/\/neuvee.com\/pl\/wp-json\/wp\/v2\/product_cat?post=661300"},{"taxonomy":"product_tag","embeddable":true,"href":"https:\/\/neuvee.com\/pl\/wp-json\/wp\/v2\/product_tag?post=661300"}],"curies":[{"name":"wp","href":"https:\/\/api.w.org\/{rel}","templated":true}]}}