{"id":661251,"date":"2023-06-21T23:51:13","date_gmt":"2023-06-21T23:51:13","guid":{"rendered":"https:\/\/neuvee.com\/?post_type=product&#038;p=661251"},"modified":"2025-05-19T14:01:33","modified_gmt":"2025-05-19T14:01:33","slug":"the-art-of-norco","status":"publish","type":"product","link":"https:\/\/neuvee.com\/pl\/product\/the-art-of-norco\/","title":{"rendered":"THE ART OF NORCO"},"content":{"rendered":"<p>Ten cyfrowy album to ponad 90 stron przypominaj\u0105cej obrazy, a&nbsp;zarazem filmowej grafiki pikselowej z&nbsp;gry, a&nbsp;tak\u017ce zdj\u0119\u0107, grafik wykorzystanych w pracach nad gr\u0105 i&nbsp;innych pami\u0105tek z&nbsp;procesu tworzenia NORCO. Obejrzyj szkice koncepcyjne i&nbsp;gotowe lokalizacje i&nbsp;zobacz, jak zanikaj\u0105ce mokrad\u0142a, wij\u0105ce si\u0119 rury rafinerii i&nbsp;inne krajobrazy w okolicy luizja\u0144skiej miejscowo\u015bci Norco zainspirowa\u0142y gr\u0119.<\/p>\n<p>Przyjrzyj si\u0119 przedstawionym w NORCO motywom industrializacji, suburbanizacji, spekulacyjnej geografii, raka, wiary i&nbsp;domu \u2013 i&nbsp;przeczytaj historie postaci i&nbsp;miejsc w grze, a&nbsp;tak\u017ce wywiady z&nbsp;deweloperami Geography of Robots oraz&nbsp;gar\u015b\u0107 anegdot.<\/p>\n<p><\/p>","protected":false},"excerpt":{"rendered":"<p>Ten cyfrowy album to ponad 90 stron przypominaj\u0105cej obrazy, a&nbsp;zarazem filmowej grafiki pikselowej z&nbsp;gry, a&nbsp;tak\u017ce zdj\u0119\u0107, grafik wykorzystanych w pracach nad gr\u0105 i&nbsp;innych pami\u0105tek z&nbsp;procesu tworzenia NORCO. Obejrzyj szkice koncepcyjne i&nbsp;gotowe lokalizacje i&nbsp;zobacz, jak zanikaj\u0105ce mokrad\u0142a, wij\u0105ce si\u0119 rury rafinerii i&nbsp;inne krajobrazy w okolicy luizja\u0144skiej miejscowo\u015bci Norco zainspirowa\u0142y gr\u0119. Przyjrzyj si\u0119 przedstawionym w NORCO motywom [&hellip;]<\/p>\n","protected":false},"featured_media":662397,"comment_status":"closed","ping_status":"closed","template":"","meta":{"ub_ctt_via":""},"product_cat":[127,221],"product_tag":[218],"class_list":["post-661251","product","type-product","status-publish","has-post-thumbnail","hentry","product_cat-adventure","product_cat-indie","product_tag-games","platform-steam-works"],"_links":{"self":[{"href":"https:\/\/neuvee.com\/pl\/wp-json\/wp\/v2\/product\/661251","targetHints":{"allow":["GET"]}}],"collection":[{"href":"https:\/\/neuvee.com\/pl\/wp-json\/wp\/v2\/product"}],"about":[{"href":"https:\/\/neuvee.com\/pl\/wp-json\/wp\/v2\/types\/product"}],"replies":[{"embeddable":true,"href":"https:\/\/neuvee.com\/pl\/wp-json\/wp\/v2\/comments?post=661251"}],"wp:featuredmedia":[{"embeddable":true,"href":"https:\/\/neuvee.com\/pl\/wp-json\/wp\/v2\/media\/662397"}],"wp:attachment":[{"href":"https:\/\/neuvee.com\/pl\/wp-json\/wp\/v2\/media?parent=661251"}],"wp:term":[{"taxonomy":"product_cat","embeddable":true,"href":"https:\/\/neuvee.com\/pl\/wp-json\/wp\/v2\/product_cat?post=661251"},{"taxonomy":"product_tag","embeddable":true,"href":"https:\/\/neuvee.com\/pl\/wp-json\/wp\/v2\/product_tag?post=661251"}],"curies":[{"name":"wp","href":"https:\/\/api.w.org\/{rel}","templated":true}]}}