{"id":661249,"date":"2023-06-21T23:49:53","date_gmt":"2023-06-21T23:49:53","guid":{"rendered":"https:\/\/neuvee.com\/?post_type=product&#038;p=661249"},"modified":"2025-05-19T13:46:12","modified_gmt":"2025-05-19T13:46:12","slug":"terra-invicta-early-access-3","status":"publish","type":"product","link":"https:\/\/neuvee.com\/pl\/product\/terra-invicta-early-access-3\/","title":{"rendered":"TERRA INVICTA &#8211; EARLY ACCESS"},"content":{"rendered":"<p>Wykryto sond\u0119 pozaziemsk\u0105 zbli\u017caj\u0105c\u0105 si\u0119 do Ziemi. Nieznana ludzko\u015bci obca si\u0142a przyby\u0142a w odleg\u0142e rejony lodowego Pasa Kuipera i&nbsp;rozpocz\u0119\u0142a wydobycie na planecie kar\u0142owatej, aby przygotowa\u0107 si\u0119 do inwazji.<\/p>\n<p>Ziemskie narody nie s\u0105 w stanie zjednoczy\u0107 si\u0119, aby wsp\u00f3lnie opracowa\u0107 plan na przybycie obcych, wi\u0119c&nbsp;tworz\u0105 si\u0119 mi\u0119dzynarodowe grupy lider\u00f3w politycznych, wojskowych i&nbsp;naukowych o&nbsp;podobnych pogl\u0105dach, by opracowa\u0107 odpowied\u017a na to zagro\u017cenie. Zamiary obcych s\u0105 nieznane, wi\u0119c&nbsp;powstaj\u0105 frakcje kierowane nadziej\u0105, strachem lub&nbsp;chciwo\u015bci\u0105.<br \/>\nTy b\u0119dziesz kontrolowa\u0107 jedn\u0105 z&nbsp;tych frakcji.<br \/>\n\u2022 Ruch Oporu stara si\u0119 stworzy\u0107 sojusz narod\u00f3w w celu przygotowania skoordynowanej obrony.<br \/>\n\u2022 Zjednoczona Ludzko\u015b\u0107 ma na celu eksterminacj\u0119 obcych wraz z&nbsp;ich stronnikami.<br \/>\n\u2022 S\u0142udzy czcz\u0105 obcych i&nbsp;wierz\u0105, \u017ce rozwi\u0105\u017c\u0105 oni wszystkie bol\u0105czki tego \u015bwiata.<br \/>\n\u2022 Protektorat opowiada si\u0119 za wynegocjowan\u0105 kapitulacj\u0105 jako jedynym sposobem na unikni\u0119cie zag\u0142ady.<br \/>\n\u2022 Akademia ma nadziej\u0119, \u017ce przybycie obcych zwiastuje mo\u017cliwo\u015b\u0107 zawarcia mi\u0119dzygwiezdnego sojuszu.<br \/>\n\u2022 Inicjatywa chce skorzysta\u0107 na chaosie i&nbsp;zniszczeniu.<br \/>\n\u2022 Projekt Exodus planuje zbudowa\u0107 ogromny statek kosmiczny i&nbsp;opu\u015bci\u0107 Uk\u0142ad S\u0142oneczny.<\/p>\n<p>ZBADAJ ZAGRO\u017bENIE ZE STRONY OBCYCH<br \/>\nOdleg\u0142a anomalia, tajemnicze miejsce katastrofy i&nbsp;wzrost liczby zg\u0142oszonych zagini\u0119\u0107. Czy to rzeczywi\u015bcie mo\u017ce by\u0107 pierwszy kontakt ludzko\u015bci z&nbsp;pozaziemskimi formami \u017cycia? Podczas gdy twoi agenci terenowi badaj\u0105 przypadki zaobserwowania obcych, a&nbsp;naukowcy \u015bcigaj\u0105 si\u0119 w odkrywaniu nowych obszar\u00f3w bada\u0144, z&nbsp;biegiem czasu poznasz prawd\u0119 stoj\u0105c\u0105 za przybyciem obcych.<br \/>\n\u2022 Od wczesnych przypadk\u00f3w zaobserwowania i&nbsp;katastrof UFO do szalej\u0105cej megafauny obcych i&nbsp;armii robot\u00f3w, szybko stanie si\u0119 jasne, \u017ce pozosta\u0142e sze\u015b\u0107 ludzkich frakcji nie jest twoj\u0105 jedyn\u0105 konkurencj\u0105.  Przez ca\u0142\u0105 gr\u0119 ilustrowane wydarzenia postawi\u0105 ci\u0119 przed trudnymi wyborami, gdy b\u0119dziesz bada\u0107 rosn\u0105c\u0105 aktywno\u015b\u0107 obcych na Ziemi. Odkryj tajemnic\u0119 pochodzenia i&nbsp;motyw\u00f3w obcych \u2013 o&nbsp;ile oczywi\u015bcie nie nale\u017cysz do Zjednoczonej Ludzko\u015bci i&nbsp;liczy si\u0119 dla ciebie tylko eksterminacja.<br \/>\n\u2022 Terra Invicta posiada globalny system bada\u0144, kt\u00f3ry stwarza mo\u017cliwo\u015bci zar\u00f3wno do rywalizacji, jak i&nbsp;do wsp\u00f3\u0142pracy. Wsp\u00f3lny post\u0119p naukowy odblokowuje prywatne projekty in\u017cynieryjne. Frakcje mog\u0105 zdecydowa\u0107 si\u0119 na skupienie si\u0119 na prywatnych projektach kosztem os\u0142abienia ca\u0142ej Ziemi i&nbsp;oddania wp\u0142ywu na globalny kierunek bada\u0144 pozosta\u0142ym frakcjom maj\u0105cym inne priorytety. Pozostawione bez kontroli frakcje takie jak S\u0142udzy czy Inicjatywa mog\u0105 skierowa\u0107 wysi\u0142ki \u015bwiata w stron\u0119 rozwoju metod kontroli spo\u0142ecznej, a&nbsp;nie nap\u0119du czy system\u00f3w broni.<\/p>\n<p>WALCZ O KONTROL\u0118<br \/>\nZaczynasz na Ziemi jako szef tajemniczej organizacji po\u015bwi\u0119conej wybranej przez ciebie ideologii. Obcy nadchodz\u0105 \u2013 ju\u017c wkr\u00f3tce \u2013 ale twoimi pierwszymi wrogami (i by\u0107 mo\u017ce sojusznikami) b\u0119d\u0105 inne frakcje ludzi.<br \/>\n\u2022 Sta\u0144 na czele frakcji zjednoczonej przez ideologi\u0119, a&nbsp;nie narodu zdefiniowanego przez terytorium. To powa\u017cna zmiana w stosunku do wi\u0119kszo\u015bci gier strategicznych \u2013 w Terra Invicta nie zamalujesz mapy kolorami wybranej przez siebie nacji. Zamiast tego b\u0119dziesz rz\u0105dzi\u0107 z&nbsp;ukrycia i&nbsp;rywalizowa\u0107 z&nbsp;innymi frakcjami o&nbsp;punkty kontrolne reprezentuj\u0105ce militarne, ekonomiczne i&nbsp;polityczne przyw\u00f3dztwo regionu.<br \/>\n\u2022 Geopolityka to twoje podw\u00f3rko \u2013 jednocz lub&nbsp;rozbijaj narody w spos\u00f3b, kt\u00f3ry najlepiej s\u0142u\u017cy twoim celom, jednocze\u015bnie wykorzystuj\u0105c te, na kt\u00f3re masz wp\u0142yw, do prowadzenia wojen zast\u0119pczych przeciwko pozosta\u0142ym sze\u015bciu frakcjom. Regiony Ziemi s\u0105 szczeg\u00f3\u0142owo odwzorowane, od poziomu edukacji i&nbsp;niepokoj\u00f3w po PKB i&nbsp;nier\u00f3wno\u015bci. Zdobycie w\u0142adzy nad regionami z&nbsp;du\u017cymi bogactwami i&nbsp;pot\u0119g\u0105 militarn\u0105 mo\u017ce pozwoli\u0107 na narzucenie swojej woli ludziom \u017cyj\u0105cym na Ziemi, ale wojny o&nbsp;Uk\u0142ad S\u0142oneczny nie mo\u017cna wygra\u0107 bez zabezpieczenia r\u00f3wnie\u017c region\u00f3w zawieraj\u0105cych infrastruktur\u0119 kosmiczn\u0105.<br \/>\n\u2022 Wprowadzaj swoj\u0105 wol\u0119 w \u017cycie za po\u015brednictwem rady z\u0142o\u017conej z&nbsp;polityk\u00f3w, naukowc\u00f3w i&nbsp;agent\u00f3w wys\u0142anych na ca\u0142y \u015bwiat (a nawet w kosmos). Pocz\u0105tkowe zdolno\u015bci tych doradc\u00f3w b\u0119d\u0105 ulepszane poprzez zdobywanie do\u015bwiadczenia i&nbsp;przejmowanie kontroli nad pot\u0119\u017cnymi organizacjami, takimi jak agencje wywiadowcze lub&nbsp;bogate korporacje. Weteran wojskowy mo\u017ce by\u0107 doskona\u0142ym dow\u00f3dc\u0105 dla zespo\u0142u taktycznego pod kierownictwem rady, a&nbsp;do\u015bwiadczony dyplomata b\u0119dzie pracowa\u0107 nad zapewnieniem \u015brodk\u00f3w finansowych potrzebnych do odparcia inwazji obcych.<br \/>\n\u2022 Szukaj podobnie my\u015bl\u0105cych narod\u00f3w i&nbsp;polityk\u00f3w oraz&nbsp;podejmuj dzia\u0142ania maj\u0105ce na celu nawr\u00f3cenie wyznawc\u00f3w przeciwnych ideologii. Opinia publiczna jest modelowana wzd\u0142u\u017c wielu osi \u2013 kult obcych prowadzony przez S\u0142ug i&nbsp;poparcie Protektoratu dla wynegocjowanej kapitulacji mog\u0105 by\u0107 w du\u017cej mierze zbie\u017cne pod wzgl\u0119dem poparcia lub&nbsp;sprzeciwu wobec obcych, ale wydarzenia, kt\u00f3re pokazuj\u0105, \u017ce obcych mo\u017cna pokona\u0107, mog\u0105 potencjalnie przekona\u0107 zwolennik\u00f3w Protektoratu, \u017ce op\u00f3r jest realnym wyborem.<\/p>\n<p>OSIEDLAJ SI\u0118 W DYNAMICZNIE ZMIENIAJ\u0104CYM SI\u0118 UK\u0141ADZIE S\u0141ONECZNYM<br \/>\nTerra Invicta wype\u0142nia luk\u0119 pomi\u0119dzy naszym wsp\u00f3\u0142czesnym \u015bwiatem a&nbsp;ogromnymi mi\u0119dzygwiezdnymi imperiami w innych kosmicznych grach strategicznych. Tu musisz postawi\u0107 pierwsze kroki ludzko\u015bci w kolonizacji naszego Uk\u0142adu S\u0142onecznego, gdzie ponad 300 asteroid, ksi\u0119\u017cyc\u00f3w i&nbsp;planet jest w ci\u0105g\u0142ym ruchu, tworz\u0105c ci\u0105gle zmieniaj\u0105c\u0105 si\u0119, dynamiczn\u0105 map\u0119 strategiczn\u0105.<br \/>\n\u2022 Zabierz swoj\u0105 frakcj\u0119 poza granice Ziemi, buduj\u0105c stacje kosmiczne pe\u0142ni\u0105ce rol\u0119 stoczni i&nbsp;magazyn\u00f3w paliwa, buduj\u0105c stacje g\u00f3rnicze do pozyskiwania zaawansowanych zasob\u00f3w oraz&nbsp;zak\u0142adaj\u0105c bazy s\u0142u\u017c\u0105ce jako o\u015brodki badawcze lub&nbsp;konstrukcyjne. Terra Invicta przybli\u017ca strategiczn\u0105 geografi\u0119 Uk\u0142adu S\u0142onecznego, prezentuj\u0105c przestrze\u0144 kosmiczn\u0105 nie jako szereg odizolowanych gwiazd, do kt\u00f3rych rozkazujesz jednostkom si\u0119 przemieszcza\u0107, lecz&nbsp;jako bogaty i&nbsp;zr\u00f3\u017cnicowany krajobraz asteroid, ksi\u0119\u017cyc\u00f3w, planet kar\u0142owatych, gazowych olbrzym\u00f3w i&nbsp;innych cia\u0142 niebieskich, tworz\u0105cych teren i&nbsp;mo\u017cliwo\u015bci taktyczne na ka\u017cdym kroku.<br \/>\n\u2022 Obszerna mapa ulega ci\u0105g\u0142ym zmianom, gdy cia\u0142a niebieskie okr\u0105\u017caj\u0105 S\u0142o\u0144ce. Oznacza to, \u017ce twoje stacje kosmiczne i&nbsp;bazy operacyjne s\u0105 w ci\u0105g\u0142ym ruchu, co zmusza ci\u0119 do planowania i&nbsp;dostosowywania si\u0119 do dynamicznych okoliczno\u015bci \u2013 twoje kolonie na ksi\u0119\u017cycach Jowisza mog\u0105 odkry\u0107, \u017ce niegdy\u015b odleg\u0142a plac\u00f3wka wojskowa obcych lub&nbsp;prywatna baza Inicjatywy sta\u0142a si\u0119 nagle bliskim s\u0105siadem.<\/p>\n<p>PO\u0141\u0104CZENIE ZAAWNSOWANEGO SCIENCE-FICTION ZE STRATEGI\u0104<br \/>\nTerra Invicta bada to, co mog\u0142oby nast\u0105pi\u0107 \u2013 jak mog\u0142yby funkcjonowa\u0107 kolonie na Marsie, jakie silniki mog\u0142yby nap\u0119dza\u0107 nasze statki kosmiczne, a&nbsp;tak\u017ce jak m\u00f3g\u0142by wygl\u0105da\u0107 charakter kolonizacji kosmosu i&nbsp;dzia\u0142a\u0144 wojennych. Gracze mog\u0105 za\u0142o\u017cy\u0107 baz\u0119 g\u00f3rnicz\u0105 na asteroidzie 16 Psyche po tym, jak zauwa\u017c\u0105, \u017ce jest ona bogata w metale \u2013 a&nbsp;nast\u0119pnie dowiedz\u0105 si\u0119, \u017ce w naszym \u015bwiecie NASA planuje misj\u0119 Psyche z&nbsp;tego samego powodu.<br \/>\n\u2022 Eksploracja, a&nbsp;nast\u0119pnie kolonizacja przestrzeni kosmicznej b\u0119dzie wymaga\u0142a dost\u0119pu do wielu zasob\u00f3w: wody do podtrzymywania \u017cycia i&nbsp;nap\u0119dzania silnik\u00f3w, metali do produkcji, materia\u0142\u00f3w rozszczepialnych do nap\u0119d\u00f3w i&nbsp;broni j\u0105drowej i&nbsp;innych rzeczy. Na pocz\u0105tku koniecznie b\u0119dzie zdobycie takich zasob\u00f3w na Ziemi i&nbsp;poniesienie wysokich koszt\u00f3w u\u017cycia rakiet, aby uciec ziemskiej grawitacji, ale z&nbsp;czasem coraz cz\u0119\u015bciej b\u0119dziesz polega\u0107 na wydobyciu z&nbsp;asteroid i&nbsp;innych \u015brodkach zapewniaj\u0105cych lokalne dostawy.<br \/>\n\u2022 Projekty statk\u00f3w kosmicznych w Terra Invicta s\u0105 owocem spekulacji naukowych i&nbsp;science fiction. Mo\u017cesz projektowa\u0107 w\u0142asne statki, wybieraj\u0105c spo\u015br\u00f3d szeregu broni, nap\u0119d\u00f3w i&nbsp;innych modu\u0142\u00f3w do umieszczenia na r\u00f3\u017cnych kad\u0142ubach, zapewniaj\u0105c ka\u017cdemu statkowi odpowiednie po\u0142\u0105czenie pojemno\u015bci paliwa, zwrotno\u015bci i&nbsp;innych mo\u017cliwo\u015bci.<br \/>\n\u2022 Walka taktyczna opiera si\u0119 na realistycznej symulacji fizyki newtonowskiej, gdzie p\u0119d i&nbsp;manewrowanie w przestrzeni tr\u00f3jwymiarowej s\u0105 r\u00f3wnie wa\u017cne jak si\u0142a ognia twoich statk\u00f3w. Wystrzeliwuj pociski i&nbsp;u\u017cywaj dzia\u0142ek obronnych, aby niszczy\u0107 nadlatuj\u0105ce pociski; nabierz rozp\u0119du, a&nbsp;nast\u0119pnie mocno obr\u00f3\u0107 statek, aby ustawi\u0107 wroga pod salw\u0119 z&nbsp;dzia\u0142 lub&nbsp;podejmij trudn\u0105 decyzj\u0119 o&nbsp;schowaniu ch\u0142odnic i&nbsp;po\u015bwi\u0119ceniu rozpraszania ciep\u0142a, aby uzyska\u0107 lepszy pancerz przed nadci\u0105gaj\u0105c\u0105 salw\u0105 wroga.<\/p>\n<p>GRA STWORZONA DO MOD\u00d3W<br \/>\nTerra Invicta zosta\u0142a stworzona pod k\u0105tem wspierania mod\u00f3w \u2013 znaczna cz\u0119\u015b\u0107 gry jest dost\u0119pna dla modder\u00f3w bez konieczno\u015bci znajomo\u015bci programowania. Mamy nadziej\u0119, \u017ce lokalizacja, jak\u0105 jest Uk\u0142ad S\u0142oneczny i&nbsp;symulacja geopolityki b\u0119d\u0105 stanowi\u0107 u\u017cyteczne \u015brodowisko dla modder\u00f3w do realizacji ich w\u0142asnych kreatywnych wizji.<\/p>\n<p>Dlaczego wczesny dost\u0119p?<br \/>\nTerra Invicta to ambitna gra z&nbsp;gatunku grand strategy, kt\u00f3ra mo\u017ce zosta\u0107 ulepszona dzi\u0119ki d\u0142ugiemu okresowi test\u00f3w, wsparcia i&nbsp;rozbudowy we wczesnym dost\u0119pie. Gry grand strategy s\u0105 z\u0142o\u017cone, a&nbsp;opinie graczy s\u0105 kluczowe. Mamy do\u015bwiadczenie we wsp\u00f3\u0142pracy ze spo\u0142eczno\u015bci\u0105 z&nbsp;czas\u00f3w tworzenia mod\u00f3w Long War i&nbsp;nie mo\u017cemy si\u0119 doczeka\u0107, aby wsp\u00f3lnie ulepszy\u0107 Terra Invicta.<\/p>\n<p>Jak d\u0142ugo w przybli\u017ceniu gra b\u0119dzie we wczesnym dost\u0119pie?<br \/>\nTerra Invicta pozostanie we wczesnym dost\u0119pie przez co najmniej kilka miesi\u0119cy, a&nbsp;nawet d\u0142u\u017cej, w zale\u017cno\u015bci od tego, jak projekt rozwinie si\u0119 pod wp\u0142ywem opinii graczy.<\/p>\n<p>Jak pe\u0142na wersja b\u0119dzie r\u00f3\u017cni\u0107 si\u0119 od wczesnego dost\u0119pu?<br \/>\nAktualna kompilacja obejmuje kompletn\u0105 gr\u0119 dla wszystkich 7 frakcji. Celem wczesnego dost\u0119pu b\u0119dzie dalsze dopracowanie symulacji geopolityki i&nbsp;eksploracji Uk\u0142adu S\u0142onecznego, zapewnianie lepszych wra\u017ce\u0144 strategicznych i&nbsp;zwi\u0119kszanie si\u0142y SI oraz&nbsp;og\u00f3lne naprawienie problem\u00f3w i&nbsp;b\u0142\u0119d\u00f3w. Planujemy doda\u0107 troch\u0119 zawarto\u015bci, ale zdecydowana wi\u0119kszo\u015b\u0107 gry jest ju\u017c dost\u0119pna.<\/p>\n<p>Jaki jest aktualny stan wczesnego dost\u0119pu?<br \/>\nWersja wczesnego dost\u0119pu jest w pe\u0142ni grywalna i&nbsp;zawiera rozgrywk\u0119 opisan\u0105 na stronie Steam. Istniej\u0105 jednak&nbsp;problemy z&nbsp;balansem &#8211; dostarczyli\u015bmy narz\u0119dzia rozgrywki, kt\u00f3re s\u0105 zbyt skuteczne w stosunku do ich kosztu lub&nbsp;nie s\u0105 wystarczaj\u0105co skuteczne. Dajcie nam o&nbsp;nich zna\u0107, a&nbsp;my je poprawimy. Z pewno\u015bci\u0105 wyst\u0119puj\u0105 jakie\u015b b\u0142\u0119dy, gra r\u00f3wnie\u017c mo\u017ce wyrzuca\u0107 do pulpitu, ale z&nbsp;wasz\u0105 pomoc\u0105 na pewno je odkryjemy i&nbsp;naprawimy. B\u0119dzie jeszcze wi\u0119cej zawarto\u015bci \u2013 w szczeg\u00f3lno\u015bci ilustracji do wydarze\u0144 i&nbsp;utwor\u00f3w muzycznych. Chcieliby\u015bmy r\u00f3wnie\u017c doda\u0107 wi\u0119cej wydarze\u0144 i&nbsp;projekt\u00f3w.<br \/>\nPozosta\u0142e wersje j\u0119zykowe (poza angielsk\u0105) s\u0105 na etapie test\u00f3w i&nbsp;udoskonalania. Ilo\u015b\u0107 tekstu w grze wystarczy\u0142aby na kilka powie\u015bci i&nbsp;jeste\u015bmy \u015bwiadomi tego, \u017ce nadal b\u0119d\u0105 wyst\u0119powa\u0107 problemy \u2013 b\u0119dziemy pracowa\u0107 nad ich naprawieniem i&nbsp;ulepszeniem jako\u015bci t\u0142umacze\u0144. Prosimy o&nbsp;cierpliwo\u015b\u0107.<br \/>\nZesp\u00f3\u0142 deweloperski ci\u0119\u017cko pracuje nad implementacj\u0105 Steam Workshop i&nbsp;opcji modowania, kt\u00f3re pojawi\u0105 si\u0119 bardzo szybko we wczesnym dost\u0119pie.<\/p>\n<p>Czy gra b\u0119dzie mia\u0142a inn\u0105 cen\u0119 w trakcie, jak i&nbsp;po wczesnym dost\u0119pie?<br \/>\nCena mo\u017ce wzrosn\u0105\u0107 w trakcie lub&nbsp;po zako\u0144czeniu wczesnego dost\u0119pu, gdy prace nad wsparciem i&nbsp;rozbudow\u0105 gry b\u0119d\u0105 kontynuowane.<\/p>\n<p>W jaki spos\u00f3b planujecie zaanga\u017cowa\u0107 Spo\u0142eczno\u015b\u0107 w proces tworzenia gry?<br \/>\nB\u0119dziemy monitorowa\u0107 nasz Discord i&nbsp;fora Steam pod k\u0105tem opinii i&nbsp;sugestii graczy. Doceniamy wszystkie pomys\u0142y, zg\u0142oszenia b\u0142\u0119d\u00f3w i&nbsp;do\u015bwiadczenia graczy oraz&nbsp;nie mo\u017cemy si\u0119 doczeka\u0107, aby wsp\u00f3lnie uczyni\u0107 Terra Invicta lepsz\u0105 gr\u0105.<\/p>\n<p><\/p>","protected":false},"excerpt":{"rendered":"<p>Wykryto sond\u0119 pozaziemsk\u0105 zbli\u017caj\u0105c\u0105 si\u0119 do Ziemi. Nieznana ludzko\u015bci obca si\u0142a przyby\u0142a w odleg\u0142e rejony lodowego Pasa Kuipera i&nbsp;rozpocz\u0119\u0142a wydobycie na planecie kar\u0142owatej, aby przygotowa\u0107 si\u0119 do inwazji. Ziemskie narody nie s\u0105 w stanie zjednoczy\u0107 si\u0119, aby wsp\u00f3lnie opracowa\u0107 plan na przybycie obcych, wi\u0119c&nbsp;tworz\u0105 si\u0119 mi\u0119dzynarodowe grupy lider\u00f3w politycznych, wojskowych i&nbsp;naukowych o&nbsp;podobnych pogl\u0105dach, by opracowa\u0107 [&hellip;]<\/p>\n","protected":false},"featured_media":662255,"comment_status":"closed","ping_status":"closed","template":"","meta":{"ub_ctt_via":""},"product_cat":[229,246,78,222],"product_tag":[218],"class_list":["post-661249","product","type-product","status-publish","has-post-thumbnail","hentry","product_cat-early-access","product_cat-grand-strategy","product_cat-simulation","product_cat-strategy","product_tag-games","platform-steam-works"],"_links":{"self":[{"href":"https:\/\/neuvee.com\/pl\/wp-json\/wp\/v2\/product\/661249","targetHints":{"allow":["GET"]}}],"collection":[{"href":"https:\/\/neuvee.com\/pl\/wp-json\/wp\/v2\/product"}],"about":[{"href":"https:\/\/neuvee.com\/pl\/wp-json\/wp\/v2\/types\/product"}],"replies":[{"embeddable":true,"href":"https:\/\/neuvee.com\/pl\/wp-json\/wp\/v2\/comments?post=661249"}],"wp:featuredmedia":[{"embeddable":true,"href":"https:\/\/neuvee.com\/pl\/wp-json\/wp\/v2\/media\/662255"}],"wp:attachment":[{"href":"https:\/\/neuvee.com\/pl\/wp-json\/wp\/v2\/media?parent=661249"}],"wp:term":[{"taxonomy":"product_cat","embeddable":true,"href":"https:\/\/neuvee.com\/pl\/wp-json\/wp\/v2\/product_cat?post=661249"},{"taxonomy":"product_tag","embeddable":true,"href":"https:\/\/neuvee.com\/pl\/wp-json\/wp\/v2\/product_tag?post=661249"}],"curies":[{"name":"wp","href":"https:\/\/api.w.org\/{rel}","templated":true}]}}