{"id":661244,"date":"2023-06-21T23:46:44","date_gmt":"2023-06-21T23:46:44","guid":{"rendered":"https:\/\/neuvee.com\/?post_type=product&#038;p=661244"},"modified":"2025-05-19T13:40:47","modified_gmt":"2025-05-19T13:40:47","slug":"telling-lies-5","status":"publish","type":"product","link":"https:\/\/neuvee.com\/pl\/product\/telling-lies-5\/","title":{"rendered":"TELLING LIES"},"content":{"rendered":"<p>Gra o&nbsp;rozmowach prywatnych.<\/p>\n<p>\u201eTelling Lies\u201d to nowa gra wideo Sama Barlowa, tw\u00f3rcy \u201eHer Story\u201d i&nbsp;\u201eSilent Hill: Shattered Memories\u201d. Telling Lies to thriller \u015bledczy z&nbsp;nieliniowym stylem przedstawiania fabu\u0142y. Skupia si\u0119 na nagranych potajemnie rozmowach. W bohater\u00f3w wcielaj\u0105 si\u0119: Logan Marshall-Green, Alexandra Shipp, Kerry Bish\u00e9 i&nbsp;Angela Sarafyan.<\/p>\n<p>Jak to wygl\u0105da?<br \/>\n\u201eTelling Lies\u201d sadza gracza przed nieznanym laptopem, na kt\u00f3rym znajduje si\u0119 skradziona baza nagra\u0144 wywiadu. Nagrania pokazuj\u0105 dwa lata z&nbsp;\u017cycia prywatnego czterech os\u00f3b, kt\u00f3re \u0142\u0105czy pewien szokuj\u0105cy incydent. Przeszukuj baz\u0119 danych, wpisuj\u0105c wybrane s\u0142owa, i&nbsp;ogl\u0105daj nagrania, w kt\u00f3rych te s\u0142owa padaj\u0105, aby ostatecznie posk\u0142ada\u0107 wszystko w sp\u00f3jn\u0105 ca\u0142o\u015b\u0107.<\/p>\n<p>\u201eTelling Lies\u201d to co\u015b dot\u0105d niespotykanego. Zapewnia intymne, pe\u0142ne napi\u0119cia do\u015bwiadczenie. Poznaj gr\u0119, w kt\u00f3rej to ty decydujesz, jak wygl\u0105da prawda.<\/p>\n<p><\/p>","protected":false},"excerpt":{"rendered":"<p>Gra o&nbsp;rozmowach prywatnych. \u201eTelling Lies\u201d to nowa gra wideo Sama Barlowa, tw\u00f3rcy \u201eHer Story\u201d i&nbsp;\u201eSilent Hill: Shattered Memories\u201d. Telling Lies to thriller \u015bledczy z&nbsp;nieliniowym stylem przedstawiania fabu\u0142y. Skupia si\u0119 na nagranych potajemnie rozmowach. W bohater\u00f3w wcielaj\u0105 si\u0119: Logan Marshall-Green, Alexandra Shipp, Kerry Bish\u00e9 i&nbsp;Angela Sarafyan. Jak to wygl\u0105da? \u201eTelling Lies\u201d sadza gracza przed nieznanym laptopem, [&hellip;]<\/p>\n","protected":false},"featured_media":661847,"comment_status":"closed","ping_status":"closed","template":"","meta":{"ub_ctt_via":""},"product_cat":[127,221,78],"product_tag":[218],"class_list":["post-661244","product","type-product","status-publish","has-post-thumbnail","hentry","product_cat-adventure","product_cat-indie","product_cat-simulation","product_tag-games","platform-steam-works"],"_links":{"self":[{"href":"https:\/\/neuvee.com\/pl\/wp-json\/wp\/v2\/product\/661244","targetHints":{"allow":["GET"]}}],"collection":[{"href":"https:\/\/neuvee.com\/pl\/wp-json\/wp\/v2\/product"}],"about":[{"href":"https:\/\/neuvee.com\/pl\/wp-json\/wp\/v2\/types\/product"}],"replies":[{"embeddable":true,"href":"https:\/\/neuvee.com\/pl\/wp-json\/wp\/v2\/comments?post=661244"}],"wp:featuredmedia":[{"embeddable":true,"href":"https:\/\/neuvee.com\/pl\/wp-json\/wp\/v2\/media\/661847"}],"wp:attachment":[{"href":"https:\/\/neuvee.com\/pl\/wp-json\/wp\/v2\/media?parent=661244"}],"wp:term":[{"taxonomy":"product_cat","embeddable":true,"href":"https:\/\/neuvee.com\/pl\/wp-json\/wp\/v2\/product_cat?post=661244"},{"taxonomy":"product_tag","embeddable":true,"href":"https:\/\/neuvee.com\/pl\/wp-json\/wp\/v2\/product_tag?post=661244"}],"curies":[{"name":"wp","href":"https:\/\/api.w.org\/{rel}","templated":true}]}}