{"id":661225,"date":"2023-06-21T23:23:49","date_gmt":"2023-06-21T23:23:49","guid":{"rendered":"https:\/\/neuvee.com\/?post_type=product&#038;p=661225"},"modified":"2025-05-19T13:47:54","modified_gmt":"2025-05-19T13:47:54","slug":"tchia-oleti-edition-4","status":"publish","type":"product","link":"https:\/\/neuvee.com\/pl\/product\/tchia-oleti-edition-4\/","title":{"rendered":"TCHIA: OL\u00c9TI EDITION"},"content":{"rendered":"<p>\u201eOl\u00e9ti\u201d oznacza \u201edzi\u0119kuj\u0119\u201d w drehu, j\u0119zyku z&nbsp;Nowej Kaledonii.<\/p>\n<p>Tchia: Ol\u00e9ti Edition zawiera podstawow\u0105 wersj\u0119 gry Tchia oraz&nbsp;Kepler Customization Pack czyli&nbsp;cztery zestawy kostium\u00f3w dla Tchii oraz&nbsp;cztery pakiety personalizacji \u0142odzi inspirowane innymi tytu\u0142ami z&nbsp;katalogu Kepler:<\/p>\n<p>\u00b7 Zestaw kostium\u00f3w Sifu<br \/>\n\u00b7 Zestaw personalizacji \u0142odzi Sifu<br \/>\n\u00b7 Zestaw personalizacji lotni Sifu<br \/>\n\u00b7 Zestaw personalizacji ukulele Sifu<br \/>\n\u00b7 Zestaw kostium\u00f3w Scorn<br \/>\n\u00b7 Zestaw personalizacji \u0142odzi Scorn<br \/>\n\u00b7 Zestaw personalizacji lotni Scorn<br \/>\n\u00b7 Zestaw personalizacji ukulele Scorn<br \/>\n\u00b7 Zestaw kostium\u00f3w Cat Quest<br \/>\n\u00b7 Zestaw personalizacji \u0142odzi Cat Quest<br \/>\n\u00b7 Zestaw personalizacji lotni Cat Quest<br \/>\n\u00b7 Zestaw personalizacji ukulele Cat Quest<br \/>\n\u00b7 Zestaw kostium\u00f3w Flintlock<br \/>\n\u00b7 Zestaw personalizacji \u0142odzi Flintlock<br \/>\n\u00b7 Zestaw personalizacji lotni Flintlock<br \/>\n\u00b7 Zestaw personalizacji ukulele Flintlock<\/p>\n<p>*Wszystkie zestawy kostium\u00f3w zawieraj\u0105 fryzur\u0119, makija\u017c, str\u00f3j i&nbsp;plecak. Wszystkie pakiety \u0142odzi zawieraj\u0105 flag\u0119, \u017cagiel i&nbsp;podstaw\u0119.<\/p>\n<p>Cat Quest \u00a92017. &#8222;Cat Quest&#8221; is a&nbsp;trademark of The Gentlebros Pte. Ltd. Sifu \u00a92022 Sloclap SAS. &#8222;Sifu&#8221; is a&nbsp;trademark of Sloclap SAS. Scorn \u00a92022 Ebb Software D.o.o. &#8222;Scorn&#8221; is a&nbsp;trademark of Ebb Software GmbH. Flintlock \u00a92023 A44 Games Limited. &#8222;Flintlock&#8221; is a&nbsp;trademark of A44 Games Limited. All rights reserved by the respective IP owners.<\/p>\n<p>Tchia<\/p>\n<p>Do\u0142\u0105cz do Tchii podczas jej tropikalnej przygody w otwartym \u015bwiecie, w trakcie kt\u00f3rej musi uratowa\u0107 ojca z&nbsp;r\u0105k okrutnego tyrana Meavora, w\u0142adcy archipelagu. Wspinaj si\u0119, szybuj, p\u0142ywaj oraz&nbsp;\u017cegluj \u0142odzi\u0105 po pi\u0119knych wyspach, odkrywaj\u0105c otwarty \u015bwiat, oparty na zaawansowanym modelu fizycznym. Zmierz si\u0119 w otwartych starciach z&nbsp;tkaninowymi \u017co\u0142nierzami stworzonymi przez Meavor\u0119, w kt\u00f3rych w\u0142asna kreatywno\u015b\u0107 daje ci przewag\u0119. Przejmij kontrol\u0119 nad ka\u017cdym zwierz\u0119ciem lub&nbsp;obiektem, na jaki natrafisz. Poznaj nowych przyjaci\u00f3\u0142 i&nbsp;graj na ukulele. Oto poetycka opowie\u015b\u0107 o&nbsp;dojrzewaniu, inspirowana Now\u0105 Kaledoni\u0105.<\/p>\n<p><\/p>","protected":false},"excerpt":{"rendered":"<p>\u201eOl\u00e9ti\u201d oznacza \u201edzi\u0119kuj\u0119\u201d w drehu, j\u0119zyku z&nbsp;Nowej Kaledonii. Tchia: Ol\u00e9ti Edition zawiera podstawow\u0105 wersj\u0119 gry Tchia oraz&nbsp;Kepler Customization Pack czyli&nbsp;cztery zestawy kostium\u00f3w dla Tchii oraz&nbsp;cztery pakiety personalizacji \u0142odzi inspirowane innymi tytu\u0142ami z&nbsp;katalogu Kepler: \u00b7 Zestaw kostium\u00f3w Sifu \u00b7 Zestaw personalizacji \u0142odzi Sifu \u00b7 Zestaw personalizacji lotni Sifu \u00b7 Zestaw personalizacji ukulele Sifu \u00b7 Zestaw kostium\u00f3w [&hellip;]<\/p>\n","protected":false},"featured_media":661425,"comment_status":"closed","ping_status":"closed","template":"","meta":{"ub_ctt_via":""},"product_cat":[88,127,221],"product_tag":[218],"class_list":["post-661225","product","type-product","status-publish","has-post-thumbnail","hentry","product_cat-action","product_cat-adventure","product_cat-indie","product_tag-games","platform-epic-game-store"],"_links":{"self":[{"href":"https:\/\/neuvee.com\/pl\/wp-json\/wp\/v2\/product\/661225","targetHints":{"allow":["GET"]}}],"collection":[{"href":"https:\/\/neuvee.com\/pl\/wp-json\/wp\/v2\/product"}],"about":[{"href":"https:\/\/neuvee.com\/pl\/wp-json\/wp\/v2\/types\/product"}],"replies":[{"embeddable":true,"href":"https:\/\/neuvee.com\/pl\/wp-json\/wp\/v2\/comments?post=661225"}],"wp:featuredmedia":[{"embeddable":true,"href":"https:\/\/neuvee.com\/pl\/wp-json\/wp\/v2\/media\/661425"}],"wp:attachment":[{"href":"https:\/\/neuvee.com\/pl\/wp-json\/wp\/v2\/media?parent=661225"}],"wp:term":[{"taxonomy":"product_cat","embeddable":true,"href":"https:\/\/neuvee.com\/pl\/wp-json\/wp\/v2\/product_cat?post=661225"},{"taxonomy":"product_tag","embeddable":true,"href":"https:\/\/neuvee.com\/pl\/wp-json\/wp\/v2\/product_tag?post=661225"}],"curies":[{"name":"wp","href":"https:\/\/api.w.org\/{rel}","templated":true}]}}