{"id":660732,"date":"2023-06-21T18:09:00","date_gmt":"2023-06-21T18:09:00","guid":{"rendered":"https:\/\/neuvee.com\/?post_type=product&#038;p=660732"},"modified":"2025-05-19T13:42:41","modified_gmt":"2025-05-19T13:42:41","slug":"superfuse-supporter-edition-3","status":"publish","type":"product","link":"https:\/\/neuvee.com\/pl\/product\/superfuse-supporter-edition-3\/","title":{"rendered":"SUPERFUSE SUPPORTER EDITION"},"content":{"rendered":"<p>Ten pakiet zawiera edycj\u0119 Superfuse za wsparcie, obejmuj\u0105c\u0105 oryginaln\u0105 \u015bcie\u017ck\u0119 d\u017awi\u0119kow\u0105 skomponowan\u0105 przez Michaela McCanna oraz&nbsp;przedmioty w grze, kt\u00f3re b\u0119d\u0105 dost\u0119pne po wydaniu pe\u0142nej wersji gry.<\/p>\n<p>Oryginalna \u015bcie\u017cka d\u017awi\u0119kowa z&nbsp;gry Superfuse<br \/>\nNapawaj si\u0119 atmosferycznymi, dystopijnymi d\u017awi\u0119kami w klimacie science fiction autorstwa kompozytora Michaela McCanna, znanego z&nbsp;pracy nad Deus Ex: Bunt ludzko\u015bci, Tom Clancy&#8217;s Splinter Cell: Double Agent i&nbsp;Borderlands 3.<\/p>\n<p>Wyj\u0105tkowy zwierzak z&nbsp;edycji za wsparcie<br \/>\nTen s\u0142odziak raczej nie pomo\u017ce ci w bitwie, ale na pewno nie odst\u0105pi ci\u0119 na krok, bez wzgl\u0119du na to, czy akurat jeste\u015b w wirze walki, czy relaksujesz si\u0119 w Eros. Ta nagroda zostanie przyznana po zako\u0144czeniu fazy wczesnego dost\u0119pu.<\/p>\n<p>Wyj\u0105tkowa peleryna z&nbsp;edycji za wsparcie<br \/>\nModna peleryna, kt\u00f3r\u0105 mo\u017ce przywdzia\u0107 ka\u017cdy egzekutor w grze, jest doskona\u0142ym dope\u0142nieniem dowolnego stroju. Ten przedmiot b\u0119dzie dost\u0119pny po zako\u0144czeniu fazy wczesnego dost\u0119pu.<\/p>\n<p>Superfuse to RPG akcji typu hack-and-slash z&nbsp;mo\u017cliwo\u015bci\u0105 szczeg\u00f3\u0142owego dostosowania bohatera do w\u0142asnego stylu gry. Dowolnie wybieraj i&nbsp;\u0142\u0105cz umiej\u0119tno\u015bci, niszcz hordy groteskowych postaci samodzielnie lub&nbsp;z&nbsp;nawet trojgiem znajomych i&nbsp;odkryj sekrety zepsucia i&nbsp;bog\u00f3w.<\/p>\n<p>Ludzko\u015b\u0107 potrzebuje nadziei \u2013 zosta\u0144 bohaterem!<\/p>\n<p><\/p>","protected":false},"excerpt":{"rendered":"<p>Ten pakiet zawiera edycj\u0119 Superfuse za wsparcie, obejmuj\u0105c\u0105 oryginaln\u0105 \u015bcie\u017ck\u0119 d\u017awi\u0119kow\u0105 skomponowan\u0105 przez Michaela McCanna oraz&nbsp;przedmioty w grze, kt\u00f3re b\u0119d\u0105 dost\u0119pne po wydaniu pe\u0142nej wersji gry. Oryginalna \u015bcie\u017cka d\u017awi\u0119kowa z&nbsp;gry Superfuse Napawaj si\u0119 atmosferycznymi, dystopijnymi d\u017awi\u0119kami w klimacie science fiction autorstwa kompozytora Michaela McCanna, znanego z&nbsp;pracy nad Deus Ex: Bunt ludzko\u015bci, Tom Clancy&#8217;s Splinter Cell: [&hellip;]<\/p>\n","protected":false},"featured_media":660923,"comment_status":"closed","ping_status":"closed","template":"","meta":{"ub_ctt_via":""},"product_cat":[229,88],"product_tag":[218],"class_list":["post-660732","product","type-product","status-publish","has-post-thumbnail","hentry","product_cat-early-access","product_cat-action","product_tag-games","platform-steam-works"],"_links":{"self":[{"href":"https:\/\/neuvee.com\/pl\/wp-json\/wp\/v2\/product\/660732","targetHints":{"allow":["GET"]}}],"collection":[{"href":"https:\/\/neuvee.com\/pl\/wp-json\/wp\/v2\/product"}],"about":[{"href":"https:\/\/neuvee.com\/pl\/wp-json\/wp\/v2\/types\/product"}],"replies":[{"embeddable":true,"href":"https:\/\/neuvee.com\/pl\/wp-json\/wp\/v2\/comments?post=660732"}],"wp:featuredmedia":[{"embeddable":true,"href":"https:\/\/neuvee.com\/pl\/wp-json\/wp\/v2\/media\/660923"}],"wp:attachment":[{"href":"https:\/\/neuvee.com\/pl\/wp-json\/wp\/v2\/media?parent=660732"}],"wp:term":[{"taxonomy":"product_cat","embeddable":true,"href":"https:\/\/neuvee.com\/pl\/wp-json\/wp\/v2\/product_cat?post=660732"},{"taxonomy":"product_tag","embeddable":true,"href":"https:\/\/neuvee.com\/pl\/wp-json\/wp\/v2\/product_tag?post=660732"}],"curies":[{"name":"wp","href":"https:\/\/api.w.org\/{rel}","templated":true}]}}