{"id":660729,"date":"2023-06-21T18:07:07","date_gmt":"2023-06-21T18:07:07","guid":{"rendered":"https:\/\/neuvee.com\/?post_type=product&#038;p=660729"},"modified":"2025-05-19T14:12:19","modified_gmt":"2025-05-19T14:12:19","slug":"superfuse-soundtrack","status":"publish","type":"product","link":"https:\/\/neuvee.com\/pl\/product\/superfuse-soundtrack\/","title":{"rendered":"SUPERFUSE SOUNDTRACK"},"content":{"rendered":"<p>Oficjalna \u015bcie\u017cka d\u017awi\u0119kowa Superfuse to 16 utwor\u00f3w autorstwa nagradzanego kompozytora Michaela McCanna, kt\u00f3ry jest znany z&nbsp;pracy nad Deus Ex: Bunt ludzko\u015bci, Tom Clancy&#8217;s Splinter Cell: Double Agent i&nbsp;Borderlands 3.<br \/>\nW tej \u015bcie\u017cce d\u017awi\u0119kowej Michael McCann tworzy atmosferyczny, dystopijny klimat science fiction, kt\u00f3ry doskonale oddaje nastr\u00f3j Eros. Podkr\u0119\u0107 g\u0142o\u015bno\u015b\u0107 i&nbsp;daj si\u0119 ponie\u015b\u0107 muzyce, gdy rozpruwasz wrog\u00f3w, \u0142\u0105czysz umiej\u0119tno\u015bci lub&nbsp;robisz co\u015b zupe\u0142nie niezwi\u0105zanego z&nbsp;gr\u0105.<\/p>\n<p>TRACK LISTING<br \/>\n1 Enforcers 1:40<br \/>\n2 Welcome to Eros 2:52<br \/>\n3 Edge of Space 3:48<br \/>\n4 Blockade 4:47<br \/>\n5 The Outer Rim 4:59<br \/>\n6 Quarantine 3:16<br \/>\n7 Solaris 2:10<br \/>\n8 The Conduit 4:05<br \/>\n9 Razor 4:06<br \/>\n10 Frozen 4:06<br \/>\n11 Avalanche 3:55<br \/>\n12 Prologue 1:50<br \/>\n13 The Foreman 2:44<br \/>\n14 The Corrupter 0:50<br \/>\n15 Early Hybrid Test (Bonus) 3:40<br \/>\n16 Early Industrial Test (Bonus) 2:34<\/p>","protected":false},"excerpt":{"rendered":"<p>Oficjalna \u015bcie\u017cka d\u017awi\u0119kowa Superfuse to 16 utwor\u00f3w autorstwa nagradzanego kompozytora Michaela McCanna, kt\u00f3ry jest znany z&nbsp;pracy nad Deus Ex: Bunt ludzko\u015bci, Tom Clancy&#8217;s Splinter Cell: Double Agent i&nbsp;Borderlands 3. W tej \u015bcie\u017cce d\u017awi\u0119kowej Michael McCann tworzy atmosferyczny, dystopijny klimat science fiction, kt\u00f3ry doskonale oddaje nastr\u00f3j Eros. Podkr\u0119\u0107 g\u0142o\u015bno\u015b\u0107 i&nbsp;daj si\u0119 ponie\u015b\u0107 muzyce, gdy rozpruwasz wrog\u00f3w, [&hellip;]<\/p>\n","protected":false},"featured_media":660829,"comment_status":"closed","ping_status":"closed","template":"","meta":{"ub_ctt_via":""},"product_cat":[229,88],"product_tag":[218],"class_list":["post-660729","product","type-product","status-publish","has-post-thumbnail","hentry","product_cat-early-access","product_cat-action","product_tag-games","platform-steam-works"],"_links":{"self":[{"href":"https:\/\/neuvee.com\/pl\/wp-json\/wp\/v2\/product\/660729","targetHints":{"allow":["GET"]}}],"collection":[{"href":"https:\/\/neuvee.com\/pl\/wp-json\/wp\/v2\/product"}],"about":[{"href":"https:\/\/neuvee.com\/pl\/wp-json\/wp\/v2\/types\/product"}],"replies":[{"embeddable":true,"href":"https:\/\/neuvee.com\/pl\/wp-json\/wp\/v2\/comments?post=660729"}],"wp:featuredmedia":[{"embeddable":true,"href":"https:\/\/neuvee.com\/pl\/wp-json\/wp\/v2\/media\/660829"}],"wp:attachment":[{"href":"https:\/\/neuvee.com\/pl\/wp-json\/wp\/v2\/media?parent=660729"}],"wp:term":[{"taxonomy":"product_cat","embeddable":true,"href":"https:\/\/neuvee.com\/pl\/wp-json\/wp\/v2\/product_cat?post=660729"},{"taxonomy":"product_tag","embeddable":true,"href":"https:\/\/neuvee.com\/pl\/wp-json\/wp\/v2\/product_tag?post=660729"}],"curies":[{"name":"wp","href":"https:\/\/api.w.org\/{rel}","templated":true}]}}