{"id":660728,"date":"2023-06-21T18:06:29","date_gmt":"2023-06-21T18:06:29","guid":{"rendered":"https:\/\/neuvee.com\/?post_type=product&#038;p=660728"},"modified":"2025-05-19T13:46:21","modified_gmt":"2025-05-19T13:46:21","slug":"superfuse-digital-items-pack","status":"publish","type":"product","link":"https:\/\/neuvee.com\/pl\/product\/superfuse-digital-items-pack\/","title":{"rendered":"SUPERFUSE DIGITAL ITEMS PACK"},"content":{"rendered":"<p>To jest pakiet przedmiot\u00f3w cyfrowych za wsparcie Superfuse, zawieraj\u0105cy przedmioty w grze dost\u0119pne wy\u0142\u0105cznie w edycji za wsparcie, kt\u00f3re zostan\u0105 przyznane po zako\u0144czeniu wczesnego dost\u0119pu. W sk\u0142ad pakietu wchodz\u0105:<\/p>\n<p>&#8211; Wyj\u0105tkowy zwierzak z&nbsp;edycji za wsparcie<br \/>\nTen s\u0142odziak raczej nie pomo\u017ce ci w bitwie, ale na pewno nie odst\u0105pi ci\u0119 na krok, bez wzgl\u0119du na to, czy akurat jeste\u015b w wirze walki, czy relaksujesz si\u0119 w Eros. Ta nagroda zostanie przyznana po zako\u0144czeniu fazy wczesnego dost\u0119pu. <\/p>\n<p>&#8211; Wyj\u0105tkowa peleryna z&nbsp;edycji za wsparcie<br \/>\nModna peleryna, kt\u00f3r\u0105 mo\u017ce przywdzia\u0107 ka\u017cdy egzekutor w grze, jest doskona\u0142ym dope\u0142nieniem dowolnego stroju. Ten przedmiot b\u0119dzie dost\u0119pny po zako\u0144czeniu fazy wczesnego dost\u0119pu.<br \/>\nSuperfuse to RPG akcji typu hack-and-slash z&nbsp;mo\u017cliwo\u015bci\u0105 szczeg\u00f3\u0142owego dostosowania bohatera do w\u0142asnego stylu gry. Dowolnie wybieraj i&nbsp;\u0142\u0105cz umiej\u0119tno\u015bci, niszcz hordy groteskowych postaci samodzielnie lub&nbsp;z&nbsp;nawet trojgiem znajomych i&nbsp;odkryj sekrety zepsucia i&nbsp;bog\u00f3w.<br \/>\nLudzko\u015b\u0107 potrzebuje nadziei \u2013 zosta\u0144 bohaterem!<\/p>\n<p><\/p>","protected":false},"excerpt":{"rendered":"<p>To jest pakiet przedmiot\u00f3w cyfrowych za wsparcie Superfuse, zawieraj\u0105cy przedmioty w grze dost\u0119pne wy\u0142\u0105cznie w edycji za wsparcie, kt\u00f3re zostan\u0105 przyznane po zako\u0144czeniu wczesnego dost\u0119pu. W sk\u0142ad pakietu wchodz\u0105: &#8211; Wyj\u0105tkowy zwierzak z&nbsp;edycji za wsparcie Ten s\u0142odziak raczej nie pomo\u017ce ci w bitwie, ale na pewno nie odst\u0105pi ci\u0119 na krok, bez wzgl\u0119du na to, [&hellip;]<\/p>\n","protected":false},"featured_media":661138,"comment_status":"closed","ping_status":"closed","template":"","meta":{"ub_ctt_via":""},"product_cat":[229,88],"product_tag":[218],"class_list":["post-660728","product","type-product","status-publish","has-post-thumbnail","hentry","product_cat-early-access","product_cat-action","product_tag-games","platform-steam-works"],"_links":{"self":[{"href":"https:\/\/neuvee.com\/pl\/wp-json\/wp\/v2\/product\/660728","targetHints":{"allow":["GET"]}}],"collection":[{"href":"https:\/\/neuvee.com\/pl\/wp-json\/wp\/v2\/product"}],"about":[{"href":"https:\/\/neuvee.com\/pl\/wp-json\/wp\/v2\/types\/product"}],"replies":[{"embeddable":true,"href":"https:\/\/neuvee.com\/pl\/wp-json\/wp\/v2\/comments?post=660728"}],"wp:featuredmedia":[{"embeddable":true,"href":"https:\/\/neuvee.com\/pl\/wp-json\/wp\/v2\/media\/661138"}],"wp:attachment":[{"href":"https:\/\/neuvee.com\/pl\/wp-json\/wp\/v2\/media?parent=660728"}],"wp:term":[{"taxonomy":"product_cat","embeddable":true,"href":"https:\/\/neuvee.com\/pl\/wp-json\/wp\/v2\/product_cat?post=660728"},{"taxonomy":"product_tag","embeddable":true,"href":"https:\/\/neuvee.com\/pl\/wp-json\/wp\/v2\/product_tag?post=660728"}],"curies":[{"name":"wp","href":"https:\/\/api.w.org\/{rel}","templated":true}]}}