{"id":660726,"date":"2023-06-21T18:05:03","date_gmt":"2023-06-21T18:05:03","guid":{"rendered":"https:\/\/neuvee.com\/?post_type=product&#038;p=660726"},"modified":"2025-05-19T13:25:55","modified_gmt":"2025-05-19T13:25:55","slug":"superfuse-early-access-3","status":"publish","type":"product","link":"https:\/\/neuvee.com\/pl\/product\/superfuse-early-access-3\/","title":{"rendered":"SUPERFUSE &#8211; EARLY ACCESS"},"content":{"rendered":"<p>Informacje o&nbsp;grze<br \/>\nSuperfuse to RPG akcji typu hack-and-slash z&nbsp;mo\u017cliwo\u015bci\u0105 szczeg\u00f3\u0142owego dostosowania bohatera do w\u0142asnego stylu gry. Dowolnie wybieraj i&nbsp;\u0142\u0105cz umiej\u0119tno\u015bci, niszcz hordy groteskowych postaci samodzielnie lub&nbsp;z&nbsp;nawet trzema znajomymi i&nbsp;odkryj sekrety zepsucia i&nbsp;bog\u00f3w.<br \/>\nLudzko\u015b\u0107 potrzebuje nadziei \u2013 zosta\u0144 bohaterem!<\/p>\n<p>&#8211; Wybierz jedn\u0105 z&nbsp;trzech dost\u0119pnych klas postaci i&nbsp;\u0142\u0105cz rozmaite supermoce z&nbsp;rozbudowanego drzewka umiej\u0119tno\u015bci, tworz\u0105c wyj\u0105tkowego egzekutora odpowiadaj\u0105cego twojemu stylowi gry.<\/p>\n<p>&#8211; Zoptymalizuj swojego idealnego bohatera po\u0142\u0105czeniem pot\u0119\u017cnej broni, zaawansowanego pancerza i&nbsp;wzmocnie\u0144, kt\u00f3re znajdziesz przy zw\u0142okach u\u015bmierconych potwor\u00f3w.<\/p>\n<p>&#8211; Graj samodzielnie w trybie offline albo&nbsp;stw\u00f3rz bohatera do 4-osobowych sesji PvE, w kt\u00f3rych mo\u017cesz do\u0142\u0105cza\u0107 do innych lub&nbsp;opuszcza\u0107 rozgrywk\u0119 w dowolnym momencie. Stw\u00f3rz zesp\u00f3\u0142 idealny, kt\u00f3ry \u0142\u0105czy r\u00f3\u017cne supermoce.<\/p>\n<p>&#8211; Przemierzaj liczne gwiazdy, do kt\u00f3rych poprowadz\u0105 ci\u0119 kontrakty nios\u0105ce ze sob\u0105 zab\u00f3jcze wyzwania i&nbsp;niesamowite nagrody. <\/p>\n<p>&#8211; Tocz dynamiczne, ekscytuj\u0105ce walki, w kt\u00f3rych stawisz czo\u0142a hordom bezcielesnych bestii, pe\u0142zaj\u0105cych, ociekaj\u0105cych szlamem stwor\u00f3w i&nbsp;wrog\u00f3w odzianych w spandex.<\/p>\n<p>&#8211; Odkryj spisek wy\u017cszych sfer ludzko\u015bci i&nbsp;zwalcz obce zagro\u017cenie w mrocznej, inspirowanej komiksami przygodzie pe\u0142nej niuans\u00f3w i&nbsp;zwrot\u00f3w akcji.<\/p>\n<p><\/p>","protected":false},"excerpt":{"rendered":"<p>Informacje o&nbsp;grze Superfuse to RPG akcji typu hack-and-slash z&nbsp;mo\u017cliwo\u015bci\u0105 szczeg\u00f3\u0142owego dostosowania bohatera do w\u0142asnego stylu gry. Dowolnie wybieraj i&nbsp;\u0142\u0105cz umiej\u0119tno\u015bci, niszcz hordy groteskowych postaci samodzielnie lub&nbsp;z&nbsp;nawet trzema znajomymi i&nbsp;odkryj sekrety zepsucia i&nbsp;bog\u00f3w. Ludzko\u015b\u0107 potrzebuje nadziei \u2013 zosta\u0144 bohaterem! &#8211; Wybierz jedn\u0105 z&nbsp;trzech dost\u0119pnych klas postaci i&nbsp;\u0142\u0105cz rozmaite supermoce z&nbsp;rozbudowanego drzewka umiej\u0119tno\u015bci, tworz\u0105c wyj\u0105tkowego egzekutora odpowiadaj\u0105cego [&hellip;]<\/p>\n","protected":false},"featured_media":662083,"comment_status":"closed","ping_status":"closed","template":"","meta":{"ub_ctt_via":""},"product_cat":[229,88],"product_tag":[218],"class_list":["post-660726","product","type-product","status-publish","has-post-thumbnail","hentry","product_cat-early-access","product_cat-action","product_tag-games","platform-steam-works"],"_links":{"self":[{"href":"https:\/\/neuvee.com\/pl\/wp-json\/wp\/v2\/product\/660726","targetHints":{"allow":["GET"]}}],"collection":[{"href":"https:\/\/neuvee.com\/pl\/wp-json\/wp\/v2\/product"}],"about":[{"href":"https:\/\/neuvee.com\/pl\/wp-json\/wp\/v2\/types\/product"}],"replies":[{"embeddable":true,"href":"https:\/\/neuvee.com\/pl\/wp-json\/wp\/v2\/comments?post=660726"}],"wp:featuredmedia":[{"embeddable":true,"href":"https:\/\/neuvee.com\/pl\/wp-json\/wp\/v2\/media\/662083"}],"wp:attachment":[{"href":"https:\/\/neuvee.com\/pl\/wp-json\/wp\/v2\/media?parent=660726"}],"wp:term":[{"taxonomy":"product_cat","embeddable":true,"href":"https:\/\/neuvee.com\/pl\/wp-json\/wp\/v2\/product_cat?post=660726"},{"taxonomy":"product_tag","embeddable":true,"href":"https:\/\/neuvee.com\/pl\/wp-json\/wp\/v2\/product_tag?post=660726"}],"curies":[{"name":"wp","href":"https:\/\/api.w.org\/{rel}","templated":true}]}}