{"id":660671,"date":"2023-06-21T17:41:16","date_gmt":"2023-06-21T17:41:16","guid":{"rendered":"https:\/\/neuvee.com\/?post_type=product&#038;p=660671"},"modified":"2025-05-19T13:54:23","modified_gmt":"2025-05-19T13:54:23","slug":"storyteller-6","status":"publish","type":"product","link":"https:\/\/neuvee.com\/pl\/product\/storyteller-6\/","title":{"rendered":"STORYTELLER"},"content":{"rendered":"<p>Storyteller pozwala budowa\u0107 historie przy u\u017cyciu j\u0119zyka wizualnego. Celem ka\u017cdego z&nbsp;poziom\u00f3w jest stworzenie historii pasuj\u0105cej do danego tytu\u0142u poprzez umieszczenie scenerii i&nbsp;postaci, kt\u00f3re reaguj\u0105 na siebie nawzajem, a&nbsp;tak\u017ce skonstrukowanie narracji poprzez ich relacje.<\/p>\n<p>Komiksowe panele i&nbsp;urocze animacje Storyteller pozwalaj\u0105 na eksperymentowanie w ramach wielu historii \u2013 po prostu przeci\u0105gnij i&nbsp;upu\u015b\u0107 postacie, aby zobaczy\u0107, jak potoczy si\u0119 historia!<\/p>\n<p>Daj porwa\u0107 si\u0119 wyobra\u017ani i&nbsp;skorzystaj z&nbsp;biblioteki pe\u0142nej postaci i&nbsp;motyw\u00f3w, bohater\u00f3w i&nbsp;z\u0142oczy\u0144c\u00f3w, smok\u00f3w i&nbsp;wampir\u00f3w, niewierno\u015bci i&nbsp;zemsty, mi\u0142o\u015bci, k\u0142amstw, ob\u0142\u0119du i&nbsp;nie tylko! Zape\u0142niaj puste p\u0142\u00f3tno elementami, aby manipulowa\u0107 sekretami i&nbsp;pragnieniami, zabija\u0107 potwory lub&nbsp;terroryzowa\u0107 nimi ludzi, zdradza\u0107 kochank\u00f3w lub&nbsp;wzmacnia\u0107 ich wzajemne relacje. Dobrze wiesz, jak tocz\u0105 si\u0119 te historie \u2014 ale tym to Ty je tworzysz.<\/p>\n<p><\/p>","protected":false},"excerpt":{"rendered":"<p>Storyteller pozwala budowa\u0107 historie przy u\u017cyciu j\u0119zyka wizualnego. Celem ka\u017cdego z&nbsp;poziom\u00f3w jest stworzenie historii pasuj\u0105cej do danego tytu\u0142u poprzez umieszczenie scenerii i&nbsp;postaci, kt\u00f3re reaguj\u0105 na siebie nawzajem, a&nbsp;tak\u017ce skonstrukowanie narracji poprzez ich relacje. Komiksowe panele i&nbsp;urocze animacje Storyteller pozwalaj\u0105 na eksperymentowanie w ramach wielu historii \u2013 po prostu przeci\u0105gnij i&nbsp;upu\u015b\u0107 postacie, aby zobaczy\u0107, jak potoczy [&hellip;]<\/p>\n","protected":false},"featured_media":660896,"comment_status":"closed","ping_status":"closed","template":"","meta":{"ub_ctt_via":""},"product_cat":[127],"product_tag":[218],"class_list":["post-660671","product","type-product","status-publish","has-post-thumbnail","hentry","product_cat-adventure","product_tag-games","platform-steam-works"],"_links":{"self":[{"href":"https:\/\/neuvee.com\/pl\/wp-json\/wp\/v2\/product\/660671","targetHints":{"allow":["GET"]}}],"collection":[{"href":"https:\/\/neuvee.com\/pl\/wp-json\/wp\/v2\/product"}],"about":[{"href":"https:\/\/neuvee.com\/pl\/wp-json\/wp\/v2\/types\/product"}],"replies":[{"embeddable":true,"href":"https:\/\/neuvee.com\/pl\/wp-json\/wp\/v2\/comments?post=660671"}],"wp:featuredmedia":[{"embeddable":true,"href":"https:\/\/neuvee.com\/pl\/wp-json\/wp\/v2\/media\/660896"}],"wp:attachment":[{"href":"https:\/\/neuvee.com\/pl\/wp-json\/wp\/v2\/media?parent=660671"}],"wp:term":[{"taxonomy":"product_cat","embeddable":true,"href":"https:\/\/neuvee.com\/pl\/wp-json\/wp\/v2\/product_cat?post=660671"},{"taxonomy":"product_tag","embeddable":true,"href":"https:\/\/neuvee.com\/pl\/wp-json\/wp\/v2\/product_tag?post=660671"}],"curies":[{"name":"wp","href":"https:\/\/api.w.org\/{rel}","templated":true}]}}