{"id":659090,"date":"2023-06-15T11:41:59","date_gmt":"2023-06-15T11:41:59","guid":{"rendered":"https:\/\/neuvee.com\/?post_type=product&#038;p=659090"},"modified":"2025-05-19T13:54:02","modified_gmt":"2025-05-19T13:54:02","slug":"spinch","status":"publish","type":"product","link":"https:\/\/neuvee.com\/pl\/product\/spinch\/","title":{"rendered":"SPINCH"},"content":{"rendered":"<p>Wejd\u017a do \u015bwiata przesi\u0105kni\u0119tego psychodeli\u0105. Odkryj now\u0105 ekologi\u0119, liczne \u015bcie\u017cki, \u015bwiec\u0105ce poziomy i&nbsp;trudne przeszkody. Wykrocz poza materialny wymiar i&nbsp;przybierz swoj\u0105 prawdziw\u0105 form\u0119 jako Spinch, niezwykle zwinny organizm poch\u0142oni\u0119ty misj\u0105 uratowania zaginionych dzieci przed nieko\u0144cz\u0105c\u0105 si\u0119 inwazj\u0105 zniekszta\u0142conych dziwactw.        <\/p>\n<p>Nawi\u0105zuj\u0105ca trudno\u015bci\u0105 do klasycznych tytu\u0142\u00f3w gra Spinch sprawi, \u017ce b\u0119dziesz raz po raz powtarza\u0107 poziomy, rozwijaj\u0105c refleksy i&nbsp;d\u0105\u017c\u0105c do jak najlepszego czasu. Biegaj, r\u00f3b uniki, wspinaj si\u0119, skacz, a&nbsp;nawet u\u017cywaj w\u0142asnych dzieci jako pocisk\u00f3w, aby pokona\u0107 sze\u015b\u0107 ekscentrycznych boss\u00f3w na przestrzeni sze\u015bciu t\u0119tni\u0105cych \u017cyciem \u015bwiat\u00f3w. Zbieraj przedmioty, kt\u00f3re pomog\u0105 Ci w poszukiwaniu zaginionych male\u0144stw. Wypatruj kuzyna \u2013 ten osobnik opiekuje si\u0119 Twoimi krewnymi, ale jest do\u015b\u0107 dziwny. \u017badnych \u017cy\u0107 czy ekran\u00f3w \u201eKoniec gry\u201d \u2013 tylko tykaj\u0105cy zegar i&nbsp;mo\u017cliwo\u015b\u0107 b\u0142yskawicznego powt\u00f3rzenia poziomu \u2013 gra jest przyst\u0119pna dla graczy o&nbsp;ka\u017cdym poziomie umiej\u0119tno\u015bci, ale oferuje prawdziwe wyzwanie nawet dla do\u015bwiadczonych speedrunner\u00f3w.<\/p>\n<p>\u015awiat gry Spinch zosta\u0142 stworzony i&nbsp;o\u017cywiony przez utalentowanego, docenionego nagrodami kanadyjskiego rysownika Jessiego Jacobsa, kt\u00f3ry znany jest z&nbsp;\u0142\u0105czenia ostrej kreski z&nbsp;wyrazist\u0105 kolorystyk\u0105. Jego prace oscyluj\u0105 wok\u00f3\u0142 psychodelii, duchowo\u015bci, alternatywnych rzeczywisto\u015bci oraz&nbsp;po\u0142\u0105czenia natury z&nbsp;technologi\u0105. James Kirkpatrick, znany z&nbsp;udzia\u0142u we wczesnym ruchu graffiti w Kanadzie i&nbsp;jako awangardowy wykonawca hiphopu o&nbsp;pseudonimie artystycznym Thesis Sahib, stworzy\u0142 \u0142\u0105cz\u0105c\u0105 elementy retro i&nbsp;muzyki elektronicznej \u015bcie\u017ck\u0119 d\u017awi\u0119kow\u0105 Spinch.<\/p>\n<p>\u2022 Kraina czar\u00f3w utrzymana w stylizowanej na retro grafice podlanej eksplozj\u0105 psychodelicznych kolor\u00f3w, stworzona przez docenionego nagrodami kanadyjskiego rysownika Jessiego Jacobsa<br \/>\n\u2022 Dopracowana gra platformowa z&nbsp;precyzyjnym sterowaniem, w kt\u00f3rej musisz wykonywa\u0107 zrywy, uniki i&nbsp;zeskoki, aby uciec przed neonowymi paj\u0105kami, ogromnymi t\u0119czowymi robalami i&nbsp;zrzucaj\u0105cymi bomby ksi\u0119\u017cycowymi psami<br \/>\n\u2022 Zanurz si\u0119 w psychodelii wyj\u0105tkowych \u015bwiat\u00f3w, na kt\u00f3re sk\u0142adaj\u0105 si\u0119 neonowe niziny, poeksperymentalne zbiorniki, zamarzni\u0119te l\u0105dy, a&nbsp;nawet przestrze\u0144 kosmiczna<br \/>\n\u2022 Staw czo\u0142o tajemniczym bossom i&nbsp;strzelaj do nich, w roli amunicji wykorzystuj\u0105c w\u0142asne dzieci<br \/>\n\u2022 Gra przyst\u0119pna dla ka\u017cdego, do wielokrotnego przechodzenia (dla szalonych prawdziwe wyzwanie speedrunningowe!)<br \/>\n\u2022 \u015acie\u017cka d\u017awi\u0119kowa autorstwa s\u0142awnego kanadyjskiego artysty, Jamesa Kirkpatricka, z&nbsp;utworami wykorzystuj\u0105cymi modyfikowane Gameboye i&nbsp;r\u0119cznie wykonane instrumenty elektroniczne.<\/p>","protected":false},"excerpt":{"rendered":"<p>Wejd\u017a do \u015bwiata przesi\u0105kni\u0119tego psychodeli\u0105. Odkryj now\u0105 ekologi\u0119, liczne \u015bcie\u017cki, \u015bwiec\u0105ce poziomy i&nbsp;trudne przeszkody. Wykrocz poza materialny wymiar i&nbsp;przybierz swoj\u0105 prawdziw\u0105 form\u0119 jako Spinch, niezwykle zwinny organizm poch\u0142oni\u0119ty misj\u0105 uratowania zaginionych dzieci przed nieko\u0144cz\u0105c\u0105 si\u0119 inwazj\u0105 zniekszta\u0142conych dziwactw. Nawi\u0105zuj\u0105ca trudno\u015bci\u0105 do klasycznych tytu\u0142\u00f3w gra Spinch sprawi, \u017ce b\u0119dziesz raz po raz powtarza\u0107 poziomy, rozwijaj\u0105c refleksy [&hellip;]<\/p>\n","protected":false},"featured_media":660265,"comment_status":"closed","ping_status":"closed","template":"","meta":{"ub_ctt_via":""},"product_cat":[236],"product_tag":[218],"class_list":["post-659090","product","type-product","status-publish","has-post-thumbnail","hentry","product_cat-platform","product_tag-games","platform-steam-works"],"_links":{"self":[{"href":"https:\/\/neuvee.com\/pl\/wp-json\/wp\/v2\/product\/659090","targetHints":{"allow":["GET"]}}],"collection":[{"href":"https:\/\/neuvee.com\/pl\/wp-json\/wp\/v2\/product"}],"about":[{"href":"https:\/\/neuvee.com\/pl\/wp-json\/wp\/v2\/types\/product"}],"replies":[{"embeddable":true,"href":"https:\/\/neuvee.com\/pl\/wp-json\/wp\/v2\/comments?post=659090"}],"wp:featuredmedia":[{"embeddable":true,"href":"https:\/\/neuvee.com\/pl\/wp-json\/wp\/v2\/media\/660265"}],"wp:attachment":[{"href":"https:\/\/neuvee.com\/pl\/wp-json\/wp\/v2\/media?parent=659090"}],"wp:term":[{"taxonomy":"product_cat","embeddable":true,"href":"https:\/\/neuvee.com\/pl\/wp-json\/wp\/v2\/product_cat?post=659090"},{"taxonomy":"product_tag","embeddable":true,"href":"https:\/\/neuvee.com\/pl\/wp-json\/wp\/v2\/product_tag?post=659090"}],"curies":[{"name":"wp","href":"https:\/\/api.w.org\/{rel}","templated":true}]}}