{"id":659070,"date":"2023-06-15T11:31:24","date_gmt":"2023-06-15T11:31:24","guid":{"rendered":"https:\/\/neuvee.com\/?post_type=product&#038;p=659070"},"modified":"2025-05-19T13:39:33","modified_gmt":"2025-05-19T13:39:33","slug":"solar-ash-5","status":"publish","type":"product","link":"https:\/\/neuvee.com\/pl\/product\/solar-ash-5\/","title":{"rendered":"SOLAR ASH"},"content":{"rendered":"<p>Tw\u00f3rcy uhonorowanej licznymi nagrodami gry Hyper Light Drifter przedstawiaj\u0105 zaprzeczaj\u0105cy prawom fizyki \u015bwiat Solar Ash.<br \/>\nW tej surrealistycznej opowie\u015bci, kt\u00f3ra rozgrywa si\u0119 po\u015br\u00f3d ruin wielkich cywilizacji sprzed wiek\u00f3w, wcielasz si\u0119 w posta\u0107 Rei \u2013 Badaczki Pustki usi\u0142uj\u0105cej ocali\u0107 swoj\u0105 rodzinn\u0105 planet\u0119 przed wszechmocn\u0105 i&nbsp;niepowstrzyman\u0105 Ultrapustk\u0105.<br \/>\nStaw czo\u0142a hordom groteskowych stworze\u0144, \u015blizgaj si\u0119 i&nbsp;szybuj bez \u017cadnych ogranicze\u0144, walcz z&nbsp;gigantyczmi bossami i&nbsp;przemierzaj spopielone chmury zdruzgotanych \u015bwiat\u00f3w, kt\u00f3re pochon\u0119\u0142a nico\u015b\u0107.<br \/>\nDaj porwa\u0107 si\u0119 przygodzie, jakiej \u015bwiat nie widzia\u0142. Czy Rei zdo\u0142a przedrze\u0107 si\u0119 przez zast\u0119py przeciwnik\u00f3w i&nbsp;uratowa\u0107 sw\u00f3j dom przed zag\u0142ad\u0105? Czy zdo\u0142a pozna\u0107 prawd\u0119 na temat ogromnych bestii, kt\u00f3re zamieszkuj\u0105 te strony? Czy uda jej si\u0119 odkry\u0107 sekrety Gwiezdnego Nasiona i&nbsp;czy pozna natur\u0119 Echo?<br \/>\nOdpowiedzi na te pytania skrywa Ultrapustka.<\/p>\n<p><\/p>","protected":false},"excerpt":{"rendered":"<p>Tw\u00f3rcy uhonorowanej licznymi nagrodami gry Hyper Light Drifter przedstawiaj\u0105 zaprzeczaj\u0105cy prawom fizyki \u015bwiat Solar Ash. W tej surrealistycznej opowie\u015bci, kt\u00f3ra rozgrywa si\u0119 po\u015br\u00f3d ruin wielkich cywilizacji sprzed wiek\u00f3w, wcielasz si\u0119 w posta\u0107 Rei \u2013 Badaczki Pustki usi\u0142uj\u0105cej ocali\u0107 swoj\u0105 rodzinn\u0105 planet\u0119 przed wszechmocn\u0105 i&nbsp;niepowstrzyman\u0105 Ultrapustk\u0105. Staw czo\u0142a hordom groteskowych stworze\u0144, \u015blizgaj si\u0119 i&nbsp;szybuj bez \u017cadnych [&hellip;]<\/p>\n","protected":false},"featured_media":660001,"comment_status":"closed","ping_status":"closed","template":"","meta":{"ub_ctt_via":""},"product_cat":[88,127],"product_tag":[218],"class_list":["post-659070","product","type-product","status-publish","has-post-thumbnail","hentry","product_cat-action","product_cat-adventure","product_tag-games","platform-steam-works"],"_links":{"self":[{"href":"https:\/\/neuvee.com\/pl\/wp-json\/wp\/v2\/product\/659070","targetHints":{"allow":["GET"]}}],"collection":[{"href":"https:\/\/neuvee.com\/pl\/wp-json\/wp\/v2\/product"}],"about":[{"href":"https:\/\/neuvee.com\/pl\/wp-json\/wp\/v2\/types\/product"}],"replies":[{"embeddable":true,"href":"https:\/\/neuvee.com\/pl\/wp-json\/wp\/v2\/comments?post=659070"}],"wp:featuredmedia":[{"embeddable":true,"href":"https:\/\/neuvee.com\/pl\/wp-json\/wp\/v2\/media\/660001"}],"wp:attachment":[{"href":"https:\/\/neuvee.com\/pl\/wp-json\/wp\/v2\/media?parent=659070"}],"wp:term":[{"taxonomy":"product_cat","embeddable":true,"href":"https:\/\/neuvee.com\/pl\/wp-json\/wp\/v2\/product_cat?post=659070"},{"taxonomy":"product_tag","embeddable":true,"href":"https:\/\/neuvee.com\/pl\/wp-json\/wp\/v2\/product_tag?post=659070"}],"curies":[{"name":"wp","href":"https:\/\/api.w.org\/{rel}","templated":true}]}}