{"id":659063,"date":"2023-06-15T11:28:43","date_gmt":"2023-06-15T11:28:43","guid":{"rendered":"https:\/\/neuvee.com\/?post_type=product&#038;p=659063"},"modified":"2025-05-19T13:28:23","modified_gmt":"2025-05-19T13:28:23","slug":"smart-factory-tycoon-2","status":"publish","type":"product","link":"https:\/\/neuvee.com\/pl\/product\/smart-factory-tycoon-2\/","title":{"rendered":"SMART FACTORY TYCOON"},"content":{"rendered":"<p>O tej grze<br \/>\nSmart Factory Tycoon jest w gr\u0105, w kt\u00f3rej zarz\u0105dzasz fabryk\u0105 swoich marze\u0144 za pomoc\u0105 robot\u00f3w. Zaprojektuj fabryk\u0119, zaplanuj wszystkie etapy produkcji, zbadaj nowe technologie i&nbsp;zosta\u0144 pot\u0119\u017cnym magnatem!<\/p>\n<p>Maszyny i&nbsp;Roboty<\/p>\n<p>    Zakup now\u0105 maszyneri\u0119 i&nbsp;odblokuj bardziej zaawansowane maszyny do produkcji r\u00f3\u017cnych towar\u00f3w na rynek<\/p>\n<p>    Kupuj nowe r\u00f3\u017cnokolorowe roboty i&nbsp;obserwuj, jak przybywaj\u0105 do Twojej fabryki r\u00f3\u017cnymi sposobami: balonem, wagonikiem, \u0142odzi\u0105, spadochronem, skuterem wodnym lub&nbsp;busem<\/p>\n<p>    U\u017cyj punkt\u00f3w umiej\u0119tno\u015bci by rozwija\u0107 swoje roboty (szybko\u015b\u0107 ruchu, przetwarzania towar\u00f3w, pojemno\u015b\u0107 baterii czy paliwa)<\/p>\n<p>    Kup \u0142adowarki, super \u0142adowarki, \u0142adowarki bezprzewodowe i&nbsp;oliwiarki dla Twoich robot\u00f3w<\/p>\n<p>    Ulepszaj swoje maszyny, panele s\u0142oneczne, turbiny powietrzne, \u0142adowarki i&nbsp;oliwiarki, aby szybciej produkowa\u0107 towary i&nbsp;osi\u0105ga\u0107 wi\u0119ksz\u0105 produktywno\u015b\u0107<\/p>\n<p>Produkcja i&nbsp;Rynek<\/p>\n<p>    Zaplanuj wszystkie etapy produkcji<\/p>\n<p>    Kupuj wysokiej jako\u015bci surowe materia\u0142y, aby produkowa\u0107 wysokiej jako\u015bci, trwa\u0142e produkty<\/p>\n<p>    Analizuj rynek by pozna\u0107 aktualne trendy<\/p>\n<p>    Sprawd\u017a og\u00f3lne kategorie rynkowe (Podstawowe-Przeci\u0119tne-Mistrzowskie) i&nbsp;Specjalne Zam\u00f3wienia<\/p>\n<p>    Zwi\u0119kszaj \u017cywotno\u015b\u0107, wytrzyma\u0142o\u015b\u0107 i&nbsp;samowystarczalno\u015b\u0107, aby spe\u0142ni\u0107 wymagania niekt\u00f3rych produkt\u00f3w na rynku<\/p>\n<p>Samowystarczalno\u015b\u0107 i&nbsp;Ekonomia<\/p>\n<p>    Kupuj turbiny powietrzne i&nbsp;panele s\u0142oneczne, aby obni\u017cy\u0107 koszta elektryczno\u015bci i&nbsp;zwi\u0119kszy\u0107 samowystarczalno\u015b\u0107 <\/p>\n<p>    Sad\u017a drzewa w swoim ogrodzie, aby zwi\u0119kszy\u0107 samowystarczalno\u015b\u0107<\/p>\n<p>    Zarabiaj wi\u0119cej pieni\u0119dzy i&nbsp;zdob\u0105d\u017a wi\u0119cej XP, aby zaj\u0105\u0107 pierwsze miejsce w rankingu<\/p>\n<p>    Uwa\u017caj na swoje wydatki! Nie zbankrutuj!<\/p>\n<p>Inwestuj, Badaj, Rozwijaj<\/p>\n<p>    Badaj nowe technologie, aby ulepszy\u0107 fabryk\u0119 <\/p>\n<p>    Zakup nowe budynki i&nbsp;dostarcz swoje produkty kolej\u0105, morzem i&nbsp;powietrzem<\/p>\n<p>    Buduj nowe pomieszczenia dla robot\u00f3w i&nbsp;produkcji<\/p>\n<p>    Rozmie\u015b\u0107 strefy produkcji i&nbsp;zdefiniuj ich tryby jako og\u00f3lne lub&nbsp;do eksportu<\/p>\n<p>    Osi\u0105gaj kolejne kamienie milowe aby zdoby\u0107 XP i&nbsp;rozwin\u0105\u0107 swoj\u0105 fabryk\u0119<\/p>\n<p><\/p>","protected":false},"excerpt":{"rendered":"<p>O tej grze Smart Factory Tycoon jest w gr\u0105, w kt\u00f3rej zarz\u0105dzasz fabryk\u0105 swoich marze\u0144 za pomoc\u0105 robot\u00f3w. Zaprojektuj fabryk\u0119, zaplanuj wszystkie etapy produkcji, zbadaj nowe technologie i&nbsp;zosta\u0144 pot\u0119\u017cnym magnatem! Maszyny i&nbsp;Roboty Zakup now\u0105 maszyneri\u0119 i&nbsp;odblokuj bardziej zaawansowane maszyny do produkcji r\u00f3\u017cnych towar\u00f3w na rynek Kupuj nowe r\u00f3\u017cnokolorowe roboty i&nbsp;obserwuj, jak przybywaj\u0105 do Twojej fabryki [&hellip;]<\/p>\n","protected":false},"featured_media":659473,"comment_status":"closed","ping_status":"closed","template":"","meta":{"ub_ctt_via":""},"product_cat":[78,222],"product_tag":[218],"class_list":["post-659063","product","type-product","status-publish","has-post-thumbnail","hentry","product_cat-simulation","product_cat-strategy","product_tag-games","platform-steam-works"],"_links":{"self":[{"href":"https:\/\/neuvee.com\/pl\/wp-json\/wp\/v2\/product\/659063","targetHints":{"allow":["GET"]}}],"collection":[{"href":"https:\/\/neuvee.com\/pl\/wp-json\/wp\/v2\/product"}],"about":[{"href":"https:\/\/neuvee.com\/pl\/wp-json\/wp\/v2\/types\/product"}],"replies":[{"embeddable":true,"href":"https:\/\/neuvee.com\/pl\/wp-json\/wp\/v2\/comments?post=659063"}],"wp:featuredmedia":[{"embeddable":true,"href":"https:\/\/neuvee.com\/pl\/wp-json\/wp\/v2\/media\/659473"}],"wp:attachment":[{"href":"https:\/\/neuvee.com\/pl\/wp-json\/wp\/v2\/media?parent=659063"}],"wp:term":[{"taxonomy":"product_cat","embeddable":true,"href":"https:\/\/neuvee.com\/pl\/wp-json\/wp\/v2\/product_cat?post=659063"},{"taxonomy":"product_tag","embeddable":true,"href":"https:\/\/neuvee.com\/pl\/wp-json\/wp\/v2\/product_tag?post=659063"}],"curies":[{"name":"wp","href":"https:\/\/api.w.org\/{rel}","templated":true}]}}