{"id":659058,"date":"2023-06-15T11:23:19","date_gmt":"2023-06-15T11:23:19","guid":{"rendered":"https:\/\/neuvee.com\/?post_type=product&#038;p=659058"},"modified":"2025-05-19T14:26:20","modified_gmt":"2025-05-19T14:26:20","slug":"size-matters-2","status":"publish","type":"product","link":"https:\/\/neuvee.com\/pl\/product\/size-matters-2\/","title":{"rendered":"SIZE MATTERS"},"content":{"rendered":"<p>Size Matters jest w ogromniej mierze inspirowany &#8222;Inch by Inch&#8221;. Wielkie dzi\u0119ki dla tw\u00f3rc\u00f3w!<\/p>\n<p>OPIS GRY<br \/>\nW Size Matters wcielasz si\u0119 w rol\u0119 naukowca, kt\u00f3ry przypadkiem spo\u017cy\u0142 substancje, kt\u00f3ra sprawia, \u017ce kurczy si\u0119 z&nbsp;ka\u017cd\u0105 sekund\u0105!<br \/>\nKiedy Ty si\u0119 kurczysz, laboratorium staje si\u0119 coraz bardziej zawi\u0142e, a&nbsp;gra zmienia si\u0119 w platform\u00f3wk\u0119, w kt\u00f3rej wspinasz si\u0119 coraz wy\u017cej, szukaj\u0105c drogi do sk\u0142adnik\u00f3w i&nbsp;sprz\u0119tu!<br \/>\nU\u017cywaj\u0105c laboratoryjnego sprz\u0119tu, musisz stworzy\u0107 antidotum w bardzo ograniczonym czasie, zanim znikniesz zupe\u0142nie! Przegl\u0105daj znajdowane formu\u0142y i&nbsp;stw\u00f3rz antidotum za ich pomoc\u0105!<br \/>\nKorzystaj z&nbsp;takiego sprz\u0119tu jak: Chemiczny Przetwarzacz, Odwracacz, \u0141\u0105cznik Kodu, Wytwarzacz Antidotum i&nbsp;wi\u0119cej!<\/p>\n<p>Ale pami\u0119taj, Tw\u00f3j czas jest bardzo cenny \u2013 musisz przetworzy\u0107 sk\u0142adniki korzystaj\u0105c ze sprz\u0119tu, jednocze\u015bnie szukaj\u0105c brakuj\u0105cych sk\u0142adnik\u00f3w, lub&nbsp;przemeblowywa\u0107 laboratorium, \u017ceby dosi\u0119gn\u0105\u0107 wszystkiego, kiedy ju\u017c si\u0119 skurczysz!<\/p>\n<p>ROZGRYWKA<br \/>\nPrzeszukuj laboratorium w poszukiwaniu sk\u0142adnik\u00f3w i&nbsp;formu\u0142, kt\u00f3re pomog\u0105 Ci stworzy\u0107 trzy kluczowe elementy antidotum!<br \/>\nKa\u017cda formu\u0142a jest zwi\u0105zana z&nbsp;jedn\u0105 maszyn\u0105 z&nbsp;laboratorium. Mo\u017cesz stworzy\u0107 nowe sk\u0142adniki, kt\u00f3re mog\u0105 by\u0107 u\u017cyte w innych formu\u0142ach albo&nbsp;s\u0105 jednymi z&nbsp;trzech kluczowych sk\u0142adnik\u00f3w do Twojego antidotum<\/p>\n<p>Kiedy ju\u017c zbierzesz trzy kluczowe sk\u0142adniki, w\u0142\u00f3\u017c je do wytwarzacza antidotum, by zsyntezowa\u0107 je i&nbsp;stworzy\u0107 antidotum!<\/p>\n<p>Kiedy zrobisz si\u0119 za ma\u0142y, gra si\u0119 ko\u0144czy!<\/p>\n<p>TW\u00d3J W\u0141ASNY STYL GRY<br \/>\nBaw si\u0119 ustawieniami, zmieniaj\u0105cymi gr\u0119, takimi jak wzrost postaci, ile podw\u00f3jnych skok\u00f3w mo\u017cesz wykona\u0107 lub&nbsp;jak d\u0142ugo trwa przetwarzanie w Chemicznym Przetwarzaczu!<br \/>\n\u0141atwo niszcz\u0105ce si\u0119 sk\u0142adniki, mog\u0105 zosta\u0107 odtworzone, przy u\u017cyciu Odwracacza, je\u015bli zosta\u0142y uszkodzone przez z\u0142e ich u\u017cycie!<br \/>\nLosuj Roz\u0142o\u017cenie Ekwipunku \u2013 losowo przestawia maszyny wok\u00f3\u0142 laboratorium, sprawiaj\u0105c, \u017ce gra jest jeszcze bardziej nieprzewidywalna, a&nbsp;ka\u017cda kolejna gra jest inna!<br \/>\n&#8230;ustaw wszystko zgodnie z&nbsp;w\u0142asnym widzimisi\u0119 i&nbsp;odkryj sw\u00f3j ulubiony spos\u00f3b gry!<\/p>\n<p><\/p>","protected":false},"excerpt":{"rendered":"<p>Size Matters jest w ogromniej mierze inspirowany &#8222;Inch by Inch&#8221;. Wielkie dzi\u0119ki dla tw\u00f3rc\u00f3w! OPIS GRY W Size Matters wcielasz si\u0119 w rol\u0119 naukowca, kt\u00f3ry przypadkiem spo\u017cy\u0142 substancje, kt\u00f3ra sprawia, \u017ce kurczy si\u0119 z&nbsp;ka\u017cd\u0105 sekund\u0105! Kiedy Ty si\u0119 kurczysz, laboratorium staje si\u0119 coraz bardziej zawi\u0142e, a&nbsp;gra zmienia si\u0119 w platform\u00f3wk\u0119, w kt\u00f3rej wspinasz si\u0119 coraz [&hellip;]<\/p>\n","protected":false},"featured_media":659368,"comment_status":"closed","ping_status":"closed","template":"","meta":{"ub_ctt_via":""},"product_cat":[88,127],"product_tag":[218],"class_list":["post-659058","product","type-product","status-publish","has-post-thumbnail","hentry","product_cat-action","product_cat-adventure","product_tag-games","platform-steam-works"],"_links":{"self":[{"href":"https:\/\/neuvee.com\/pl\/wp-json\/wp\/v2\/product\/659058","targetHints":{"allow":["GET"]}}],"collection":[{"href":"https:\/\/neuvee.com\/pl\/wp-json\/wp\/v2\/product"}],"about":[{"href":"https:\/\/neuvee.com\/pl\/wp-json\/wp\/v2\/types\/product"}],"replies":[{"embeddable":true,"href":"https:\/\/neuvee.com\/pl\/wp-json\/wp\/v2\/comments?post=659058"}],"wp:featuredmedia":[{"embeddable":true,"href":"https:\/\/neuvee.com\/pl\/wp-json\/wp\/v2\/media\/659368"}],"wp:attachment":[{"href":"https:\/\/neuvee.com\/pl\/wp-json\/wp\/v2\/media?parent=659058"}],"wp:term":[{"taxonomy":"product_cat","embeddable":true,"href":"https:\/\/neuvee.com\/pl\/wp-json\/wp\/v2\/product_cat?post=659058"},{"taxonomy":"product_tag","embeddable":true,"href":"https:\/\/neuvee.com\/pl\/wp-json\/wp\/v2\/product_tag?post=659058"}],"curies":[{"name":"wp","href":"https:\/\/api.w.org\/{rel}","templated":true}]}}