{"id":659051,"date":"2023-06-15T11:20:41","date_gmt":"2023-06-15T11:20:41","guid":{"rendered":"https:\/\/neuvee.com\/?post_type=product&#038;p=659051"},"modified":"2025-05-19T14:24:13","modified_gmt":"2025-05-19T14:24:13","slug":"sifu-deluxe-edition-steam-4","status":"publish","type":"product","link":"https:\/\/neuvee.com\/pl\/product\/sifu-deluxe-edition-steam-4\/","title":{"rendered":"SIFU &#8211; DELUXE EDITION (STEAM)"},"content":{"rendered":"<p>Osi\u0105gnij maksimum mo\u017cliwych wra\u017ce\u0144 z&nbsp;gry w Sifu dzi\u0119ki Edycji Deluxe zawieraj\u0105cej album \u201eThe Art of Sifu\u201d, oficjaln\u0105 \u015bcie\u017ck\u0119 d\u017awi\u0119kow\u0105, modne stroje, kt\u00f3re dodadz\u0105 ci stylu w walce, oraz&nbsp;pakiet filmowy dla trybu zdj\u0119\u0107, kt\u00f3ry pozwoli ci jeszcze lepiej podkr\u0119ci\u0107 fotki!<\/p>\n<p>Edycja Deluxe zawiera:<\/p>\n<p>\u2013 Podstawow\u0105 wersj\u0119 gry.<br \/>\n\u2013 Album \u201eThe Art of Sifu\u201d, kt\u00f3rego strony pe\u0142ne s\u0105 \u015bwietnych, stylizowanych obraz\u00f3w przywodz\u0105cych na my\u015bl kultur\u0119 i&nbsp;styl \u017cycia kung fu.<br \/>\n\u2013 Oryginaln\u0105 \u015bcie\u017ck\u0119 d\u017awi\u0119kow\u0105 autorstwa Howiego Lee \u0142\u0105cz\u0105c\u0105 tradycyjne chi\u0144skie melodie z&nbsp;nowoczesnymi elementami miejskimi.<br \/>\n\u2013 Modne stroje deluxe, dzi\u0119ki kt\u00f3rym pokonasz przeciwnik\u00f3w w pi\u0119knym stylu.<br \/>\n\u2013 Pakiet filmowy dla trybu zdj\u0119\u0107, kt\u00f3ry zapewni ci dost\u0119p do ekskluzywnych nowych filtr\u00f3w i&nbsp;p\u00f3z postaci.<\/p>\n<p><\/p>","protected":false},"excerpt":{"rendered":"<p>Osi\u0105gnij maksimum mo\u017cliwych wra\u017ce\u0144 z&nbsp;gry w Sifu dzi\u0119ki Edycji Deluxe zawieraj\u0105cej album \u201eThe Art of Sifu\u201d, oficjaln\u0105 \u015bcie\u017ck\u0119 d\u017awi\u0119kow\u0105, modne stroje, kt\u00f3re dodadz\u0105 ci stylu w walce, oraz&nbsp;pakiet filmowy dla trybu zdj\u0119\u0107, kt\u00f3ry pozwoli ci jeszcze lepiej podkr\u0119ci\u0107 fotki! Edycja Deluxe zawiera: \u2013 Podstawow\u0105 wersj\u0119 gry. \u2013 Album \u201eThe Art of Sifu\u201d, kt\u00f3rego strony pe\u0142ne [&hellip;]<\/p>\n","protected":false},"featured_media":659892,"comment_status":"closed","ping_status":"closed","template":"","meta":{"ub_ctt_via":""},"product_cat":[251,241,88],"product_tag":[218],"class_list":["post-659051","product","type-product","status-publish","has-post-thumbnail","hentry","product_cat-beatem-up","product_cat-single-player","product_cat-action","product_tag-games","platform-steam-works"],"_links":{"self":[{"href":"https:\/\/neuvee.com\/pl\/wp-json\/wp\/v2\/product\/659051","targetHints":{"allow":["GET"]}}],"collection":[{"href":"https:\/\/neuvee.com\/pl\/wp-json\/wp\/v2\/product"}],"about":[{"href":"https:\/\/neuvee.com\/pl\/wp-json\/wp\/v2\/types\/product"}],"replies":[{"embeddable":true,"href":"https:\/\/neuvee.com\/pl\/wp-json\/wp\/v2\/comments?post=659051"}],"wp:featuredmedia":[{"embeddable":true,"href":"https:\/\/neuvee.com\/pl\/wp-json\/wp\/v2\/media\/659892"}],"wp:attachment":[{"href":"https:\/\/neuvee.com\/pl\/wp-json\/wp\/v2\/media?parent=659051"}],"wp:term":[{"taxonomy":"product_cat","embeddable":true,"href":"https:\/\/neuvee.com\/pl\/wp-json\/wp\/v2\/product_cat?post=659051"},{"taxonomy":"product_tag","embeddable":true,"href":"https:\/\/neuvee.com\/pl\/wp-json\/wp\/v2\/product_tag?post=659051"}],"curies":[{"name":"wp","href":"https:\/\/api.w.org\/{rel}","templated":true}]}}