{"id":659036,"date":"2023-06-15T11:08:20","date_gmt":"2023-06-15T11:08:20","guid":{"rendered":"https:\/\/neuvee.com\/?post_type=product&#038;p=659036"},"modified":"2025-05-19T13:30:33","modified_gmt":"2025-05-19T13:30:33","slug":"sifu-epic-4","status":"publish","type":"product","link":"https:\/\/neuvee.com\/pl\/product\/sifu-epic-4\/","title":{"rendered":"SIFU (EPIC)"},"content":{"rendered":"<p>Sifu to nowa gra Sloclap, niezale\u017cnego studia, kt\u00f3re stworzy\u0142o gr\u0119 Absolver. To gra akcji z&nbsp;perspektywy trzeciej osoby z&nbsp;emocjonuj\u0105cymi scenami walki wr\u0119cz, w kt\u00f3rej wcielasz si\u0119 w m\u0142odego adepta kung fu na drodze do zemsty.<\/p>\n<p>SIFU<br \/>\nCzy jedno \u017cycie wystarczy, \u017ceby opanowa\u0107 kung fu?<br \/>\nSifu to historia m\u0142odego adepta kung fu, kt\u00f3ry kroczy drog\u0105 zemsty, poszukuj\u0105c morderc\u00f3w swojej rodziny. Samotnie, bez jakiegokolwiek sprzymierze\u0144ca, stawia czo\u0142a niezliczonym przeciwnikom. Aby zwyci\u0119\u017cy\u0107 i&nbsp;zachowa\u0107 rodzinne dziedzictwo, musi zda\u0107 si\u0119 na swoje unikalne zdolno\u015bci kung fu, a&nbsp;tak\u017ce tajemniczy medalion.<\/p>\n<p>Na drodze zemsty:<br \/>\nPogo\u0144 za wrogami zabierze Ci\u0119 przez ukryte zakamarki miasta, od opanowanych przez gangi przedmie\u015b\u0107 po zimne korytarze korporacyjnych wie\u017cowc\u00f3w. Masz jeden dzie\u0144 i&nbsp;niezliczone zast\u0119py przeciwnik\u00f3w. Cen\u0105 za ka\u017cdy b\u0142\u0105d jest czas.<\/p>\n<p>Najlepsz\u0105 metod\u0105 jest adaptacja:<br \/>\nUwa\u017cny wyb\u00f3r miejsca i&nbsp;sprytne wykorzystanie otoczenia, \u017ceby zyska\u0107 przewag\u0119, s\u0105 kluczem do przetrwania. Do dyspozycji masz wszystko, co wpadnie Ci w r\u0119ce: przedmioty, kt\u00f3rymi mo\u017cesz rzuca\u0107, napr\u0119dce sklecona bro\u0144, okna i&nbsp;parapety\u2026 Szanse s\u0105 ma\u0142e, a&nbsp;przeciwnicy bezlito\u015bni.<\/p>\n<p>Trening nigdy si\u0119 nie ko\u0144czy:<br \/>\nMistrzostwo w kung fu wymaga praktyki. To droga, kt\u00f3r\u0105 pod\u0105\u017caj\u0105 zar\u00f3wno cia\u0142o, jak i&nbsp;umys\u0142. Ucz si\u0119 na b\u0142\u0119dach, odblokowuj wyj\u0105tkowe umiej\u0119tno\u015bci i&nbsp;znajd\u017a w sobie si\u0142\u0119, \u017ceby opanowa\u0107 druzgoc\u0105ce techniki kung fu Pak-Mei.<\/p>\n<p>Kompatybilno\u015b\u0107 z&nbsp;CORSAIR iCUE<br \/>\nZanurz si\u0119 w Sifu bez ogranicze\u0144 dzi\u0119ki CORSAIR&#8217;s iCUE Lighting Integration. Przenie\u015b akcj\u0119 poza ekran dzi\u0119ki o\u015bwietleniu, kt\u00f3re dynamicznie reaguje na wydarzenia w grze.<\/p>\n<p><\/p>","protected":false},"excerpt":{"rendered":"<p>Sifu to nowa gra Sloclap, niezale\u017cnego studia, kt\u00f3re stworzy\u0142o gr\u0119 Absolver. To gra akcji z&nbsp;perspektywy trzeciej osoby z&nbsp;emocjonuj\u0105cymi scenami walki wr\u0119cz, w kt\u00f3rej wcielasz si\u0119 w m\u0142odego adepta kung fu na drodze do zemsty. SIFU Czy jedno \u017cycie wystarczy, \u017ceby opanowa\u0107 kung fu? Sifu to historia m\u0142odego adepta kung fu, kt\u00f3ry kroczy drog\u0105 zemsty, poszukuj\u0105c [&hellip;]<\/p>\n","protected":false},"featured_media":659509,"comment_status":"closed","ping_status":"closed","template":"","meta":{"ub_ctt_via":""},"product_cat":[251,241,88],"product_tag":[218],"class_list":["post-659036","product","type-product","status-publish","has-post-thumbnail","hentry","product_cat-beatem-up","product_cat-single-player","product_cat-action","product_tag-games","platform-epic-game-store"],"_links":{"self":[{"href":"https:\/\/neuvee.com\/pl\/wp-json\/wp\/v2\/product\/659036","targetHints":{"allow":["GET"]}}],"collection":[{"href":"https:\/\/neuvee.com\/pl\/wp-json\/wp\/v2\/product"}],"about":[{"href":"https:\/\/neuvee.com\/pl\/wp-json\/wp\/v2\/types\/product"}],"replies":[{"embeddable":true,"href":"https:\/\/neuvee.com\/pl\/wp-json\/wp\/v2\/comments?post=659036"}],"wp:featuredmedia":[{"embeddable":true,"href":"https:\/\/neuvee.com\/pl\/wp-json\/wp\/v2\/media\/659509"}],"wp:attachment":[{"href":"https:\/\/neuvee.com\/pl\/wp-json\/wp\/v2\/media?parent=659036"}],"wp:term":[{"taxonomy":"product_cat","embeddable":true,"href":"https:\/\/neuvee.com\/pl\/wp-json\/wp\/v2\/product_cat?post=659036"},{"taxonomy":"product_tag","embeddable":true,"href":"https:\/\/neuvee.com\/pl\/wp-json\/wp\/v2\/product_tag?post=659036"}],"curies":[{"name":"wp","href":"https:\/\/api.w.org\/{rel}","templated":true}]}}