{"id":657439,"date":"2023-06-13T19:34:41","date_gmt":"2023-06-13T19:34:41","guid":{"rendered":"https:\/\/neuvee.com\/?post_type=product&#038;p=657439"},"modified":"2025-05-19T13:57:59","modified_gmt":"2025-05-19T13:57:59","slug":"scorn-epic-4","status":"publish","type":"product","link":"https:\/\/neuvee.com\/pl\/product\/scorn-epic-4\/","title":{"rendered":"SCORN (EPIC)"},"content":{"rendered":"<p>Scorn to nastrojowy, pierwszoosobowy, przygodowy horror, kt\u00f3rego akcja toczy si\u0119 w koszmarnym uniwersum dziwnych form i&nbsp;ponurych dekoracji.<\/p>\n<p>Gra zosta\u0142a zaprojektowana wok\u00f3\u0142 pomys\u0142u \u201ewrzucenia do obcego \u015bwiata\u201d. Izolowani i&nbsp;zagubieni w \u015bwiecie sn\u00f3w, odkryjecie w nielinearnej kolejno\u015bci wiele po\u0142\u0105czonych region\u00f3w. Niepokoj\u0105ce otoczenie samo w sobie jest postaci\u0105.<\/p>\n<p>Ka\u017cda lokacja zawiera w\u0142asny motyw, fabu\u0142\u0119, \u0142amig\u0142\u00f3wki i&nbsp;postacie b\u0119d\u0105ce integraln\u0105 cz\u0119\u015bci\u0105 sp\u00f3jnego \u015bwiata. W trakcie gry otworzycie nowe obszary, zyskacie r\u00f3\u017cne zestawy umiej\u0119tno\u015bci, uzbrojenie i&nbsp;przedmioty. Spr\u00f3bujecie zrozumie\u0107 wizje, kt\u00f3re s\u0105 wam prezentowane.<\/p>\n<p>CECHY GRY<\/p>\n<p>Sp\u00f3jny, \u017cyj\u0105cy \u015bwiat<br \/>\nAkcja gry Scorn toczy si\u0119 w otwartym \u015bwiecie r\u00f3\u017cnych po\u0142\u0105czonych region\u00f3w. Ka\u017cdy region ma struktur\u0119 podobn\u0105 do labiryntu, z&nbsp;r\u00f3\u017cnymi pomieszczeniami i&nbsp;\u015bcie\u017ckami do odkrycia. Ca\u0142a fabu\u0142a przedstawiana jest w \u015bwiecie gry, bez przerywnik\u00f3w, kt\u00f3re odci\u0105gn\u0105 was od straszliwej rzeczywisto\u015bci t\u0119tni\u0105cego \u017cyciem \u015bwiata, w kt\u00f3rym si\u0119 znajdujecie. Ale miejcie oczy otwarte \u2013 ta gra nie oka\u017ce wam wsp\u00f3\u0142czucia, je\u015bli przegapicie co\u015b wa\u017cnego podczas trudnej wyprawy.<\/p>\n<p>Pe\u0142ne osadzenie cia\u0142a w \u015bwiecie gry<br \/>\nGracze poczuj\u0105 lepsza immersj\u0119, b\u0119d\u0105c \u015bwiadomymi cia\u0142a i&nbsp;ruch\u00f3w gracza. Interakcje ze \u015bwiatem s\u0105 realistyczne \u2013 przedmioty podnosicie d\u0142o\u0144mi (nie szybuj\u0105 po prostu w powietrzu), maszyny oraz&nbsp;narz\u0119dzia s\u0105 obs\u0142ugiwane poprzez chwytanie, itd.<\/p>\n<p>Zarz\u0105dzanie ekwipunkiem i&nbsp;amunicj\u0105<br \/>\nWasz ekwipunek jest zdefiniowany i&nbsp;ograniczony. Przez ca\u0142\u0105 gr\u0119 gracz musi si\u0119 orientowa\u0107 w otoczeniu i&nbsp;przenoszonych przedmiotach. B\u0119dzie musia\u0142 my\u015ble\u0107 o&nbsp;tym, kiedy walczy\u0107, a&nbsp;kiedy si\u0119 ukry\u0107 i&nbsp;jak jego dzia\u0142ania wp\u0142yn\u0105 na \u015bwiat wok\u00f3\u0142 niego. Aby zaliczy\u0107 post\u0119py, potrzebne b\u0119d\u0105 r\u00f3\u017cne style gry.<\/p>\n<p><\/p>","protected":false},"excerpt":{"rendered":"<p>Scorn to nastrojowy, pierwszoosobowy, przygodowy horror, kt\u00f3rego akcja toczy si\u0119 w koszmarnym uniwersum dziwnych form i&nbsp;ponurych dekoracji. Gra zosta\u0142a zaprojektowana wok\u00f3\u0142 pomys\u0142u \u201ewrzucenia do obcego \u015bwiata\u201d. Izolowani i&nbsp;zagubieni w \u015bwiecie sn\u00f3w, odkryjecie w nielinearnej kolejno\u015bci wiele po\u0142\u0105czonych region\u00f3w. Niepokoj\u0105ce otoczenie samo w sobie jest postaci\u0105. Ka\u017cda lokacja zawiera w\u0142asny motyw, fabu\u0142\u0119, \u0142amig\u0142\u00f3wki i&nbsp;postacie b\u0119d\u0105ce integraln\u0105 [&hellip;]<\/p>\n","protected":false},"featured_media":658047,"comment_status":"closed","ping_status":"closed","template":"","meta":{"ub_ctt_via":""},"product_cat":[15],"product_tag":[218],"class_list":["post-657439","product","type-product","status-publish","has-post-thumbnail","hentry","product_cat-uncategorized","product_tag-games","platform-epic-game-store"],"_links":{"self":[{"href":"https:\/\/neuvee.com\/pl\/wp-json\/wp\/v2\/product\/657439","targetHints":{"allow":["GET"]}}],"collection":[{"href":"https:\/\/neuvee.com\/pl\/wp-json\/wp\/v2\/product"}],"about":[{"href":"https:\/\/neuvee.com\/pl\/wp-json\/wp\/v2\/types\/product"}],"replies":[{"embeddable":true,"href":"https:\/\/neuvee.com\/pl\/wp-json\/wp\/v2\/comments?post=657439"}],"wp:featuredmedia":[{"embeddable":true,"href":"https:\/\/neuvee.com\/pl\/wp-json\/wp\/v2\/media\/658047"}],"wp:attachment":[{"href":"https:\/\/neuvee.com\/pl\/wp-json\/wp\/v2\/media?parent=657439"}],"wp:term":[{"taxonomy":"product_cat","embeddable":true,"href":"https:\/\/neuvee.com\/pl\/wp-json\/wp\/v2\/product_cat?post=657439"},{"taxonomy":"product_tag","embeddable":true,"href":"https:\/\/neuvee.com\/pl\/wp-json\/wp\/v2\/product_tag?post=657439"}],"curies":[{"name":"wp","href":"https:\/\/api.w.org\/{rel}","templated":true}]}}