{"id":657423,"date":"2023-06-13T19:26:10","date_gmt":"2023-06-13T19:26:10","guid":{"rendered":"https:\/\/neuvee.com\/?post_type=product&#038;p=657423"},"modified":"2025-05-19T13:45:31","modified_gmt":"2025-05-19T13:45:31","slug":"sacred-zodongga-defense","status":"publish","type":"product","link":"https:\/\/neuvee.com\/pl\/product\/sacred-zodongga-defense\/","title":{"rendered":"SACRED ZODONGGA DEFENSE"},"content":{"rendered":"<p>Wyspa Zodongga le\u017ca\u0142a nietkni\u0119ta przez tysi\u0105c lat, tylko tubylcy z&nbsp;Hulla-Balla-Bazooki<br \/>\nplemi\u0119 zamieszkiwa\u0142o g\u0119ste d\u017cungle i&nbsp;cho\u0107 byli zaciek\u0142ymi wojownikami, uda\u0142o im si\u0119 \u017cy\u0107 w pokoju i<br \/>\nharmonia z&nbsp;natur\u0105. Opowie\u015bci o&nbsp;bajecznych plantacjach banan\u00f3w po\u0142o\u017conych w niego\u015bcinnych g\u00f3rach<br \/>\nZodongga nieuchronnie dotar\u0142 do czterech zak\u0105tk\u00f3w cywilizacji i&nbsp;ludzkiej chciwo\u015bci (i zami\u0142owania do<br \/>\nbanany) okaza\u0142y si\u0119 zbyt silne, by si\u0119 im oprze\u0107.<br \/>\nStatki pe\u0142ne \u017co\u0142nierzy i&nbsp;odkrywc\u00f3w wyruszaj\u0105 na poszukiwanie legendarnej wyspy. Pewnego ranka cz\u0142onkowie plemienia zobaczyli, jak nagle na horyzoncie pojawi\u0142y si\u0119 si\u0142y inwazyjne. Szybko zmobilizowali swoich wojownik\u00f3w i&nbsp;przygotowali obron\u0119 na atak, kt\u00f3ry mia\u0142 ich uderzy\u0107.<br \/>\nNaje\u017ad\u017acy przybywaj\u0105 falami, a&nbsp;r\u00f3\u017cne narody wysy\u0142aj\u0105 swoje najlepsze oddzia\u0142y.<br \/>\nJako w\u00f3dz (The Big Kahuna) plemienia Hulla-Balla-Bazooki musisz zorganizowa\u0107 obro\u0144c\u00f3w i&nbsp;zastawi\u0107 zasadzki<br \/>\nstrategicznie. \u201eAlla Balla Hukka Gadai, Aka Cikala Ahana\u201d.<br \/>\nLiberalnie przet\u0142umaczone z&nbsp;lokalnego j\u0119zyka: \u201eKiedy ma\u0142pa patrzy na g\u00f3r\u0119, my\u015bli o&nbsp;bananach\u2026\u201d<br \/>\nSacred Zodongga Defense to tr\u00f3jwymiarowa gra typu tower defense z&nbsp;motywem fantasy. Cechy gry:<\/p>\n<p>&#8211; Ponad 100 r\u00f3\u017cnych poziom\u00f3w<\/p>\n<p>&#8211; 3 poziomy trudno\u015bci (trudny, \u015bredni i&nbsp;\u0142atwy)<\/p>\n<p>&#8211; Odblokuj nowe wie\u017ce i&nbsp;napotykaj nowych wrog\u00f3w w miar\u0119 post\u0119p\u00f3w<\/p>\n<p>&#8211; Ka\u017cdy poziom ma bossa ze specjalnymi zdolno\u015bciami do pokonania<\/p>\n<p>&#8211; Du\u017ca ilo\u015b\u0107 banan\u00f3w&#8230;<\/p>\n<p><\/p>","protected":false},"excerpt":{"rendered":"<p>Wyspa Zodongga le\u017ca\u0142a nietkni\u0119ta przez tysi\u0105c lat, tylko tubylcy z&nbsp;Hulla-Balla-Bazooki plemi\u0119 zamieszkiwa\u0142o g\u0119ste d\u017cungle i&nbsp;cho\u0107 byli zaciek\u0142ymi wojownikami, uda\u0142o im si\u0119 \u017cy\u0107 w pokoju i&nbsp;harmonia z&nbsp;natur\u0105. Opowie\u015bci o&nbsp;bajecznych plantacjach banan\u00f3w po\u0142o\u017conych w niego\u015bcinnych g\u00f3rach Zodongga nieuchronnie dotar\u0142 do czterech zak\u0105tk\u00f3w cywilizacji i&nbsp;ludzkiej chciwo\u015bci (i zami\u0142owania do banany) okaza\u0142y si\u0119 zbyt silne, by si\u0119 im [&hellip;]<\/p>\n","protected":false},"featured_media":657669,"comment_status":"closed","ping_status":"closed","template":"","meta":{"ub_ctt_via":""},"product_cat":[223,221,222],"product_tag":[218],"class_list":["post-657423","product","type-product","status-publish","has-post-thumbnail","hentry","product_cat-casual","product_cat-indie","product_cat-strategy","product_tag-games","platform-steam-works"],"_links":{"self":[{"href":"https:\/\/neuvee.com\/pl\/wp-json\/wp\/v2\/product\/657423","targetHints":{"allow":["GET"]}}],"collection":[{"href":"https:\/\/neuvee.com\/pl\/wp-json\/wp\/v2\/product"}],"about":[{"href":"https:\/\/neuvee.com\/pl\/wp-json\/wp\/v2\/types\/product"}],"replies":[{"embeddable":true,"href":"https:\/\/neuvee.com\/pl\/wp-json\/wp\/v2\/comments?post=657423"}],"wp:featuredmedia":[{"embeddable":true,"href":"https:\/\/neuvee.com\/pl\/wp-json\/wp\/v2\/media\/657669"}],"wp:attachment":[{"href":"https:\/\/neuvee.com\/pl\/wp-json\/wp\/v2\/media?parent=657423"}],"wp:term":[{"taxonomy":"product_cat","embeddable":true,"href":"https:\/\/neuvee.com\/pl\/wp-json\/wp\/v2\/product_cat?post=657423"},{"taxonomy":"product_tag","embeddable":true,"href":"https:\/\/neuvee.com\/pl\/wp-json\/wp\/v2\/product_tag?post=657423"}],"curies":[{"name":"wp","href":"https:\/\/api.w.org\/{rel}","templated":true}]}}