{"id":657421,"date":"2023-06-13T19:25:25","date_gmt":"2023-06-13T19:25:25","guid":{"rendered":"https:\/\/neuvee.com\/?post_type=product&#038;p=657421"},"modified":"2025-05-19T14:40:46","modified_gmt":"2025-05-19T14:40:46","slug":"sable-3","status":"publish","type":"product","link":"https:\/\/neuvee.com\/pl\/product\/sable-3\/","title":{"rendered":"SABLE"},"content":{"rendered":"<p>Pom\u00f3\u017c Sable przej\u015b\u0107 \u017cyciowy sprawdzian, wybierz si\u0119 w niezwyk\u0142\u0105 podr\u00f3\u017c i&nbsp;poszybuj z&nbsp;ni\u0105 nad ogromnymi pustyniami, podziwiaj\u0105c zapieraj\u0105ce dech w piersi krajobrazy przyozdobione fragmentami statk\u00f3w kosmicznych i&nbsp;staro\u017cytnych budowli. Odkrywaj pustyni\u0119 na lataj\u0105cym motocyklu, wspinaj si\u0119 po olbrzymich ruinach, spotykaj\u0105c innych nomad\u00f3w i&nbsp;odkrywaj\u0105c prastare tajemnice, aby ostatecznie dowiedzie\u0107 si\u0119, kim jest i&nbsp;dlaczego ukrywa si\u0119 za mask\u0105. Poznaj niezwyk\u0142y \u015bwiat Sable, okrywaj\u0105c go we w\u0142asnym tempie, podziwiaj\u0105c niesamowity styl graficzny gry i&nbsp;ws\u0142uchuj\u0105c si\u0119 w nastrojow\u0105 \u015bcie\u017ck\u0119 d\u017awi\u0119kow\u0105, skomponowan\u0105 przez zesp\u00f3\u0142 Japanese Breakfast. Nie b\u00f3j si\u0119 zacz\u0105\u0107 \u2013 w \u015bwiecie gry jest mn\u00f3stwo do odkrycia.<br \/>\n&#8211; Odkryj \u015bwiat pe\u0142en tajemnic i&nbsp;szcz\u0105tk\u00f3w dawnych cywilizacji.<br \/>\n&#8211; Wspinaj si\u0119, skacz, \u015blizgaj si\u0119 i&nbsp;szybuj \u2013 korzystaj ze wszystkiego, aby odkry\u0107 ka\u017cdy zak\u0105tek \u015bwiata gry.<br \/>\n&#8211; Personalizuj sw\u00f3j lataj\u0105cy motocykl, korzystaj\u0105c ze znalezionych lub&nbsp;zdobytych cz\u0119\u015bci.<br \/>\n&#8211; Pomagaj napotkanym po drodze klanom i&nbsp;nomadom.<br \/>\n&#8211; Zatra\u0107 si\u0119 w odkrywaniu i&nbsp;zbieraj maski, stroje oraz&nbsp;inne przedmioty, aby pokaza\u0107 wszystkim wok\u00f3\u0142, kim naprawd\u0119 jeste\u015b&#8230;<br \/>\n&#8211; Rozwi\u0105zuj \u0142amig\u0142\u00f3wki, aby zdobywa\u0107 nagrody i&nbsp;wykuj w\u0142asny szlak w surowej, bezlitosnej krainie.<br \/>\n<\/p>","protected":false},"excerpt":{"rendered":"<p>Pom\u00f3\u017c Sable przej\u015b\u0107 \u017cyciowy sprawdzian, wybierz si\u0119 w niezwyk\u0142\u0105 podr\u00f3\u017c i&nbsp;poszybuj z&nbsp;ni\u0105 nad ogromnymi pustyniami, podziwiaj\u0105c zapieraj\u0105ce dech w piersi krajobrazy przyozdobione fragmentami statk\u00f3w kosmicznych i&nbsp;staro\u017cytnych budowli. Odkrywaj pustyni\u0119 na lataj\u0105cym motocyklu, wspinaj si\u0119 po olbrzymich ruinach, spotykaj\u0105c innych nomad\u00f3w i&nbsp;odkrywaj\u0105c prastare tajemnice, aby ostatecznie dowiedzie\u0107 si\u0119, kim jest i&nbsp;dlaczego ukrywa si\u0119 za mask\u0105. Poznaj [&hellip;]<\/p>\n","protected":false},"featured_media":658525,"comment_status":"closed","ping_status":"closed","template":"","meta":{"ub_ctt_via":""},"product_cat":[221],"product_tag":[218],"class_list":["post-657421","product","type-product","status-publish","has-post-thumbnail","hentry","product_cat-indie","product_tag-games","platform-steam-works"],"_links":{"self":[{"href":"https:\/\/neuvee.com\/pl\/wp-json\/wp\/v2\/product\/657421","targetHints":{"allow":["GET"]}}],"collection":[{"href":"https:\/\/neuvee.com\/pl\/wp-json\/wp\/v2\/product"}],"about":[{"href":"https:\/\/neuvee.com\/pl\/wp-json\/wp\/v2\/types\/product"}],"replies":[{"embeddable":true,"href":"https:\/\/neuvee.com\/pl\/wp-json\/wp\/v2\/comments?post=657421"}],"wp:featuredmedia":[{"embeddable":true,"href":"https:\/\/neuvee.com\/pl\/wp-json\/wp\/v2\/media\/658525"}],"wp:attachment":[{"href":"https:\/\/neuvee.com\/pl\/wp-json\/wp\/v2\/media?parent=657421"}],"wp:term":[{"taxonomy":"product_cat","embeddable":true,"href":"https:\/\/neuvee.com\/pl\/wp-json\/wp\/v2\/product_cat?post=657421"},{"taxonomy":"product_tag","embeddable":true,"href":"https:\/\/neuvee.com\/pl\/wp-json\/wp\/v2\/product_tag?post=657421"}],"curies":[{"name":"wp","href":"https:\/\/api.w.org\/{rel}","templated":true}]}}