{"id":657376,"date":"2023-06-13T19:12:18","date_gmt":"2023-06-13T19:12:18","guid":{"rendered":"https:\/\/neuvee.com\/?post_type=product&#038;p=657376"},"modified":"2025-05-19T14:18:20","modified_gmt":"2025-05-19T14:18:20","slug":"rice-bowl-restaurant","status":"publish","type":"product","link":"https:\/\/neuvee.com\/pl\/product\/rice-bowl-restaurant\/","title":{"rendered":"RICE BOWL RESTAURANT"},"content":{"rendered":"<p>Nasi Campur (Mieszany Ry\u017c) to powszechne i&nbsp;popularne danie w Indonezji. W grze Warung Nasi Campur (Restauracja z&nbsp;misk\u0105 ry\u017cu) b\u0119dziesz p\u00f3\u017aniej sprzedawa\u0107 i&nbsp;spotyka\u0107 si\u0119 z&nbsp;r\u00f3\u017cnymi typami klient\u00f3w. Gotuj jedzenie zgodnie z&nbsp;zam\u00f3wieniami klient\u00f3w, dzia\u0142aj szybko i&nbsp;ulepszaj wszystkie urz\u0105dzenia na swoim stoisku, aby sprzeda\u017c by\u0142a szybsza i&nbsp;bardziej wydajna!<\/p>\n<p>Gotuj i&nbsp;obs\u0142uguj swoich klient\u00f3w!<br \/>\nUlepsz swoje obiekty!<br \/>\nDzia\u0142aj szybko i&nbsp;precyzyjnie!<br \/>\nWykonuj codzienne misje!<br \/>\nSp\u0142a\u0107 d\u0142ugi i&nbsp;odblokuj historie!<\/p>\n<p>Cechy:<\/p>\n<p>&#8211; Obs\u0142uguj szerok\u0105 gam\u0119 klient\u00f3w<\/p>\n<p>&#8211; Gotuj r\u00f3\u017cne potrawy<\/p>\n<p>&#8211; Ulepsz wszystkie obiekty<\/p>\n<p>&#8211; Zareklamuj sw\u00f3j sklep, aby by\u0142 bardziej zat\u0142oczony<\/p>\n<p>&#8211; Uko\u0144cz wszystkie codzienne misje<\/p>\n<p>&#8211; Codzienna kolekcja nagr\u00f3d i&nbsp;szcz\u0119\u015bliwy obr\u00f3t<\/p>\n<p>&#8211; Odblokuj ciekawe historie<\/p>\n<p>A co najwa\u017cniejsze, zbieraj pieni\u0105dze i&nbsp;spraw, aby Twoja Warung Nasi Campur (Restauracja Miska Ry\u017cu) by\u0142a najlepsza na \u015bwiecie!<\/p>\n<p><\/p>","protected":false},"excerpt":{"rendered":"<p>Nasi Campur (Mieszany Ry\u017c) to powszechne i&nbsp;popularne danie w Indonezji. W grze Warung Nasi Campur (Restauracja z&nbsp;misk\u0105 ry\u017cu) b\u0119dziesz p\u00f3\u017aniej sprzedawa\u0107 i&nbsp;spotyka\u0107 si\u0119 z&nbsp;r\u00f3\u017cnymi typami klient\u00f3w. Gotuj jedzenie zgodnie z&nbsp;zam\u00f3wieniami klient\u00f3w, dzia\u0142aj szybko i&nbsp;ulepszaj wszystkie urz\u0105dzenia na swoim stoisku, aby sprzeda\u017c by\u0142a szybsza i&nbsp;bardziej wydajna! Gotuj i&nbsp;obs\u0142uguj swoich klient\u00f3w! Ulepsz swoje obiekty! Dzia\u0142aj szybko i&nbsp;precyzyjnie! [&hellip;]<\/p>\n","protected":false},"featured_media":657997,"comment_status":"closed","ping_status":"closed","template":"","meta":{"ub_ctt_via":""},"product_cat":[223,78,222],"product_tag":[218],"class_list":["post-657376","product","type-product","status-publish","has-post-thumbnail","hentry","product_cat-casual","product_cat-simulation","product_cat-strategy","product_tag-games","platform-steam-works"],"_links":{"self":[{"href":"https:\/\/neuvee.com\/pl\/wp-json\/wp\/v2\/product\/657376","targetHints":{"allow":["GET"]}}],"collection":[{"href":"https:\/\/neuvee.com\/pl\/wp-json\/wp\/v2\/product"}],"about":[{"href":"https:\/\/neuvee.com\/pl\/wp-json\/wp\/v2\/types\/product"}],"replies":[{"embeddable":true,"href":"https:\/\/neuvee.com\/pl\/wp-json\/wp\/v2\/comments?post=657376"}],"wp:featuredmedia":[{"embeddable":true,"href":"https:\/\/neuvee.com\/pl\/wp-json\/wp\/v2\/media\/657997"}],"wp:attachment":[{"href":"https:\/\/neuvee.com\/pl\/wp-json\/wp\/v2\/media?parent=657376"}],"wp:term":[{"taxonomy":"product_cat","embeddable":true,"href":"https:\/\/neuvee.com\/pl\/wp-json\/wp\/v2\/product_cat?post=657376"},{"taxonomy":"product_tag","embeddable":true,"href":"https:\/\/neuvee.com\/pl\/wp-json\/wp\/v2\/product_tag?post=657376"}],"curies":[{"name":"wp","href":"https:\/\/api.w.org\/{rel}","templated":true}]}}