{"id":657369,"date":"2023-06-13T19:08:23","date_gmt":"2023-06-13T19:08:23","guid":{"rendered":"https:\/\/neuvee.com\/?post_type=product&#038;p=657369"},"modified":"2025-05-19T13:58:07","modified_gmt":"2025-05-19T13:58:07","slug":"recon-control-2","status":"publish","type":"product","link":"https:\/\/neuvee.com\/pl\/product\/recon-control-2\/","title":{"rendered":"RECON CONTROL"},"content":{"rendered":"<p>O tej grze<br \/>\nRecon Control jest mieszank\u0105 strategii turowej i&nbsp;platform\u00f3wki 2D z&nbsp;elementami walki. Wcielasz si\u0119 w niej dow\u00f3dc\u0119 ma\u0142ego oddzia\u0142u si\u0142 specjalnych. Wybieraj \u017co\u0142nierzy do okre\u015blonych zada\u0144, trenuj ich, kupuj ekwipunek i&nbsp;doprowad\u017a swoich \u017co\u0142nierzy do ko\u0144ca ka\u017cdej misji.<\/p>\n<p>Kluczowe cechy:<\/p>\n<p>    Wymagaj\u0105ca walka turowa pe\u0142na po\u0142\u0105czonych ze sob\u0105 mechanik.<br \/>\n    25 misji podzielonych na 3 kampanie.<br \/>\n    Drzewko umiej\u0119tno\u015bci z&nbsp;50 zdolno\u015bciami. Aktywne, pasywne i&nbsp;tajne zdolno\u015bci dostosuj\u0105 Twoich \u017co\u0142nierzy do Twojego stylu gry.<br \/>\n    57 dost\u0119pnych przedmiot\u00f3w do wyboru. Bro\u0144, pancerze, materia\u0142y wybuchowe, wytrychy i&nbsp;wiele wi\u0119cej.<br \/>\n    Tryb Ironman dla do\u015bwiadczonych graczy lub&nbsp;dla tych pragn\u0105cych wi\u0119kszego wyzwania na drugim podej\u015bciu.<\/p>\n<p><\/p>","protected":false},"excerpt":{"rendered":"<p>O tej grze Recon Control jest mieszank\u0105 strategii turowej i&nbsp;platform\u00f3wki 2D z&nbsp;elementami walki. Wcielasz si\u0119 w niej dow\u00f3dc\u0119 ma\u0142ego oddzia\u0142u si\u0142 specjalnych. Wybieraj \u017co\u0142nierzy do okre\u015blonych zada\u0144, trenuj ich, kupuj ekwipunek i&nbsp;doprowad\u017a swoich \u017co\u0142nierzy do ko\u0144ca ka\u017cdej misji. Kluczowe cechy: Wymagaj\u0105ca walka turowa pe\u0142na po\u0142\u0105czonych ze sob\u0105 mechanik. 25 misji podzielonych na 3 kampanie. Drzewko [&hellip;]<\/p>\n","protected":false},"featured_media":658319,"comment_status":"closed","ping_status":"closed","template":"","meta":{"ub_ctt_via":""},"product_cat":[78,222],"product_tag":[218],"class_list":["post-657369","product","type-product","status-publish","has-post-thumbnail","hentry","product_cat-simulation","product_cat-strategy","product_tag-games","platform-steam-works"],"_links":{"self":[{"href":"https:\/\/neuvee.com\/pl\/wp-json\/wp\/v2\/product\/657369","targetHints":{"allow":["GET"]}}],"collection":[{"href":"https:\/\/neuvee.com\/pl\/wp-json\/wp\/v2\/product"}],"about":[{"href":"https:\/\/neuvee.com\/pl\/wp-json\/wp\/v2\/types\/product"}],"replies":[{"embeddable":true,"href":"https:\/\/neuvee.com\/pl\/wp-json\/wp\/v2\/comments?post=657369"}],"wp:featuredmedia":[{"embeddable":true,"href":"https:\/\/neuvee.com\/pl\/wp-json\/wp\/v2\/media\/658319"}],"wp:attachment":[{"href":"https:\/\/neuvee.com\/pl\/wp-json\/wp\/v2\/media?parent=657369"}],"wp:term":[{"taxonomy":"product_cat","embeddable":true,"href":"https:\/\/neuvee.com\/pl\/wp-json\/wp\/v2\/product_cat?post=657369"},{"taxonomy":"product_tag","embeddable":true,"href":"https:\/\/neuvee.com\/pl\/wp-json\/wp\/v2\/product_tag?post=657369"}],"curies":[{"name":"wp","href":"https:\/\/api.w.org\/{rel}","templated":true}]}}