{"id":657317,"date":"2023-06-13T19:00:07","date_gmt":"2023-06-13T19:00:07","guid":{"rendered":"https:\/\/neuvee.com\/?post_type=product&#038;p=657317"},"modified":"2025-05-19T14:11:31","modified_gmt":"2025-05-19T14:11:31","slug":"pure-farming-2018-deluxe","status":"publish","type":"product","link":"https:\/\/neuvee.com\/pl\/product\/pure-farming-2018-deluxe\/","title":{"rendered":"PURE FARMING 2018 DELUXE"},"content":{"rendered":"<p>Edycja cyfrowa Deluxe zawiera:<br \/>\n&#8211; DLC z&nbsp;map\u0105 Niemiec<br \/>\n&#8211; Landini Rex F<br \/>\n&#8211; Lindner Geotrac 134ep<br \/>\n&#8211; Gomselmash Palesse CS-200<br \/>\n&#8211; Pakiet specjalnych stroj\u00f3w<\/p>\n<p>Poznaj globalny charakter wsp\u00f3\u0142czesnego rolnictwa w jego najczystszej formie z&nbsp;Pure Farming 2018: Edycja cyfrowa Deluxe. Powi\u0119ksz swoj\u0105 gr\u0119 o&nbsp;map\u0119 Niemiec z&nbsp;charakterystycznymi dla tego regionu ga\u0142\u0119ziami rolnictwa, takimi jak uprawa rzepaku czy hodowla owiec. Uzyskaj dost\u0119p do trzech dodatkowych wysoko wyspecjalizowanych maszyn i&nbsp;odbierz cztery specjalne stroje dla swojej postaci w grze. Ruszaj w \u015bwiat i&nbsp;rozwijaj swoje rolnicze imperium na czterech kontynentach!<\/p>\n<p>ROLNICTWO IDZIE W \u015aWIAT!<\/p>\n<p>Korzystaj z&nbsp;najnowszych technologii i&nbsp;licencjonowanych nowoczesnych maszyn, aby zarz\u0105dza\u0107 wszystkimi elementami pracy wsp\u00f3\u0142czesnego rolnika. Podr\u00f3\u017cuj mi\u0119dzy Europ\u0105, Azj\u0105 i&nbsp;obiema Amerykami, aby uprawia\u0107 charakterystyczne dla danego regionu ro\u015bliny, takie jak juta, kawa czy oliwki. Uprawiaj ziemi\u0119, tak jak chcesz, dzi\u0119ki trzem unikalnym trybom gry stworzonym po to, by zapewni\u0107 dobr\u0105 zabaw\u0119 zar\u00f3wno starym wyjadaczom symulator\u00f3w rolniczych, jak i&nbsp;zupe\u0142nie nowym graczom.<\/p>\n<p>CECHY GRY<\/p>\n<p>Spr\u00f3buj swoich si\u0142 we wszystkich mo\u017cliwych aspektach wsp\u00f3\u0142czesnego rolnictwa, takich jak hodowla zwierz\u0105t, sadownictwo, szklarnictwo, uprawa polowa, produkcja biomasy i&nbsp;inne.<\/p>\n<p>Korzystaj z&nbsp;pieczo\u0142owicie odtworzonych pojazd\u00f3w takich marek jak Zetor, Landini, McCormick, Gregoire, DAF, Mitsubishi i&nbsp;wiele innych. Dzi\u0119ki maszynom przeniesionym do gry z&nbsp;wielk\u0105 dba\u0142o\u015bci\u0105 o&nbsp;detale \u2013 nawet tak drobne jak waga i&nbsp;fizyka pojazdu \u2013 gracze mog\u0105 naprawd\u0119 si\u0119 dowiedzie\u0107, jak to jest kierowa\u0107 wsp\u00f3\u0142czesnym gospodarstwem.<\/p>\n<p>Podr\u00f3\u017cuj pomi\u0119dzy gospodarstwami po\u0142o\u017conymi we W\u0142oszech, w Kolumbii, Japonii i&nbsp;w stanie Montana w USA. Uprawiaj ro\u015bliny charakterystyczne dla okre\u015blonych region\u00f3w i&nbsp;korzystaj ze specjalistycznych maszyn niewidzianych dot\u0105d w symulatorach rolniczych, takich jak sadzarka do ry\u017cu, kombajn do juty i&nbsp;inne.<\/p>\n<p>Ciesz si\u0119 wolno\u015bci\u0105 prowadzenia wsp\u00f3\u0142czesnego gospodarstwa i&nbsp;staw czo\u0142a wszystkim zwi\u0105zanym z&nbsp;tym wyzwaniom w trybie \u201eSwobodna rozgrywka\u201d, opanuj tajniki rolnictwa w trybie \u201eMoje pierwsze gospodarstwo\u201d lub&nbsp;sprawd\u017a swoje umiej\u0119tno\u015bci w \u201eWyzwaniach rolniczych\u201d nastawionych na wykonanie konkretnego zadania.<br \/>\n<\/p>","protected":false},"excerpt":{"rendered":"<p>Edycja cyfrowa Deluxe zawiera: &#8211; DLC z&nbsp;map\u0105 Niemiec &#8211; Landini Rex F &#8211; Lindner Geotrac 134ep &#8211; Gomselmash Palesse CS-200 &#8211; Pakiet specjalnych stroj\u00f3w Poznaj globalny charakter wsp\u00f3\u0142czesnego rolnictwa w jego najczystszej formie z&nbsp;Pure Farming 2018: Edycja cyfrowa Deluxe. Powi\u0119ksz swoj\u0105 gr\u0119 o&nbsp;map\u0119 Niemiec z&nbsp;charakterystycznymi dla tego regionu ga\u0142\u0119ziami rolnictwa, takimi jak uprawa rzepaku czy [&hellip;]<\/p>\n","protected":false},"featured_media":658661,"comment_status":"closed","ping_status":"closed","template":"","meta":{"ub_ctt_via":""},"product_cat":[78],"product_tag":[218],"class_list":["post-657317","product","type-product","status-publish","has-post-thumbnail","hentry","product_cat-simulation","product_tag-games","platform-steam-works"],"_links":{"self":[{"href":"https:\/\/neuvee.com\/pl\/wp-json\/wp\/v2\/product\/657317","targetHints":{"allow":["GET"]}}],"collection":[{"href":"https:\/\/neuvee.com\/pl\/wp-json\/wp\/v2\/product"}],"about":[{"href":"https:\/\/neuvee.com\/pl\/wp-json\/wp\/v2\/types\/product"}],"replies":[{"embeddable":true,"href":"https:\/\/neuvee.com\/pl\/wp-json\/wp\/v2\/comments?post=657317"}],"wp:featuredmedia":[{"embeddable":true,"href":"https:\/\/neuvee.com\/pl\/wp-json\/wp\/v2\/media\/658661"}],"wp:attachment":[{"href":"https:\/\/neuvee.com\/pl\/wp-json\/wp\/v2\/media?parent=657317"}],"wp:term":[{"taxonomy":"product_cat","embeddable":true,"href":"https:\/\/neuvee.com\/pl\/wp-json\/wp\/v2\/product_cat?post=657317"},{"taxonomy":"product_tag","embeddable":true,"href":"https:\/\/neuvee.com\/pl\/wp-json\/wp\/v2\/product_tag?post=657317"}],"curies":[{"name":"wp","href":"https:\/\/api.w.org\/{rel}","templated":true}]}}