{"id":657313,"date":"2023-06-13T18:56:25","date_gmt":"2023-06-13T18:56:25","guid":{"rendered":"https:\/\/neuvee.com\/?post_type=product&#038;p=657313"},"modified":"2025-05-19T14:07:45","modified_gmt":"2025-05-19T14:07:45","slug":"project-highrise-tokyo-towers-2","status":"publish","type":"product","link":"https:\/\/neuvee.com\/pl\/product\/project-highrise-tokyo-towers-2\/","title":{"rendered":"PROJECT HIGHRISE: TOKYO TOWERS"},"content":{"rendered":"<p>Witaj w Tokio, stolicy wsp\u00f3\u0142czesnych rozwi\u0105za\u0144 i&nbsp;t\u0119tni\u0105cym sercu Kraju Wschodz\u0105cego S\u0142o\u0144ca. Odnalezienie miejsca, kt\u00f3re mo\u017cna nazwa\u0107 domem to wyzwanie dla sporej cz\u0119\u015bci najludniejszego miasta \u015bwiata. W rozszerzeniu Tokio Towers wybudujesz wie\u017cowce mieszkalne, b\u0119d\u0105ce schronieniem przed miejskim zgie\u0142kiem i&nbsp;oaz\u0105 spokoju w pieczo\u0142owicie zaprojektowanym chaosie tokijskiej architektury. Ze \u015bcian Twojego budynku wyrasta\u0107 b\u0119d\u0105 balkony i&nbsp;tarasy, kt\u00f3re otworz\u0105 drog\u0119 do relaksuj\u0105cego podziwiania wiecznie zape\u0142nionych ulic Tokio.<br \/>\nZ nowymi klasami apartament\u00f3w b\u0119dziesz mia\u0142 wiele mo\u017cliwo\u015bci na nauczenie si\u0119 oraz&nbsp;zaw\u0142adni\u0119cie skomplikowanym, zat\u0142oczonym i&nbsp;drogim \u015bwiatem tokijskiego rynku mieszkaniowego. Zaczynaj\u0105c od przemy\u015blnie skonstruowanych mikro-apartament\u00f3w, a&nbsp;na ogromnych penthouse&#8217;ach ko\u0144cz\u0105c \u2013 tak wygl\u0105da zestaw narz\u0119dzi, kt\u00f3re pomog\u0105 Ci zaprojektowa\u0107 blok mieszkalny wpisuj\u0105cy si\u0119, zar\u00f3wno wn\u0119trzem, jak i&nbsp;tym co poza murami, w unikalny klimat japo\u0144skiej architektury.<\/p>\n<p>Tokio zawsze by\u0142o metropoli\u0105 o&nbsp;jeden krok przed innymi je\u015bli chodzi o&nbsp;sztuk\u0119 i&nbsp;design. Pocz\u0105wszy od fontann i&nbsp;ogrod\u00f3w, a&nbsp;ozdobach i&nbsp;rze\u017abach ko\u0144cz\u0105c, to rozszerzenie wprowadza szerokie spektrum mo\u017cliwo\u015bci upi\u0119kszenia Twojego budynku, kt\u00f3ry b\u0119dzie mia\u0142 szans\u0119 sta\u0107 si\u0119 prawdziwie japo\u0144skim dzie\u0142em sztuki.<\/p>","protected":false},"excerpt":{"rendered":"<p>Witaj w Tokio, stolicy wsp\u00f3\u0142czesnych rozwi\u0105za\u0144 i&nbsp;t\u0119tni\u0105cym sercu Kraju Wschodz\u0105cego S\u0142o\u0144ca. Odnalezienie miejsca, kt\u00f3re mo\u017cna nazwa\u0107 domem to wyzwanie dla sporej cz\u0119\u015bci najludniejszego miasta \u015bwiata. W rozszerzeniu Tokio Towers wybudujesz wie\u017cowce mieszkalne, b\u0119d\u0105ce schronieniem przed miejskim zgie\u0142kiem i&nbsp;oaz\u0105 spokoju w pieczo\u0142owicie zaprojektowanym chaosie tokijskiej architektury. Ze \u015bcian Twojego budynku wyrasta\u0107 b\u0119d\u0105 balkony i&nbsp;tarasy, kt\u00f3re otworz\u0105 [&hellip;]<\/p>\n","protected":false},"featured_media":658342,"comment_status":"closed","ping_status":"closed","template":"","meta":{"ub_ctt_via":""},"product_cat":[78,222],"product_tag":[218],"class_list":["post-657313","product","type-product","status-publish","has-post-thumbnail","hentry","product_cat-simulation","product_cat-strategy","product_tag-games","platform-steam-works"],"_links":{"self":[{"href":"https:\/\/neuvee.com\/pl\/wp-json\/wp\/v2\/product\/657313","targetHints":{"allow":["GET"]}}],"collection":[{"href":"https:\/\/neuvee.com\/pl\/wp-json\/wp\/v2\/product"}],"about":[{"href":"https:\/\/neuvee.com\/pl\/wp-json\/wp\/v2\/types\/product"}],"replies":[{"embeddable":true,"href":"https:\/\/neuvee.com\/pl\/wp-json\/wp\/v2\/comments?post=657313"}],"wp:featuredmedia":[{"embeddable":true,"href":"https:\/\/neuvee.com\/pl\/wp-json\/wp\/v2\/media\/658342"}],"wp:attachment":[{"href":"https:\/\/neuvee.com\/pl\/wp-json\/wp\/v2\/media?parent=657313"}],"wp:term":[{"taxonomy":"product_cat","embeddable":true,"href":"https:\/\/neuvee.com\/pl\/wp-json\/wp\/v2\/product_cat?post=657313"},{"taxonomy":"product_tag","embeddable":true,"href":"https:\/\/neuvee.com\/pl\/wp-json\/wp\/v2\/product_tag?post=657313"}],"curies":[{"name":"wp","href":"https:\/\/api.w.org\/{rel}","templated":true}]}}