{"id":657309,"date":"2023-06-13T18:55:01","date_gmt":"2023-06-13T18:55:01","guid":{"rendered":"https:\/\/neuvee.com\/?post_type=product&#038;p=657309"},"modified":"2025-05-19T14:08:23","modified_gmt":"2025-05-19T14:08:23","slug":"project-highrise-london-life-2","status":"publish","type":"product","link":"https:\/\/neuvee.com\/pl\/product\/project-highrise-london-life-2\/","title":{"rendered":"PROJECT HIGHRISE: LONDON LIFE"},"content":{"rendered":"<p>Przybywasz do Londynu \u2013 \u015bwiatowego miasta finans\u00f3w i&nbsp;urz\u0119duj\u0105cego kr\u00f3la wsp\u00f3\u0142czesnej komunikacji masowej. Wie\u017cowce pojawiaj\u0105 si\u0119 jak grzyby po deszczu, poniewa\u017c&nbsp;\u015bwiat domaga si\u0119 przestrzeni biurowej w tej historycznej i&nbsp;pe\u0142nej przepychu stolicy Anglii. W London Life b\u0119dziesz wznosi\u0107 b\u0142yskotliwe biurowce dla tytan\u00f3w handlu, elity gie\u0142dowej i&nbsp;magnat\u00f3w medialnych. Twoje budynki ukoronuj\u0105 wznosz\u0105ce si\u0119 ku niebu anteny i&nbsp;talerze satelitarne daj\u0105ce dost\u0119p do globalnej sieci informacyjnej.<\/p>\n<p>Londyn wzywa<br \/>\nLondon Life dodaje 12 nowych najemc\u00f3w, kt\u00f3rzy chc\u0105 wynaj\u0105\u0107 pomieszczenia w tym rozchwytywanym kr\u00f3lewskim mie\u015bcie. Sektor finansowy zawsze garn\u0105\u0142 si\u0119 do Londynu, ka\u017cdy chce by\u0107 blisko miejskiego centrum handlu: od niewielkich bank\u00f3w po ogromne gie\u0142dy. Jednak ostatnio miastu nie mog\u0105 si\u0119 r\u00f3wnie\u017c oprze\u0107 wszelkiego rodzaju tw\u00f3rcy i&nbsp;arty\u015bci: od ma\u0142ych studi\u00f3w nagraniowych i&nbsp;niezale\u017cnych producent\u00f3w gier wideo po t\u0119tni\u0105ce \u017cyciem newsroomy i&nbsp;wspania\u0142e studia filmowe. Wszystkich przyci\u0105gaj\u0105 jasne \u015bwiat\u0142a i&nbsp;presti\u017c Londynu.<\/p>\n<p>Zaw\u0142adnij Wielk\u0105 Brytani\u0105<br \/>\nLondon Life wprowadza do twoich budynk\u00f3w brytyjskiego ducha. Tradycyjne puby i&nbsp;eleganckie restauracje nadadz\u0105 im angielskiego uroku. Pe\u0142ne przepychu hole z&nbsp;wyszukanymi \u017cyrandolami zrobi\u0105 wra\u017cenie na wszystkich, a&nbsp;ogrom zewn\u0119trznych dekoracji i&nbsp;wytwornych, nowych dzie\u0142 sztuki sprawi, \u017ce twoje londy\u0144skie gmachy b\u0119d\u0105 emanowa\u0107 splendorem.<\/p>\n<p><\/p>","protected":false},"excerpt":{"rendered":"<p>Przybywasz do Londynu \u2013 \u015bwiatowego miasta finans\u00f3w i&nbsp;urz\u0119duj\u0105cego kr\u00f3la wsp\u00f3\u0142czesnej komunikacji masowej. Wie\u017cowce pojawiaj\u0105 si\u0119 jak grzyby po deszczu, poniewa\u017c&nbsp;\u015bwiat domaga si\u0119 przestrzeni biurowej w tej historycznej i&nbsp;pe\u0142nej przepychu stolicy Anglii. W London Life b\u0119dziesz wznosi\u0107 b\u0142yskotliwe biurowce dla tytan\u00f3w handlu, elity gie\u0142dowej i&nbsp;magnat\u00f3w medialnych. Twoje budynki ukoronuj\u0105 wznosz\u0105ce si\u0119 ku niebu anteny i&nbsp;talerze satelitarne [&hellip;]<\/p>\n","protected":false},"featured_media":658084,"comment_status":"closed","ping_status":"closed","template":"","meta":{"ub_ctt_via":""},"product_cat":[78,222],"product_tag":[218],"class_list":["post-657309","product","type-product","status-publish","has-post-thumbnail","hentry","product_cat-simulation","product_cat-strategy","product_tag-games","platform-steam-works"],"_links":{"self":[{"href":"https:\/\/neuvee.com\/pl\/wp-json\/wp\/v2\/product\/657309","targetHints":{"allow":["GET"]}}],"collection":[{"href":"https:\/\/neuvee.com\/pl\/wp-json\/wp\/v2\/product"}],"about":[{"href":"https:\/\/neuvee.com\/pl\/wp-json\/wp\/v2\/types\/product"}],"replies":[{"embeddable":true,"href":"https:\/\/neuvee.com\/pl\/wp-json\/wp\/v2\/comments?post=657309"}],"wp:featuredmedia":[{"embeddable":true,"href":"https:\/\/neuvee.com\/pl\/wp-json\/wp\/v2\/media\/658084"}],"wp:attachment":[{"href":"https:\/\/neuvee.com\/pl\/wp-json\/wp\/v2\/media?parent=657309"}],"wp:term":[{"taxonomy":"product_cat","embeddable":true,"href":"https:\/\/neuvee.com\/pl\/wp-json\/wp\/v2\/product_cat?post=657309"},{"taxonomy":"product_tag","embeddable":true,"href":"https:\/\/neuvee.com\/pl\/wp-json\/wp\/v2\/product_tag?post=657309"}],"curies":[{"name":"wp","href":"https:\/\/api.w.org\/{rel}","templated":true}]}}