{"id":657305,"date":"2023-06-13T18:53:21","date_gmt":"2023-06-13T18:53:21","guid":{"rendered":"https:\/\/neuvee.com\/?post_type=product&#038;p=657305"},"modified":"2025-05-19T13:37:58","modified_gmt":"2025-05-19T13:37:58","slug":"project-highrise-brilliant-berlin-3","status":"publish","type":"product","link":"https:\/\/neuvee.com\/pl\/product\/project-highrise-brilliant-berlin-3\/","title":{"rendered":"PROJECT HIGHRISE: BRILLIANT BERLIN"},"content":{"rendered":"<p>Willkommen in Berlin! Miasto to w swojej niespokojnej historii do\u015bwiadcza\u0142o wielu zmian. A jednak&nbsp;zachowa\u0142o swoj\u0105 to\u017csamo\u015b\u0107. Jego charakter i&nbsp;entuzjazm przetrwa\u0142y do dzi\u015b i&nbsp;w zdumiewaj\u0105cy spos\u00f3b \u0142\u0105cz\u0105 sztuk\u0119 z&nbsp;przemys\u0142em. Berlin dzi\u015b spogl\u0105da w kierunku \u015bwietlanej przysz\u0142o\u015bci, nie zapominaj\u0105c o&nbsp;swojej przesz\u0142o\u015bci. Odzyskawszy miano stolicy Niemiec, miasto staje si\u0119 \u015bwiatowym centrum i&nbsp;synonimem odlotowo\u015bci. \u0d00<br \/>\n\u0d00<br \/>\nW Brilliant Berlin b\u0119dziecie musieli zaspokoi\u0107 rozmaite potrzeby tego kwitn\u0105cego miasta, a&nbsp;tak\u017ce dotrzyma\u0107 mu kroku. Je\u015bli chcecie odnie\u015b\u0107 sukces w Berlinie, musicie budowa\u0107 wie\u017cowce pe\u0142ne sztuki, udogodnie\u0144 i&nbsp;elegancji, kt\u00f3re przyci\u0105gn\u0105 wymagaj\u0105cych najemc\u00f3w.\u0d00<br \/>\n\u0d00<br \/>\nNiemiecka my\u015bl techniczna\u0d00<br \/>\n\u0d00<br \/>\nBrilliant Berlin udost\u0119pnia nowe biura i&nbsp;apartamenty, kt\u00f3re odzwierciedlaj\u0105 charakter mieszka\u0144c\u00f3w miasta. Natkniecie si\u0119 tutaj na producent\u00f3w oprogramowania tworz\u0105cych aplikacje, kt\u00f3re utoruj\u0105 drog\u0119 technologii nowej generacji, czy te\u017c wielkie firmy samochodowe, wi\u0119c&nbsp;zadbajcie o&nbsp;przestrzenie biurowe dla zr\u00f3\u017cnicowanych przedstawicieli rozwijaj\u0105cego si\u0119 Berlina. Apartamenty zaprojektowane z&nbsp;my\u015bl\u0105 o&nbsp;rodzinach i&nbsp;dzieciach sprawi\u0105, \u017ce b\u0119dziecie mie\u0107 sw\u00f3j udzia\u0142 w zapewnieniu miastu \u015bwietlanej przysz\u0142o\u015bci. Wasi nowi najemcy b\u0119d\u0105 mie\u0107 r\u00f3\u017cne wymagania, wi\u0119c&nbsp;zwracajcie uwag\u0119 na to, co im si\u0119 podoba, aby wypracowa\u0107 jak najwi\u0119ksze zyski.\u0d00<br \/>\n\u0d00<br \/>\nRozw\u00f3j miasta\u0d00<br \/>\n\u0d00<br \/>\nBrilliant Berlin daje wam i&nbsp;waszym doradcom wi\u0119kszy wp\u0142yw na miasto dzi\u0119ki nowym muzeum sztuki, biurom polityk\u00f3w, zwi\u0105zkom zawodowym czy biurom turystycznym. Korzystaj\u0105c z&nbsp;tych obiekt\u00f3w, b\u0119dziecie tworzy\u0107 lepsze i&nbsp;bardziej presti\u017cowe budynki. B\u0119dziecie musieli zapewni\u0107 wystarczaj\u0105co du\u017co miejsc parkingowych dla swoich nowych berli\u0144skich biur i&nbsp;apartament\u00f3w.  Niemieckie restauracje po\u0142\u0105czone z&nbsp;eleganckimi holami w stylu art deco oraz&nbsp;nowymi dzie\u0142ami sztuki zapewni\u0105 waszym budynkom miejsce na berli\u0144skim rynku nieruchomo\u015bci. Udekorujcie swoje nowe wie\u017cowce zielon\u0105 przestrzeni\u0105 z&nbsp;przyci\u0105gaj\u0105cymi dachowymi dekoracjami, a&nbsp;po ci\u0119\u017ckim dniu pracy wpadnijcie na kufel lagera do jednej z&nbsp;klasycznych niemieckich piwiarni. Prost!<\/p>\n<p><\/p>","protected":false},"excerpt":{"rendered":"<p>Willkommen in Berlin! Miasto to w swojej niespokojnej historii do\u015bwiadcza\u0142o wielu zmian. A jednak&nbsp;zachowa\u0142o swoj\u0105 to\u017csamo\u015b\u0107. Jego charakter i&nbsp;entuzjazm przetrwa\u0142y do dzi\u015b i&nbsp;w zdumiewaj\u0105cy spos\u00f3b \u0142\u0105cz\u0105 sztuk\u0119 z&nbsp;przemys\u0142em. Berlin dzi\u015b spogl\u0105da w kierunku \u015bwietlanej przysz\u0142o\u015bci, nie zapominaj\u0105c o&nbsp;swojej przesz\u0142o\u015bci. Odzyskawszy miano stolicy Niemiec, miasto staje si\u0119 \u015bwiatowym centrum i&nbsp;synonimem odlotowo\u015bci. \u0d00 \u0d00 W Brilliant Berlin [&hellip;]<\/p>\n","protected":false},"featured_media":658696,"comment_status":"closed","ping_status":"closed","template":"","meta":{"ub_ctt_via":""},"product_cat":[78,222],"product_tag":[218],"class_list":["post-657305","product","type-product","status-publish","has-post-thumbnail","hentry","product_cat-simulation","product_cat-strategy","product_tag-games","platform-steam-works"],"_links":{"self":[{"href":"https:\/\/neuvee.com\/pl\/wp-json\/wp\/v2\/product\/657305","targetHints":{"allow":["GET"]}}],"collection":[{"href":"https:\/\/neuvee.com\/pl\/wp-json\/wp\/v2\/product"}],"about":[{"href":"https:\/\/neuvee.com\/pl\/wp-json\/wp\/v2\/types\/product"}],"replies":[{"embeddable":true,"href":"https:\/\/neuvee.com\/pl\/wp-json\/wp\/v2\/comments?post=657305"}],"wp:featuredmedia":[{"embeddable":true,"href":"https:\/\/neuvee.com\/pl\/wp-json\/wp\/v2\/media\/658696"}],"wp:attachment":[{"href":"https:\/\/neuvee.com\/pl\/wp-json\/wp\/v2\/media?parent=657305"}],"wp:term":[{"taxonomy":"product_cat","embeddable":true,"href":"https:\/\/neuvee.com\/pl\/wp-json\/wp\/v2\/product_cat?post=657305"},{"taxonomy":"product_tag","embeddable":true,"href":"https:\/\/neuvee.com\/pl\/wp-json\/wp\/v2\/product_tag?post=657305"}],"curies":[{"name":"wp","href":"https:\/\/api.w.org\/{rel}","templated":true}]}}