{"id":657302,"date":"2023-06-13T18:52:03","date_gmt":"2023-06-13T18:52:03","guid":{"rendered":"https:\/\/neuvee.com\/?post_type=product&#038;p=657302"},"modified":"2025-05-19T13:33:48","modified_gmt":"2025-05-19T13:33:48","slug":"project-highrise-architects-edition-2","status":"publish","type":"product","link":"https:\/\/neuvee.com\/pl\/product\/project-highrise-architects-edition-2\/","title":{"rendered":"PROJECT HIGHRISE ARCHITECT&#8217;S EDITION"},"content":{"rendered":"<p>&#8221;Jeste\u015b architektem i&nbsp;Twoim zadaniem jest stawianie najwspanialszych wie\u017cowc\u00f3w, kt\u00f3re stan\u0105 si\u0119 dum\u0105 ca\u0142ego miasta, cudem designu i&nbsp;in\u017cynierii. Pami\u0119taj jednak, \u017ce wie\u017cowiec to co\u015b wi\u0119cej ni\u017c tylko szk\u0142o i&nbsp;stal \u2013 to skomplikowany ekosystem funkcjonuj\u0105cy dzi\u0119ki ludziom, kt\u00f3rzy w nim \u017cyj\u0105 i&nbsp;pracuj\u0105. Ta wyrafinowana machina wymaga pewnej r\u0119ki, dzi\u0119ki kt\u00f3rej zadzia\u0142a wydajnie i&nbsp;bez przeszk\u00f3d.<br \/>\n\u25cf Odkryj z\u0142o\u017con\u0105 symulacj\u0119 nowoczesnego wie\u017cowca<br \/>\n\u25cf Wznie\u015b wspania\u0142e biurowce dla tuz\u00f3w biznesu szukaj\u0105cych idealnej siedziby w centrum miasta<br \/>\n\u25cf Projektuj apartamentowce dla klient\u00f3w szukaj\u0105cych podniebnego domu<br \/>\n\u25cf Zadbaj o&nbsp;samopoczucie biznesmen\u00f3w i&nbsp;turyst\u00f3w w strzelistych hotelach<br \/>\n\u25cf Go\u015b\u0107 wydarzenia w wielkich centrach kongresowych i&nbsp;s\u0142ynnych salach koncertowych<br \/>\n\u25cf Przyci\u0105gaj go\u015bci centrami handlowymi z&nbsp;kusz\u0105cymi restauracjami i&nbsp;eleganckimi sklepami<br \/>\n\u25cf Poznaj rozgrywk\u0119 sandboksow\u0105 z&nbsp;kilkoma poziomami trudno\u015bci i&nbsp;wznie\u015b wymarzony wie\u017cowiec<br \/>\n\u25cf Z sukcesem uko\u0144cz tryb kampanii w 29 wyzwaniach ze scenariuszem&#8221;<\/p>\n<p><\/p>","protected":false},"excerpt":{"rendered":"<p>&#8221;Jeste\u015b architektem i&nbsp;Twoim zadaniem jest stawianie najwspanialszych wie\u017cowc\u00f3w, kt\u00f3re stan\u0105 si\u0119 dum\u0105 ca\u0142ego miasta, cudem designu i&nbsp;in\u017cynierii. Pami\u0119taj jednak, \u017ce wie\u017cowiec to co\u015b wi\u0119cej ni\u017c tylko szk\u0142o i&nbsp;stal \u2013 to skomplikowany ekosystem funkcjonuj\u0105cy dzi\u0119ki ludziom, kt\u00f3rzy w nim \u017cyj\u0105 i&nbsp;pracuj\u0105. Ta wyrafinowana machina wymaga pewnej r\u0119ki, dzi\u0119ki kt\u00f3rej zadzia\u0142a wydajnie i&nbsp;bez przeszk\u00f3d. \u25cf Odkryj z\u0142o\u017con\u0105 [&hellip;]<\/p>\n","protected":false},"featured_media":674568,"comment_status":"closed","ping_status":"closed","template":"","meta":{"ub_ctt_via":""},"product_cat":[78,222],"product_tag":[218],"class_list":["post-657302","product","type-product","status-publish","has-post-thumbnail","hentry","product_cat-simulation","product_cat-strategy","product_tag-games","platform-steam-works"],"_links":{"self":[{"href":"https:\/\/neuvee.com\/pl\/wp-json\/wp\/v2\/product\/657302","targetHints":{"allow":["GET"]}}],"collection":[{"href":"https:\/\/neuvee.com\/pl\/wp-json\/wp\/v2\/product"}],"about":[{"href":"https:\/\/neuvee.com\/pl\/wp-json\/wp\/v2\/types\/product"}],"replies":[{"embeddable":true,"href":"https:\/\/neuvee.com\/pl\/wp-json\/wp\/v2\/comments?post=657302"}],"wp:featuredmedia":[{"embeddable":true,"href":"https:\/\/neuvee.com\/pl\/wp-json\/wp\/v2\/media\/674568"}],"wp:attachment":[{"href":"https:\/\/neuvee.com\/pl\/wp-json\/wp\/v2\/media?parent=657302"}],"wp:term":[{"taxonomy":"product_cat","embeddable":true,"href":"https:\/\/neuvee.com\/pl\/wp-json\/wp\/v2\/product_cat?post=657302"},{"taxonomy":"product_tag","embeddable":true,"href":"https:\/\/neuvee.com\/pl\/wp-json\/wp\/v2\/product_tag?post=657302"}],"curies":[{"name":"wp","href":"https:\/\/api.w.org\/{rel}","templated":true}]}}