{"id":657295,"date":"2023-06-13T18:29:08","date_gmt":"2023-06-13T18:29:08","guid":{"rendered":"https:\/\/neuvee.com\/?post_type=product&#038;p=657295"},"modified":"2025-05-19T14:06:25","modified_gmt":"2025-05-19T14:06:25","slug":"potion-permit","status":"publish","type":"product","link":"https:\/\/neuvee.com\/pl\/product\/potion-permit\/","title":{"rendered":"POTION PERMIT"},"content":{"rendered":"<p>Informacje o\u00a0grze Miasteczko Moonbury zawsze podejrzliwie traktowa\u0142o wszelkie post\u0119py w \u015bwiecie zewn\u0119trznym i&nbsp;wola\u0142o polega\u0107 na tradycyjnych metodach uzdrawiania. Ale pewnego dnia c\u00f3rka burmistrza zachorowa\u0142a, a&nbsp;miejscowy znachor nie by\u0142 w stanie jej pom\u00f3c, wi\u0119c&nbsp;miasteczko musia\u0142o skorzysta\u0107 z&nbsp;pomocy na zewn\u0105trz swojej ma\u0142ej spo\u0142eczno\u015bci. Stowarzyszenie Medyczne postanowi\u0142o wys\u0142a\u0107 swojego najlepszego chemika \u2013 ciebie \u2013 aby uleczy\u0107 c\u00f3rk\u0119 burmistrza i&nbsp;przekona\u0107 mieszka\u0144c\u00f3w Moonbury do cud\u00f3w wsp\u00f3\u0142czesnej alchemii. Zdob\u0105d\u017a zaufanie miasteczka, zajmuj\u0105c si\u0119 ka\u017cdym chorym mieszka\u0144cem w tym otwartym RPG.<br \/>\n&#8211; Zajmuj si\u0119 mieszka\u0144cami Moonbury ma mniej wi\u0119cej 30 unikatowych mieszka\u0144c\u00f3w, kt\u00f3rzy b\u0119d\u0105 czasem chorowa\u0107 i&nbsp;prosi\u0107 ci\u0119 o&nbsp;pomoc. Chorzy mieszka\u0144cy b\u0119d\u0105 przerywa\u0107 swoje harmonogramy, aby odpocz\u0105\u0107 w \u0142\u00f3\u017cku i&nbsp;wyzdrowie\u0107.<br \/>\n&#8211; Diagnozuj symptomy i&nbsp;znajduj leki! Hmm&#8230; niskie t\u0119tno i&nbsp;spuchni\u0119ta w\u0105troba? A mo\u017ce skurcze w ramieniu? Nie, to wyra\u017ana oznaka pal\u0105cych p\u0142uc. Ten pacjent zjad\u0142 zbyt du\u017co \u017celatyny! \u0141atwo temu zaradzi\u0107 \u2013 wystarczy stworzy\u0107 mi\u0119tow\u0105 czar\u0119.<br \/>\n&#8211; Zbieraj sk\u0142adniki w otwartym \u015bwiecie Gdy zdecydujesz si\u0119 ju\u017c na mikstur\u0119, ma\u015b\u0107 czy balsam, zbierz sk\u0142adniki z&nbsp;otoczenia, u\u017cywaj\u0105c do tego swoich narz\u0119dzi. Ulepsz sw\u00f3j m\u0142ot, siekier\u0119 i&nbsp;kos\u0119, aby zdoby\u0107 dla nich nowe zamachy oraz&nbsp;ataki, kt\u00f3re pomog\u0105 ci w codziennych zadaniach. Uwa\u017caj na zmieniaj\u0105ce si\u0119 warunki pogodowe! Czasem mo\u017ce ci\u0119 zaskoczy\u0107 deszcz, \u015bnie\u017cyca czy nawet pal\u0105ce powietrze na pustyni.<br \/>\n&#8211; Stawiaj czo\u0142a potworom, aby zdoby\u0107 ich materia\u0142y Czasami zebranie materia\u0142\u00f3w jest trudniejsze od zebrania jag\u00f3d z&nbsp;krzewu \u2013 czasami trzeba zamieni\u0107 swoje solidne narz\u0119dzia w bronie, kt\u00f3re pozwol\u0105 zebra\u0107 materia\u0142y od potwor\u00f3w grasuj\u0105cych w pobliskiej dziczy. Walka odbywa si\u0119 w czasie rzeczywistym, a&nbsp;poniewa\u017c jeste\u015b chemikiem, b\u0119dziesz w stanie warzy\u0107 r\u00f3\u017cne mieszanki, kt\u00f3re ci\u0119 wzmocni\u0105 lub&nbsp;na\u0142o\u017c\u0105 na wrog\u00f3w r\u00f3\u017cne negatywne statusy. B\u0119dziesz te\u017c mie\u0107 do dyspozycji swoje narz\u0119dzia.<br \/>\n&#8211; Warz w swoim kotle lekarstwa Zebrane sk\u0142adniki mo\u017cesz wymiesza\u0107 w kotle, aby uwarzy\u0107 lekarstwa, witaminy i&nbsp;inne korzystne rzeczy. W miar\u0119 zyskiwania do\u015bwiadczenia b\u0119dziesz zdobywa\u0107 lepsze przepisy, kt\u00f3re wymagaj\u0105 wi\u0119cej sk\u0142adnik\u00f3w, ale zapewniaj\u0105 silniejsze efekty. Musisz ulepsza\u0107 sw\u00f3j kocio\u0142, aby pomie\u015bci\u0142 wi\u0119cej sk\u0142adnik\u00f3w na te bardziej z\u0142o\u017cone leki.<br \/>\n&#8211; Buduj relacje z&nbsp;mieszka\u0144cami miasteczka Wymaga to odrobiny czasu, ale dzi\u0119ki twoim wysi\u0142kom zdrowie pacjent\u00f3w znacznie si\u0119 poprawi. Taka poprawa zwi\u0119kszy twoj\u0105 reputacj\u0119 i&nbsp;sprawi, \u017ce mieszka\u0144cy troch\u0119 si\u0119 otworz\u0105. Kto wie, mo\u017ce nawet zbli\u017cysz si\u0119 do kt\u00f3rego\u015b z&nbsp;kawaler\u00f3w czy panien.<br \/>\n&#8211; Ulepszaj miasteczko i&nbsp;otaczaj\u0105ce je obszary Budowanie relacji z&nbsp;mieszka\u0144cami zwi\u0119ksza twoje poparcie, co pozwala ci ulepsza\u0107 budynki publiczne i&nbsp;rozbudowywa\u0107 mo\u017cliwe do zbadania obszary wok\u00f3\u0142 miasteczka. B\u0119dziesz te\u017c w stanie tworzy\u0107 nowe meble, dzi\u0119ki kt\u00f3rym nadasz swojemu mieszkaniu odpowiedni charakter!<br \/>\n&#8211; Naciesz si\u0119 sielankow\u0105 wsi\u0105 W wolnym czasie mi\u0119dzy pacjentami b\u0119dziesz w stanie swobodnie zwiedza\u0107 Moonbury oraz&nbsp;otaczaj\u0105ce je obszary. Poznaj lepiej r\u00f3\u017cnych mieszka\u0144c\u00f3w, odpocznij w karczmie lub&nbsp;id\u017a na ryby, aby z\u0142apa\u0107 co\u015b na kolacj\u0119. Moonbury to czaruj\u0105ce miejsce, w kt\u00f3rym czas zdaje si\u0119 p\u0142yn\u0105\u0107 nieco wolniej. \u017byje si\u0119 tu spokojniej ni\u017c w wielkim mie\u015bcie. Wraz z&nbsp;por\u0105 dnia zmienia\u0107 si\u0119 b\u0119dzie o\u015bwietlenie \u2013 rano ujrzysz jasne promyki s\u0142o\u0144ca na zielonych \u0142\u0105kach, a&nbsp;wieczorem latarnie roz\u015bwietl\u0105 ulice miasteczka \u2013 ale je\u015bli chodzi o&nbsp;cele gry, nie ma ogranicze\u0144 czasowych. Mo\u017cesz si\u0119 rozlu\u017ani\u0107 i&nbsp;robi\u0107 wszystko we w\u0142asnym tempie.<br \/>\n&#8211; Sp\u0119dzaj czas z&nbsp;wiernym towarzyszem Nie musisz czu\u0107 si\u0119 w Moonbury samotnie! Na ka\u017cdym kroku towarzyszy ci tw\u00f3j wierny pies. Mo\u017ce ci pom\u00f3c znale\u017a\u0107 ukryte przedmioty i&nbsp;wskaza\u0107 ci kierunek do wybranych mieszka\u0144c\u00f3w, wykonuj\u0105cych w czasie dnia r\u00f3\u017cne zadania.<\/p>\n<p><\/p>","protected":false},"excerpt":{"rendered":"<p>Informacje o\u00a0grze Miasteczko Moonbury zawsze podejrzliwie traktowa\u0142o wszelkie post\u0119py w \u015bwiecie zewn\u0119trznym i&nbsp;wola\u0142o polega\u0107 na tradycyjnych metodach uzdrawiania. Ale pewnego dnia c\u00f3rka burmistrza zachorowa\u0142a, a&nbsp;miejscowy znachor nie by\u0142 w stanie jej pom\u00f3c, wi\u0119c&nbsp;miasteczko musia\u0142o skorzysta\u0107 z&nbsp;pomocy na zewn\u0105trz swojej ma\u0142ej spo\u0142eczno\u015bci. Stowarzyszenie Medyczne postanowi\u0142o wys\u0142a\u0107 swojego najlepszego chemika \u2013 ciebie \u2013 aby uleczy\u0107 c\u00f3rk\u0119 burmistrza [&hellip;]<\/p>\n","protected":false},"featured_media":658326,"comment_status":"closed","ping_status":"closed","template":"","meta":{"ub_ctt_via":""},"product_cat":[88,127],"product_tag":[218],"class_list":["post-657295","product","type-product","status-publish","has-post-thumbnail","hentry","product_cat-action","product_cat-adventure","product_tag-games","platform-steam-works"],"_links":{"self":[{"href":"https:\/\/neuvee.com\/pl\/wp-json\/wp\/v2\/product\/657295","targetHints":{"allow":["GET"]}}],"collection":[{"href":"https:\/\/neuvee.com\/pl\/wp-json\/wp\/v2\/product"}],"about":[{"href":"https:\/\/neuvee.com\/pl\/wp-json\/wp\/v2\/types\/product"}],"replies":[{"embeddable":true,"href":"https:\/\/neuvee.com\/pl\/wp-json\/wp\/v2\/comments?post=657295"}],"wp:featuredmedia":[{"embeddable":true,"href":"https:\/\/neuvee.com\/pl\/wp-json\/wp\/v2\/media\/658326"}],"wp:attachment":[{"href":"https:\/\/neuvee.com\/pl\/wp-json\/wp\/v2\/media?parent=657295"}],"wp:term":[{"taxonomy":"product_cat","embeddable":true,"href":"https:\/\/neuvee.com\/pl\/wp-json\/wp\/v2\/product_cat?post=657295"},{"taxonomy":"product_tag","embeddable":true,"href":"https:\/\/neuvee.com\/pl\/wp-json\/wp\/v2\/product_tag?post=657295"}],"curies":[{"name":"wp","href":"https:\/\/api.w.org\/{rel}","templated":true}]}}