{"id":657293,"date":"2023-06-13T18:28:21","date_gmt":"2023-06-13T18:28:21","guid":{"rendered":"https:\/\/neuvee.com\/?post_type=product&#038;p=657293"},"modified":"2025-05-19T13:22:37","modified_gmt":"2025-05-19T13:22:37","slug":"planet-cube-edge-4","status":"publish","type":"product","link":"https:\/\/neuvee.com\/pl\/product\/planet-cube-edge-4\/","title":{"rendered":"PLANET CUBE: EDGE"},"content":{"rendered":"<p>Planeta Sze\u015bcian jest atakowana przez tajemniczych naje\u017ad\u017ac\u00f3w, a&nbsp;jej mieszka\u0144cy nie s\u0105 gotowi do walki. Wi\u0119kszo\u015b\u0107 sze\u015bcian\u00f3w p\u0119dzi do najbli\u017cszego wyj\u015bcia, ale kanciasty technik o&nbsp;imieniu Edge chce spr\u00f3bowa\u0107 ocali\u0107 \u015bwiat. Oczywi\u015bcie pomog\u0105 mu w tym koledzy z&nbsp;pracy i&nbsp;genialny doktor Quadratus, a&nbsp;tak\u017ce bogaty arsena\u0142 eksperymentalnej broni&#8230;<\/p>\n<p>Ale dlaczego jego planeta jest atakowana? Kim s\u0105 ci naje\u017ad\u017acy? Odpowiedzi na to pytanie stan\u0105 si\u0119 jasne, gdy nasz bohater b\u0119dzie przemierza\u0107 podwodn\u0105 plac\u00f3wk\u0119 naukow\u0105, w kt\u00f3rej za ka\u017cdym rogiem czai si\u0119 niebezpiecze\u0144stwo!<\/p>\n<p>Rozgrywka<br \/>\nBiegaj, strzelaj i&nbsp;skacz w podwodnej plac\u00f3wce naukowej, zbieraj\u0105c bro\u0144, by odegra\u0107 si\u0119 na tajemniczych naje\u017ad\u017acach.<\/p>\n<p>To pr\u0119dka i&nbsp;wymagaj\u0105ca du\u017cych umiej\u0119tno\u015bci platform\u00f3wka, w kt\u00f3rej wykorzystasz sw\u00f3j refleks i&nbsp;nieograniczon\u0105 liczb\u0119 \u017cy\u0107, by walczy\u0107 z&nbsp;hordami naje\u017ad\u017ac\u00f3w oraz&nbsp;b\u0119dziesz unika\u0107 zagro\u017ce\u0144 i&nbsp;pu\u0142apek, pr\u00f3buj\u0105c ocali\u0107 \u015bwiat.<\/p>\n<p>Planet Cube: Edge to rozrywkowa platform\u00f3wka typu run and gun, pe\u0142na wyzwa\u0144 i&nbsp;zabawy na d\u0142ugie godziny.<\/p>\n<p>Grafika<br \/>\nDwukolorowy, podwodny obszar planety Sze\u015bcian, starannie namalowany, jest spe\u0142nieniem marze\u0144 ka\u017cdego mi\u0142o\u015bnika pixel art. Ka\u017cdy piksel zosta\u0142 precyzyjnie umieszczony w odpowiednim miejscu, od odleg\u0142ego dna oceanu, po najmniejsze szczeg\u00f3\u0142y laboratorium badawczego.<\/p>\n<p>\u015awiat gry jest pe\u0142en wyrazistych, pe\u0142nych charakteru sze\u015bcian\u00f3w, najechanych przez ras\u0119 kreatywnych przeciwnik\u00f3w dysponuj\u0105cych arsena\u0142em broni takiej jak pot\u0119\u017cne czo\u0142gi czy olbrzymie mechaniczne kraby.<\/p>\n<p>Ale opr\u00f3cz pikseli odnajdziesz tu te\u017c p\u0142ynne animacje w stylu filmowym, w kt\u00f3rych powaga historii jest roz\u0142adowywana dowcipnymi dialogami, wywo\u0142uj\u0105c u\u015bmiech na twarzy gracza w ka\u017cdym momencie gry.<\/p>\n<p><\/p>","protected":false},"excerpt":{"rendered":"<p>Planeta Sze\u015bcian jest atakowana przez tajemniczych naje\u017ad\u017ac\u00f3w, a&nbsp;jej mieszka\u0144cy nie s\u0105 gotowi do walki. Wi\u0119kszo\u015b\u0107 sze\u015bcian\u00f3w p\u0119dzi do najbli\u017cszego wyj\u015bcia, ale kanciasty technik o&nbsp;imieniu Edge chce spr\u00f3bowa\u0107 ocali\u0107 \u015bwiat. Oczywi\u015bcie pomog\u0105 mu w tym koledzy z&nbsp;pracy i&nbsp;genialny doktor Quadratus, a&nbsp;tak\u017ce bogaty arsena\u0142 eksperymentalnej broni&#8230; Ale dlaczego jego planeta jest atakowana? Kim s\u0105 ci naje\u017ad\u017acy? Odpowiedzi [&hellip;]<\/p>\n","protected":false},"featured_media":657867,"comment_status":"closed","ping_status":"closed","template":"","meta":{"ub_ctt_via":""},"product_cat":[88,127],"product_tag":[218],"class_list":["post-657293","product","type-product","status-publish","has-post-thumbnail","hentry","product_cat-action","product_cat-adventure","product_tag-games","platform-steam-works"],"_links":{"self":[{"href":"https:\/\/neuvee.com\/pl\/wp-json\/wp\/v2\/product\/657293","targetHints":{"allow":["GET"]}}],"collection":[{"href":"https:\/\/neuvee.com\/pl\/wp-json\/wp\/v2\/product"}],"about":[{"href":"https:\/\/neuvee.com\/pl\/wp-json\/wp\/v2\/types\/product"}],"replies":[{"embeddable":true,"href":"https:\/\/neuvee.com\/pl\/wp-json\/wp\/v2\/comments?post=657293"}],"wp:featuredmedia":[{"embeddable":true,"href":"https:\/\/neuvee.com\/pl\/wp-json\/wp\/v2\/media\/657867"}],"wp:attachment":[{"href":"https:\/\/neuvee.com\/pl\/wp-json\/wp\/v2\/media?parent=657293"}],"wp:term":[{"taxonomy":"product_cat","embeddable":true,"href":"https:\/\/neuvee.com\/pl\/wp-json\/wp\/v2\/product_cat?post=657293"},{"taxonomy":"product_tag","embeddable":true,"href":"https:\/\/neuvee.com\/pl\/wp-json\/wp\/v2\/product_tag?post=657293"}],"curies":[{"name":"wp","href":"https:\/\/api.w.org\/{rel}","templated":true}]}}