{"id":656275,"date":"2023-06-07T19:20:13","date_gmt":"2023-06-07T19:20:13","guid":{"rendered":"https:\/\/neuvee.com\/?post_type=product&#038;p=656275"},"modified":"2025-05-19T13:30:39","modified_gmt":"2025-05-19T13:30:39","slug":"paw-paw-paw-2","status":"publish","type":"product","link":"https:\/\/neuvee.com\/pl\/product\/paw-paw-paw-2\/","title":{"rendered":"PAW PAW PAW"},"content":{"rendered":"<p>Paw Paw Paw jest dwuwymiarow\u0105 bijatyk\u0105 w klasycznym stylu. Grasz jako cz\u0142onek ruchu oporu, kt\u00f3ry ma na celu obalenie szalonego Kr\u00f3la. Wywalcz swoj\u0105 drog\u0119 do zwyci\u0119stwa i&nbsp;ubij swoich wrog\u00f3w na miazg\u0119!<br \/>\nKLUCZOWE FUNKCJE<br \/>\nGraj sam lub&nbsp;w trybie kooperacji do 4 graczy<br \/>\nRozwijaj swoj\u0105 posta\u0107<br \/>\nOdblokuj nowe kombinacje atak\u00f3w<br \/>\nZbieraj i&nbsp;u\u017cywaj nowej broni<br \/>\nZnajd\u017a towarzysza, kt\u00f3ry pomo\u017ce Ci w walce<br \/>\nWykorzystaj swojego wierzchowca w walce<\/p>\n<p>POSTACIE<br \/>\nDo wyboru s\u0105 cztery postacie startowe, a&nbsp;z czasem mo\u017cna odblokowa\u0107 ich wi\u0119cej, przechodz\u0105c gr\u0119. Ka\u017cda posta\u0107 ma w\u0142asne umiej\u0119tno\u015bci, statystyki, kombinacje atak\u00f3w i&nbsp;preferencje co do broni. Wybierz posta\u0107, kt\u00f3ra pasuje do Twojego stylu gry!<\/p>\n<p>BRO\u0143<br \/>\nOdblokuj now\u0105, pot\u0119\u017cn\u0105 bro\u0144 dla swoich postaci! Ka\u017cda bro\u0144 ma w\u0142asne statystyki i&nbsp;bonusy. Zbieraj bro\u0144, pokonuj\u0105c przeciwnik\u00f3w i&nbsp;boss\u00f3w. Mo\u017cesz te\u017c kupowa\u0107 now\u0105 bro\u0144 od podr\u00f3\u017cuj\u0105cych kupc\u00f3w.<\/p>\n<p>POSTERUNEK<br \/>\nPosterunki s\u0105 miejscami, kt\u00f3re mo\u017cesz odwiedza\u0107 mi\u0119dzy poziomami. Miejscami, gdzie mo\u017cesz odpocz\u0105\u0107 i&nbsp;przygotowa\u0107 si\u0119 do nast\u0119pnej misji. W posterunkach mo\u017cesz rozwija\u0107 postacie, uzbroi\u0107 si\u0119 w now\u0105 bro\u0144, uzupe\u0142ni\u0107 zapasy, a&nbsp;tak\u017ce kupowa\u0107 przedmioty i&nbsp;rekrutowa\u0107 nowych towarzyszy.<\/p>\n<p><\/p>","protected":false},"excerpt":{"rendered":"<p>Paw Paw Paw jest dwuwymiarow\u0105 bijatyk\u0105 w klasycznym stylu. Grasz jako cz\u0142onek ruchu oporu, kt\u00f3ry ma na celu obalenie szalonego Kr\u00f3la. Wywalcz swoj\u0105 drog\u0119 do zwyci\u0119stwa i&nbsp;ubij swoich wrog\u00f3w na miazg\u0119! KLUCZOWE FUNKCJE Graj sam lub&nbsp;w trybie kooperacji do 4 graczy Rozwijaj swoj\u0105 posta\u0107 Odblokuj nowe kombinacje atak\u00f3w Zbieraj i&nbsp;u\u017cywaj nowej broni Znajd\u017a towarzysza, kt\u00f3ry [&hellip;]<\/p>\n","protected":false},"featured_media":656976,"comment_status":"closed","ping_status":"closed","template":"","meta":{"ub_ctt_via":""},"product_cat":[88,127],"product_tag":[218],"class_list":["post-656275","product","type-product","status-publish","has-post-thumbnail","hentry","product_cat-action","product_cat-adventure","product_tag-games","platform-steam-works"],"_links":{"self":[{"href":"https:\/\/neuvee.com\/pl\/wp-json\/wp\/v2\/product\/656275","targetHints":{"allow":["GET"]}}],"collection":[{"href":"https:\/\/neuvee.com\/pl\/wp-json\/wp\/v2\/product"}],"about":[{"href":"https:\/\/neuvee.com\/pl\/wp-json\/wp\/v2\/types\/product"}],"replies":[{"embeddable":true,"href":"https:\/\/neuvee.com\/pl\/wp-json\/wp\/v2\/comments?post=656275"}],"wp:featuredmedia":[{"embeddable":true,"href":"https:\/\/neuvee.com\/pl\/wp-json\/wp\/v2\/media\/656976"}],"wp:attachment":[{"href":"https:\/\/neuvee.com\/pl\/wp-json\/wp\/v2\/media?parent=656275"}],"wp:term":[{"taxonomy":"product_cat","embeddable":true,"href":"https:\/\/neuvee.com\/pl\/wp-json\/wp\/v2\/product_cat?post=656275"},{"taxonomy":"product_tag","embeddable":true,"href":"https:\/\/neuvee.com\/pl\/wp-json\/wp\/v2\/product_tag?post=656275"}],"curies":[{"name":"wp","href":"https:\/\/api.w.org\/{rel}","templated":true}]}}