{"id":656126,"date":"2023-06-07T18:59:19","date_gmt":"2023-06-07T18:59:19","guid":{"rendered":"https:\/\/neuvee.com\/?post_type=product&#038;p=656126"},"modified":"2025-05-19T14:02:51","modified_gmt":"2025-05-19T14:02:51","slug":"outer-wilds-5","status":"publish","type":"product","link":"https:\/\/neuvee.com\/pl\/product\/outer-wilds-5\/","title":{"rendered":"OUTER WILDS"},"content":{"rendered":"<p>Outer Wilds to wielokrotnie nagradzany i&nbsp;\u015bwietnie odebrany tytu\u0142 uznany za gr\u0119 roku 2019 przez Giant Bomb, Polygon, Eurogamer i&nbsp;The Guardian. Akcja tej tajemniczej gry toczy si\u0119 w otwartym \u015bwiecie, gdzie ca\u0142y uk\u0142ad s\u0142oneczny jest uwi\u0119ziony w nieko\u0144cz\u0105cej si\u0119 p\u0119tli czasowej.<\/p>\n<p>Witaj w programie kosmicznym!<br \/>\nJeste\u015b najnowszym rekrutem Outer Wilds Ventures &#8211; stawiaj\u0105cego swoje pierwsze kroki programu kosmicznego, kt\u00f3rego zadaniem jest poszukiwanie odpowiedzi w osobliwym i&nbsp;nieustannie zmieniaj\u0105cym si\u0119 uk\u0142adzie s\u0142onecznym.<\/p>\n<p>Tajemnice uk\u0142adu s\u0142onecznego\u2026<br \/>\nCo kryje si\u0119 w sercu z\u0142owrogiej formacji Dark Bramble? Kto wybudowa\u0142 tajemnicze ruiny na ksi\u0119\u017cycu? Czy niesko\u0144czona p\u0119tla czasowa mo\u017ce zosta\u0107 zatrzymana? Odpowiedzi na te pytania znajdziesz wy\u0142\u0105cznie z&nbsp;najbardziej niedost\u0119pnych zak\u0105tkach kosmosu.<\/p>\n<p>Kosmos, kt\u00f3ry zmienia si\u0119 z&nbsp;up\u0142ywem czasu<br \/>\nPlanety Outer Wilds pe\u0142ne s\u0105 tajemnic i&nbsp;ukrytych miejsc, kt\u00f3re zmieniaj\u0105 si\u0119 wraz z&nbsp;up\u0142ywem czasu. Odwied\u017a podziemne miasto, nim poch\u0142onie je piasek, lub&nbsp;eksploruj powierzchni\u0119 planety, gdy ta rozpada si\u0119 pod twoimi stopami. Ka\u017cda tajemnica strze\u017cona jest przez niebezpieczne otoczenie i&nbsp;katastrofy naturalne.<\/p>\n<p>Wyrusz w mi\u0119dzygalaktyczn\u0105 podr\u00f3\u017c!<br \/>\nZgromad\u017a sw\u00f3j sprz\u0119t podr\u00f3\u017cniczy, sprawd\u017a poziom tlenu i&nbsp;przygotuj si\u0119 na wypraw\u0119 w kosmos. Korzystaj z&nbsp;rozlicznych przedmiot\u00f3w, kt\u00f3re pomog\u0105 ci w eksploracji twojego otoczenia, namierzaj zagadkowe sygna\u0142y, odczytuj zapiski kosmit\u00f3w i&nbsp;upiecz najlepsze pianki we wszech\u015bwiecie.<\/p>\n<p><\/p>","protected":false},"excerpt":{"rendered":"<p>Outer Wilds to wielokrotnie nagradzany i&nbsp;\u015bwietnie odebrany tytu\u0142 uznany za gr\u0119 roku 2019 przez Giant Bomb, Polygon, Eurogamer i&nbsp;The Guardian. Akcja tej tajemniczej gry toczy si\u0119 w otwartym \u015bwiecie, gdzie ca\u0142y uk\u0142ad s\u0142oneczny jest uwi\u0119ziony w nieko\u0144cz\u0105cej si\u0119 p\u0119tli czasowej. Witaj w programie kosmicznym! Jeste\u015b najnowszym rekrutem Outer Wilds Ventures &#8211; stawiaj\u0105cego swoje pierwsze kroki [&hellip;]<\/p>\n","protected":false},"featured_media":656524,"comment_status":"closed","ping_status":"closed","template":"","meta":{"ub_ctt_via":""},"product_cat":[227],"product_tag":[218],"class_list":["post-656126","product","type-product","status-publish","has-post-thumbnail","hentry","product_cat-action-adventure","product_tag-games","platform-steam-works"],"_links":{"self":[{"href":"https:\/\/neuvee.com\/pl\/wp-json\/wp\/v2\/product\/656126","targetHints":{"allow":["GET"]}}],"collection":[{"href":"https:\/\/neuvee.com\/pl\/wp-json\/wp\/v2\/product"}],"about":[{"href":"https:\/\/neuvee.com\/pl\/wp-json\/wp\/v2\/types\/product"}],"replies":[{"embeddable":true,"href":"https:\/\/neuvee.com\/pl\/wp-json\/wp\/v2\/comments?post=656126"}],"wp:featuredmedia":[{"embeddable":true,"href":"https:\/\/neuvee.com\/pl\/wp-json\/wp\/v2\/media\/656524"}],"wp:attachment":[{"href":"https:\/\/neuvee.com\/pl\/wp-json\/wp\/v2\/media?parent=656126"}],"wp:term":[{"taxonomy":"product_cat","embeddable":true,"href":"https:\/\/neuvee.com\/pl\/wp-json\/wp\/v2\/product_cat?post=656126"},{"taxonomy":"product_tag","embeddable":true,"href":"https:\/\/neuvee.com\/pl\/wp-json\/wp\/v2\/product_tag?post=656126"}],"curies":[{"name":"wp","href":"https:\/\/api.w.org\/{rel}","templated":true}]}}