{"id":656103,"date":"2023-06-07T18:52:59","date_gmt":"2023-06-07T18:52:59","guid":{"rendered":"https:\/\/neuvee.com\/?post_type=product&#038;p=656103"},"modified":"2025-05-19T13:23:09","modified_gmt":"2025-05-19T13:23:09","slug":"orcs-must-die-3-cold-as-eyes-2","status":"publish","type":"product","link":"https:\/\/neuvee.com\/pl\/product\/orcs-must-die-3-cold-as-eyes-2\/","title":{"rendered":"ORCS MUST DIE! 3 COLD AS EYES"},"content":{"rendered":"<p>W kampanii \u201eLodowate spojrzenie\u201d magowie bitewni musz\u0105 stawi\u0107 czo\u0142a pot\u0119\u017cnym cyklopom na trzech nowych mapach! Powstrzymaj natarcie hord ork\u00f3w, korzystaj\u0105c z&nbsp;nowych narz\u0119dzi wprowadzanych wraz z&nbsp;kampani\u0105, w tym pu\u0142apki ze stopionym z\u0142otem, artefaktu cyklopowego spojrzenia i&nbsp;miotacza ognia.<br \/>\nPakiet zawarto\u015bci do pobrania \u201eLodowate spojrzenie\u201d zawiera:<br \/>\n3 nowe scenariusze w lodowatych okoliczno\u015bciach przyrody \u2013 mapy dost\u0119pne w kampanii oraz&nbsp;trybach niesko\u0144czonym i<br \/>\nmieszanym.<br \/>\nNow\u0105 ras\u0119 cyklop\u00f3w \u2013 nale\u017c\u0105ce do niej jednostki w chwili \u015bmierci lecz\u0105 wszystkich pobliskich cyklop\u00f3w.<br \/>\nNowego cyklopowego przeciwnika: szamana \u2013 tworzy totemy, kt\u00f3re wy\u0142\u0105czaj\u0105 pu\u0142apki mag\u00f3w bitewnych.<br \/>\nNowego cyklopowego przeciwnika: hipnotyzera \u2013 \u015bledzi mag\u00f3w bitewnych za pomoc\u0105 pot\u0119\u017cnego magicznego promienia.<br \/>\nNowych cyklopowych przeciwnik\u00f3w: \u015brednich i&nbsp;ci\u0119\u017ckich \u2013 wzmacniaj\u0105 cyklopow\u0105 armi\u0119.<br \/>\nNow\u0105 bro\u0144: miotacz ognia \u2013 pali wrog\u00f3w pot\u0119\u017cnym ognistym atakiem alternatywnym.<br \/>\nNowy artefakt: cyklopowe spojrzenie \u2013 zmienia mag\u00f3w bitewnych i&nbsp;ich wrog\u00f3w w kamie\u0144.<br \/>\nNow\u0105 pu\u0142apk\u0119: stopione z\u0142oto \u2013 pokrywa wrog\u00f3w z\u0142otem i&nbsp;sprawia, \u017ce mog\u0105 upu\u015bci\u0107 specjaln\u0105 monet\u0119.<br \/>\nNowe wzmocnienia i&nbsp;os\u0142abienia \u2013 nowe zr\u00f3\u017cnicowane dodatki do trybu mieszanego.<\/p>\n<p><\/p>","protected":false},"excerpt":{"rendered":"<p>W kampanii \u201eLodowate spojrzenie\u201d magowie bitewni musz\u0105 stawi\u0107 czo\u0142a pot\u0119\u017cnym cyklopom na trzech nowych mapach! Powstrzymaj natarcie hord ork\u00f3w, korzystaj\u0105c z&nbsp;nowych narz\u0119dzi wprowadzanych wraz z&nbsp;kampani\u0105, w tym pu\u0142apki ze stopionym z\u0142otem, artefaktu cyklopowego spojrzenia i&nbsp;miotacza ognia. Pakiet zawarto\u015bci do pobrania \u201eLodowate spojrzenie\u201d zawiera: 3 nowe scenariusze w lodowatych okoliczno\u015bciach przyrody \u2013 mapy dost\u0119pne w kampanii [&hellip;]<\/p>\n","protected":false},"featured_media":656310,"comment_status":"closed","ping_status":"closed","template":"","meta":{"ub_ctt_via":""},"product_cat":[222],"product_tag":[218],"class_list":["post-656103","product","type-product","status-publish","has-post-thumbnail","hentry","product_cat-strategy","product_tag-games","platform-steam-works"],"_links":{"self":[{"href":"https:\/\/neuvee.com\/pl\/wp-json\/wp\/v2\/product\/656103","targetHints":{"allow":["GET"]}}],"collection":[{"href":"https:\/\/neuvee.com\/pl\/wp-json\/wp\/v2\/product"}],"about":[{"href":"https:\/\/neuvee.com\/pl\/wp-json\/wp\/v2\/types\/product"}],"replies":[{"embeddable":true,"href":"https:\/\/neuvee.com\/pl\/wp-json\/wp\/v2\/comments?post=656103"}],"wp:featuredmedia":[{"embeddable":true,"href":"https:\/\/neuvee.com\/pl\/wp-json\/wp\/v2\/media\/656310"}],"wp:attachment":[{"href":"https:\/\/neuvee.com\/pl\/wp-json\/wp\/v2\/media?parent=656103"}],"wp:term":[{"taxonomy":"product_cat","embeddable":true,"href":"https:\/\/neuvee.com\/pl\/wp-json\/wp\/v2\/product_cat?post=656103"},{"taxonomy":"product_tag","embeddable":true,"href":"https:\/\/neuvee.com\/pl\/wp-json\/wp\/v2\/product_tag?post=656103"}],"curies":[{"name":"wp","href":"https:\/\/api.w.org\/{rel}","templated":true}]}}