{"id":656093,"date":"2023-06-07T18:40:51","date_gmt":"2023-06-07T18:40:51","guid":{"rendered":"https:\/\/neuvee.com\/?post_type=product&#038;p=656093"},"modified":"2025-05-19T14:01:13","modified_gmt":"2025-05-19T14:01:13","slug":"orcs-must-die-3-tipping-the-scales-dlc-6","status":"publish","type":"product","link":"https:\/\/neuvee.com\/pl\/product\/orcs-must-die-3-tipping-the-scales-dlc-6\/","title":{"rendered":"ORCS MUST DIE! 3 &#8211; TIPPING THE SCALES DLC"},"content":{"rendered":"<p>W kampanii Walka na \u0142uski musisz odeprze\u0107 inwazj\u0119 nowej rasy, Tuatara, na pi\u0119ciu nowych mapach, w\u0142\u0105cznie z&nbsp;nowym scenariuszem wojennym! U\u017cyj nowego wyposa\u017cenia, aby stawi\u0107 czo\u0142a nowej zdolno\u015bci specjalnej Tuatara, kt\u00f3ra ogranicza ponoszone przez wrog\u00f3w obra\u017cenia. Tuatara \u2013 zab\u00f3jca jest szczeg\u00f3lnie gro\u017an\u0105 jednostk\u0105, kt\u00f3ra mo\u017ce atakowa\u0107 z&nbsp;zaskoczenia i&nbsp;unika\u0107 pu\u0142apek!<br \/>\nDLC Walka na \u0142uski zawiera:<br \/>\n5 nowych scenariusz \u2013 3 standardowe scenariusze, 1 scenariusz wojenny, 1 Orcs Must Die! Unchained Redux<\/p>\n<p>Now\u0105 ras\u0119 wrog\u00f3w \u2013 Tuatara \u2013 ze zdolno\u015bci\u0105 Ograniczone obra\u017cenia (wrogie jednostki mog\u0105 ponie\u015b\u0107 ograniczon\u0105 ilo\u015b\u0107 obra\u017ce\u0144 na \u017ar\u00f3d\u0142o)<\/p>\n<p>Nowe typy wrog\u00f3w \u2013 lekcy, ci\u0119\u017ccy, stra\u017cnicy, zab\u00f3jcy<\/p>\n<p>Now\u0105 bro\u0144 \u2013 Kartaczownica Gatlinga \u2013 szybkostrzelna bro\u0144 przymocowana do d\u0142oni gracza<\/p>\n<p>Nowy artefakt \u2013 Gadzi pancerz \u2013 tworzy tarcz\u0119 wok\u00f3\u0142 gracza<\/p>\n<p>Now\u0105 pu\u0142apk\u0119 \u2013 Grz\u0105dka dzikiej r\u00f3\u017cy \u2013 obrasta ziemi\u0119 i&nbsp;zadaje obra\u017cenia wrogim jednostkom<\/p>\n<p>Kosmetyczne sk\u00f3rki \u2013 sk\u00f3rka Cygnus \u2013 piasek, Vorwick \u2013 piasek<\/p>\n<p>Osi\u0105gni\u0119cia \u2013 6 nowych osi\u0105gni\u0119\u0107<\/p>\n<p>Tryb mieszany \u2013 wszystkie nowe mapy zosta\u0142y dodane do trybu mieszanego<\/p>\n<p>Tryb niesko\u0144czony \u2013 nowe mapy, z&nbsp;wy\u0142\u0105czeniem mapy ze scenariusza wojennego, zosta\u0142y dodane do trybu niesko\u0144czonego<\/p>\n<p><\/p>","protected":false},"excerpt":{"rendered":"<p>W kampanii Walka na \u0142uski musisz odeprze\u0107 inwazj\u0119 nowej rasy, Tuatara, na pi\u0119ciu nowych mapach, w\u0142\u0105cznie z&nbsp;nowym scenariuszem wojennym! U\u017cyj nowego wyposa\u017cenia, aby stawi\u0107 czo\u0142a nowej zdolno\u015bci specjalnej Tuatara, kt\u00f3ra ogranicza ponoszone przez wrog\u00f3w obra\u017cenia. Tuatara \u2013 zab\u00f3jca jest szczeg\u00f3lnie gro\u017an\u0105 jednostk\u0105, kt\u00f3ra mo\u017ce atakowa\u0107 z&nbsp;zaskoczenia i&nbsp;unika\u0107 pu\u0142apek! DLC Walka na \u0142uski zawiera: 5 nowych [&hellip;]<\/p>\n","protected":false},"featured_media":656316,"comment_status":"closed","ping_status":"closed","template":"","meta":{"ub_ctt_via":""},"product_cat":[88,127,222],"product_tag":[218],"class_list":["post-656093","product","type-product","status-publish","has-post-thumbnail","hentry","product_cat-action","product_cat-adventure","product_cat-strategy","product_tag-games","platform-steam-works"],"_links":{"self":[{"href":"https:\/\/neuvee.com\/pl\/wp-json\/wp\/v2\/product\/656093","targetHints":{"allow":["GET"]}}],"collection":[{"href":"https:\/\/neuvee.com\/pl\/wp-json\/wp\/v2\/product"}],"about":[{"href":"https:\/\/neuvee.com\/pl\/wp-json\/wp\/v2\/types\/product"}],"replies":[{"embeddable":true,"href":"https:\/\/neuvee.com\/pl\/wp-json\/wp\/v2\/comments?post=656093"}],"wp:featuredmedia":[{"embeddable":true,"href":"https:\/\/neuvee.com\/pl\/wp-json\/wp\/v2\/media\/656316"}],"wp:attachment":[{"href":"https:\/\/neuvee.com\/pl\/wp-json\/wp\/v2\/media?parent=656093"}],"wp:term":[{"taxonomy":"product_cat","embeddable":true,"href":"https:\/\/neuvee.com\/pl\/wp-json\/wp\/v2\/product_cat?post=656093"},{"taxonomy":"product_tag","embeddable":true,"href":"https:\/\/neuvee.com\/pl\/wp-json\/wp\/v2\/product_tag?post=656093"}],"curies":[{"name":"wp","href":"https:\/\/api.w.org\/{rel}","templated":true}]}}