{"id":656083,"date":"2023-06-07T18:37:32","date_gmt":"2023-06-07T18:37:32","guid":{"rendered":"https:\/\/neuvee.com\/?post_type=product&#038;p=656083"},"modified":"2025-05-19T14:25:47","modified_gmt":"2025-05-19T14:25:47","slug":"orcs-must-die-3-3","status":"publish","type":"product","link":"https:\/\/neuvee.com\/pl\/product\/orcs-must-die-3-3\/","title":{"rendered":"ORCS MUST DIE! 3"},"content":{"rendered":"<p>Orcs Must Die! 3 wyzwala chaos zabijania ork\u00f3w na niewyobra\u017caln\u0105 dot\u0105d skal\u0119. Graj\u0105c solo lub&nbsp;ze znajomym u boku, korzystaj z&nbsp;pot\u0119\u017cnego arsena\u0142u pu\u0142apek i&nbsp;broni. Siekaj, spalaj, ciskaj i&nbsp;ra\u017a hordy odra\u017caj\u0105cych ork\u00f3w w d\u0142ugo oczekiwanej kontynuacji obsypanej nagrodami serii.<\/p>\n<p>W scenariuszach wojennych, b\u0119d\u0105cych nowo\u015bci\u0105 w serii, gracze stawiaj\u0105 czo\u0142a najwi\u0119kszym armiom ork\u00f3w, jakie kiedykolwiek zebrano. Sterowalne machiny wojenne zapewniaj\u0105 graczom si\u0142\u0119 ognia niezb\u0119dn\u0105, by wyrzuca\u0107, d\u017aga\u0107, zw\u0119gla\u0107 i&nbsp;rozcz\u0142onkowywa\u0107 odra\u017caj\u0105cych intruz\u00f3w. <\/p>\n<p>Wi\u0119cej wszystkiego \u2013 Orcs Must Die! 3 to wszystko, co fani pokochali w dw\u00f3ch poprzednich ods\u0142onach serii, i&nbsp;jeszcze wi\u0119cej. Wi\u0119cej ork\u00f3w, wi\u0119cej pu\u0142apek, wi\u0119cej broni, wi\u0119cej ulepsze\u0144 \u2013 i&nbsp;wszystko to w jeszcze \u0142adniejszej oprawie. Gra podkr\u0119cona na maksa. <\/p>\n<p>Nowa opowie\u015b\u0107 \u2013 poznaj zupe\u0142nie now\u0105 histori\u0119, osadzon\u0105 ponad dwadzie\u015bcia lat po wydarzeniach z&nbsp;Orcs Must Die! 2, w kt\u00f3rej mag bitewny i&nbsp;czarodziejka odbudowali Zakon i&nbsp;wyszkolili nowych uczni\u00f3w. <\/p>\n<p>Scenariusze wojenne \u2013 zupe\u0142nie nowe scenariusze wojenne realizuj\u0105 obietnic\u0119 ogromnej skali, kt\u00f3r\u0105 zapocz\u0105tkowa\u0142a pierwsza cz\u0119\u015b\u0107 Orcs Must Die! Staw czo\u0142a przyt\u0142aczaj\u0105cym armiom ork\u00f3w na polach bitew otaczaj\u0105cych zamki. Przetrzebiaj fale setek ork\u00f3w, zanim sforsuj\u0105 mury i&nbsp;zniszcz\u0105 twoj\u0105 szczelin\u0119. <\/p>\n<p>Machiny wojenne \u2013 do rozprawy z&nbsp;hordami ork\u00f3w potrzebna ci b\u0119dzie nowa bro\u0144 siej\u0105ca \u015bmier\u0107 i&nbsp;zniszczenie. Machiny wojenne to pu\u0142apki o&nbsp;ogromnej skali. Umie\u015b\u0107 na polu bitwy megapu\u0142apk\u0119 spr\u0119\u017cynow\u0105 i&nbsp;po\u015blij w powietrze tuziny ork\u00f3w. Dosi\u0105d\u017a olbrzymiej wyrzutni rozrywkowych bary\u0142ek i&nbsp;wyzw\u00f3l jej pirotechniczn\u0105 chwa\u0142\u0119. <\/p>\n<p>To si\u0119 nigdy nie ko\u0144czy \u2013 legiony ork\u00f3w nacieraj\u0105 d\u0142ugo po tym, jak uko\u0144czysz kampani\u0119 fabularn\u0105. Wyryj swoje imi\u0119 w hali s\u0142awy pogromc\u00f3w ork\u00f3w dzi\u0119ki tygodniowym wyzwaniom lub&nbsp;przekonaj si\u0119, jak d\u0142ugo przetrwasz w trybie niesko\u0144czonym. <\/p>\n<p>Podejmij drastyczne kroki \u2013 Orcs Must Die! 3 oferuje darmow\u0105 kampani\u0119 Drastic Steps i&nbsp;zwi\u0105zan\u0105 z&nbsp;ni\u0105 zawarto\u015b\u0107, w tym przera\u017aliwych lataj\u0105cych wrog\u00f3w, bohaterskich stra\u017cnik\u00f3w bitewnych i&nbsp;oczywi\u015bcie jeszcze wi\u0119cej narz\u0119dzi eksterminowania ork\u00f3w! <\/p>\n<p>Walcz o&nbsp;przetrwanie \u2013 w nowym trybie mieszanym stawisz czo\u0142a pod\u0142ym orkom, kt\u00f3re ewoluuj\u0105, wyci\u0105gaj\u0105c coraz trudniejsze i&nbsp;bardziej z\u0142owieszcze sztuczki niczym asy ze swoich zgrzebnych r\u0119kaw\u00f3w. Na szcz\u0119\u015bcie po ka\u017cdym poziomie, kt\u00f3ry uda ci si\u0119 przetrwa\u0107, ty te\u017c zdob\u0119dziesz modyfikacje u\u0142atwiaj\u0105ce walk\u0119!<\/p>\n<p><\/p>","protected":false},"excerpt":{"rendered":"<p>Orcs Must Die! 3 wyzwala chaos zabijania ork\u00f3w na niewyobra\u017caln\u0105 dot\u0105d skal\u0119. Graj\u0105c solo lub&nbsp;ze znajomym u boku, korzystaj z&nbsp;pot\u0119\u017cnego arsena\u0142u pu\u0142apek i&nbsp;broni. Siekaj, spalaj, ciskaj i&nbsp;ra\u017a hordy odra\u017caj\u0105cych ork\u00f3w w d\u0142ugo oczekiwanej kontynuacji obsypanej nagrodami serii. W scenariuszach wojennych, b\u0119d\u0105cych nowo\u015bci\u0105 w serii, gracze stawiaj\u0105 czo\u0142a najwi\u0119kszym armiom ork\u00f3w, jakie kiedykolwiek zebrano. Sterowalne machiny [&hellip;]<\/p>\n","protected":false},"featured_media":656915,"comment_status":"closed","ping_status":"closed","template":"","meta":{"ub_ctt_via":""},"product_cat":[227,221,222],"product_tag":[218],"class_list":["post-656083","product","type-product","status-publish","has-post-thumbnail","hentry","product_cat-action-adventure","product_cat-indie","product_cat-strategy","product_tag-games","platform-steam-works"],"_links":{"self":[{"href":"https:\/\/neuvee.com\/pl\/wp-json\/wp\/v2\/product\/656083","targetHints":{"allow":["GET"]}}],"collection":[{"href":"https:\/\/neuvee.com\/pl\/wp-json\/wp\/v2\/product"}],"about":[{"href":"https:\/\/neuvee.com\/pl\/wp-json\/wp\/v2\/types\/product"}],"replies":[{"embeddable":true,"href":"https:\/\/neuvee.com\/pl\/wp-json\/wp\/v2\/comments?post=656083"}],"wp:featuredmedia":[{"embeddable":true,"href":"https:\/\/neuvee.com\/pl\/wp-json\/wp\/v2\/media\/656915"}],"wp:attachment":[{"href":"https:\/\/neuvee.com\/pl\/wp-json\/wp\/v2\/media?parent=656083"}],"wp:term":[{"taxonomy":"product_cat","embeddable":true,"href":"https:\/\/neuvee.com\/pl\/wp-json\/wp\/v2\/product_cat?post=656083"},{"taxonomy":"product_tag","embeddable":true,"href":"https:\/\/neuvee.com\/pl\/wp-json\/wp\/v2\/product_tag?post=656083"}],"curies":[{"name":"wp","href":"https:\/\/api.w.org\/{rel}","templated":true}]}}