{"id":656078,"date":"2023-06-07T18:36:41","date_gmt":"2023-06-07T18:36:41","guid":{"rendered":"https:\/\/neuvee.com\/?post_type=product&#038;p=656078"},"modified":"2025-05-19T13:46:33","modified_gmt":"2025-05-19T13:46:33","slug":"orcs-must-die-2-fire-and-water-booster-pack","status":"publish","type":"product","link":"https:\/\/neuvee.com\/pl\/product\/orcs-must-die-2-fire-and-water-booster-pack\/","title":{"rendered":"ORCS MUST DIE! 2 &#8211; FIRE AND WATER BOOSTER PACK"},"content":{"rendered":"<p>W tym dodatku do \u201eOrcs Must Die! 2\u201d wr\u00f3cisz do akcji, by zmierzy\u0107 si\u0119 z&nbsp;nowymi przera\u017caj\u0105cymi przeciwnikami.<\/p>\n<p>G\u0142\u00f3wne cechy:<br \/>\nTrzy zupe\u0142nie nowe poziomy!<br \/>\nTrzy dodatkowe poziomy do trybu niesko\u0144czonego!<br \/>\nTrzy nowe pu\u0142apki: sieciarz, pod\u0142ogowy portal i&nbsp;zab\u00f3jczy miotacz strza\u0142ek!<br \/>\nDwa nowe rodzaje \u017cywio\u0142ak\u00f3w z&nbsp;w\u0142asnym zestawem nieprzyjemnych sztuczek!<br \/>\nNowa nagroda: czacha za poziom \u201eBez pu\u0142apek!\u201d<\/p>\n<p><\/p>","protected":false},"excerpt":{"rendered":"<p>W tym dodatku do \u201eOrcs Must Die! 2\u201d wr\u00f3cisz do akcji, by zmierzy\u0107 si\u0119 z&nbsp;nowymi przera\u017caj\u0105cymi przeciwnikami. G\u0142\u00f3wne cechy: Trzy zupe\u0142nie nowe poziomy! Trzy dodatkowe poziomy do trybu niesko\u0144czonego! Trzy nowe pu\u0142apki: sieciarz, pod\u0142ogowy portal i&nbsp;zab\u00f3jczy miotacz strza\u0142ek! Dwa nowe rodzaje \u017cywio\u0142ak\u00f3w z&nbsp;w\u0142asnym zestawem nieprzyjemnych sztuczek! Nowa nagroda: czacha za poziom \u201eBez pu\u0142apek!\u201d<\/p>\n","protected":false},"featured_media":674618,"comment_status":"closed","ping_status":"closed","template":"","meta":{"ub_ctt_via":""},"product_cat":[88,222],"product_tag":[218],"class_list":["post-656078","product","type-product","status-publish","has-post-thumbnail","hentry","product_cat-action","product_cat-strategy","product_tag-games","platform-steam-works"],"_links":{"self":[{"href":"https:\/\/neuvee.com\/pl\/wp-json\/wp\/v2\/product\/656078","targetHints":{"allow":["GET"]}}],"collection":[{"href":"https:\/\/neuvee.com\/pl\/wp-json\/wp\/v2\/product"}],"about":[{"href":"https:\/\/neuvee.com\/pl\/wp-json\/wp\/v2\/types\/product"}],"replies":[{"embeddable":true,"href":"https:\/\/neuvee.com\/pl\/wp-json\/wp\/v2\/comments?post=656078"}],"wp:featuredmedia":[{"embeddable":true,"href":"https:\/\/neuvee.com\/pl\/wp-json\/wp\/v2\/media\/674618"}],"wp:attachment":[{"href":"https:\/\/neuvee.com\/pl\/wp-json\/wp\/v2\/media?parent=656078"}],"wp:term":[{"taxonomy":"product_cat","embeddable":true,"href":"https:\/\/neuvee.com\/pl\/wp-json\/wp\/v2\/product_cat?post=656078"},{"taxonomy":"product_tag","embeddable":true,"href":"https:\/\/neuvee.com\/pl\/wp-json\/wp\/v2\/product_tag?post=656078"}],"curies":[{"name":"wp","href":"https:\/\/api.w.org\/{rel}","templated":true}]}}