{"id":656076,"date":"2023-06-07T18:36:10","date_gmt":"2023-06-07T18:36:10","guid":{"rendered":"https:\/\/neuvee.com\/?post_type=product&#038;p=656076"},"modified":"2025-05-19T14:11:54","modified_gmt":"2025-05-19T14:11:54","slug":"orcs-must-die-2-family-ties-booster-pack","status":"publish","type":"product","link":"https:\/\/neuvee.com\/pl\/product\/orcs-must-die-2-family-ties-booster-pack\/","title":{"rendered":"ORCS MUST DIE! 2 &#8211; FAMILY TIES BOOSTER PACK"},"content":{"rendered":"<p>Zastanowi\u0142o ci\u0119 kiedy\u015b, gdzie podziewaj\u0105 si\u0119 kobiety ork\u00f3w? Oto one! Drugi dodatek do \u201eOrcs Must Die! 2\u201d wprowadza nowych przeciwnik\u00f3w i&nbsp;fortece. Tego zjazdu rodzinnego nie chcesz przegapi\u0107!<br \/>\nG\u0142\u00f3wne cechy:<br \/>\nTrzy nowe, ekscytuj\u0105ce poziomy!<br \/>\nTrzy dodatkowe poziomy do trybu niesko\u0144czonego!<br \/>\nDwa nowe rodzaje broni: kamienny kostur i&nbsp;pier\u015bcie\u0144 teleportacji!<br \/>\nNowy artefakt: tajemniczy s\u0142\u00f3j duch\u00f3w!<br \/>\nNajbardziej przera\u017caj\u0105cy wr\u00f3g ze wszystkich dotychczasowych: kula u nogi i&nbsp;jej oblubieniec \u2013 hobgoblin uzdrowiciel!<br \/>\nNowa nagroda: czacha za poziom \u201eBez many\u201d!<br \/>\nNowy str\u00f3j dla postaci!<\/p>\n<p><\/p>","protected":false},"excerpt":{"rendered":"<p>Zastanowi\u0142o ci\u0119 kiedy\u015b, gdzie podziewaj\u0105 si\u0119 kobiety ork\u00f3w? Oto one! Drugi dodatek do \u201eOrcs Must Die! 2\u201d wprowadza nowych przeciwnik\u00f3w i&nbsp;fortece. Tego zjazdu rodzinnego nie chcesz przegapi\u0107! G\u0142\u00f3wne cechy: Trzy nowe, ekscytuj\u0105ce poziomy! Trzy dodatkowe poziomy do trybu niesko\u0144czonego! Dwa nowe rodzaje broni: kamienny kostur i&nbsp;pier\u015bcie\u0144 teleportacji! Nowy artefakt: tajemniczy s\u0142\u00f3j duch\u00f3w! Najbardziej przera\u017caj\u0105cy wr\u00f3g [&hellip;]<\/p>\n","protected":false},"featured_media":674617,"comment_status":"closed","ping_status":"closed","template":"","meta":{"ub_ctt_via":""},"product_cat":[88,222],"product_tag":[218],"class_list":["post-656076","product","type-product","status-publish","has-post-thumbnail","hentry","product_cat-action","product_cat-strategy","product_tag-games","platform-steam-works"],"_links":{"self":[{"href":"https:\/\/neuvee.com\/pl\/wp-json\/wp\/v2\/product\/656076","targetHints":{"allow":["GET"]}}],"collection":[{"href":"https:\/\/neuvee.com\/pl\/wp-json\/wp\/v2\/product"}],"about":[{"href":"https:\/\/neuvee.com\/pl\/wp-json\/wp\/v2\/types\/product"}],"replies":[{"embeddable":true,"href":"https:\/\/neuvee.com\/pl\/wp-json\/wp\/v2\/comments?post=656076"}],"wp:featuredmedia":[{"embeddable":true,"href":"https:\/\/neuvee.com\/pl\/wp-json\/wp\/v2\/media\/674617"}],"wp:attachment":[{"href":"https:\/\/neuvee.com\/pl\/wp-json\/wp\/v2\/media?parent=656076"}],"wp:term":[{"taxonomy":"product_cat","embeddable":true,"href":"https:\/\/neuvee.com\/pl\/wp-json\/wp\/v2\/product_cat?post=656076"},{"taxonomy":"product_tag","embeddable":true,"href":"https:\/\/neuvee.com\/pl\/wp-json\/wp\/v2\/product_tag?post=656076"}],"curies":[{"name":"wp","href":"https:\/\/api.w.org\/{rel}","templated":true}]}}