{"id":656074,"date":"2023-06-07T18:35:40","date_gmt":"2023-06-07T18:35:40","guid":{"rendered":"https:\/\/neuvee.com\/?post_type=product&#038;p=656074"},"modified":"2025-05-19T13:39:28","modified_gmt":"2025-05-19T13:39:28","slug":"orcs-must-die-2-are-we-there-yeti","status":"publish","type":"product","link":"https:\/\/neuvee.com\/pl\/product\/orcs-must-die-2-are-we-there-yeti\/","title":{"rendered":"ORCS MUST DIE! 2 &#8211; ARE WE THERE YETI?"},"content":{"rendered":"<p>Wyci\u0105gnij z&nbsp;szafy r\u0119kawice &#8211; mag bitewny oraz&nbsp;czarodziejka ruszaj\u0105, by obroni\u0107 fortece na \u015bnie\u017cnej p\u00f3\u0142nocy! Bro\u0144 nowych fortec w lodowych jaskiniach i&nbsp;zmierz si\u0119 z&nbsp;najtrudniejszymi dot\u0105d wrogami!<\/p>\n<p>Ice Cavern!<\/p>\n<p>Trzy nowe etapy utrzymane w temacie lodowych jaski\u0144!<br \/>\nTrzy nowe konwersje trybu niesko\u0144czonego!<br \/>\nMro\u017c\u0105cy krew w \u017cy\u0142ach wr\u00f3g &#8211; Yeti &#8211; wspina si\u0119 na barykady i&nbsp;rzuca w Ciebie od\u0142amkami lodu!<br \/>\nGobli\u0144ski saper porusza si\u0119 po etapie i&nbsp;usuwa zastawione przez Ciebie pu\u0142apki.<br \/>\nNowa bro\u0144 &#8211; krasnoludzka wyrzutnia rakiet &#8211; zrzuca wype\u0142nion\u0105 man\u0105 \u015bmier\u0107 na Twoich wrog\u00f3w<br \/>\nNowa pu\u0142apka &#8211; \u015bciana kolc\u00f3w &#8211; d\u017aga i&nbsp;wyrzuca wrog\u00f3w ku ich \u015bmierci<br \/>\nNowy artefakt &#8211; artefakt stra\u017cnika &#8211; pozwoli Ci wskrzesi\u0107 poleg\u0142ych stra\u017cnik\u00f3w<br \/>\nNowe kostiumy dla postaci!<\/p>\n<p><\/p>","protected":false},"excerpt":{"rendered":"<p>Wyci\u0105gnij z&nbsp;szafy r\u0119kawice &#8211; mag bitewny oraz&nbsp;czarodziejka ruszaj\u0105, by obroni\u0107 fortece na \u015bnie\u017cnej p\u00f3\u0142nocy! Bro\u0144 nowych fortec w lodowych jaskiniach i&nbsp;zmierz si\u0119 z&nbsp;najtrudniejszymi dot\u0105d wrogami! Ice Cavern! Trzy nowe etapy utrzymane w temacie lodowych jaski\u0144! Trzy nowe konwersje trybu niesko\u0144czonego! Mro\u017c\u0105cy krew w \u017cy\u0142ach wr\u00f3g &#8211; Yeti &#8211; wspina si\u0119 na barykady i&nbsp;rzuca w Ciebie [&hellip;]<\/p>\n","protected":false},"featured_media":674616,"comment_status":"closed","ping_status":"closed","template":"","meta":{"ub_ctt_via":""},"product_cat":[88,222],"product_tag":[218],"class_list":["post-656074","product","type-product","status-publish","has-post-thumbnail","hentry","product_cat-action","product_cat-strategy","product_tag-games","platform-steam-works"],"_links":{"self":[{"href":"https:\/\/neuvee.com\/pl\/wp-json\/wp\/v2\/product\/656074","targetHints":{"allow":["GET"]}}],"collection":[{"href":"https:\/\/neuvee.com\/pl\/wp-json\/wp\/v2\/product"}],"about":[{"href":"https:\/\/neuvee.com\/pl\/wp-json\/wp\/v2\/types\/product"}],"replies":[{"embeddable":true,"href":"https:\/\/neuvee.com\/pl\/wp-json\/wp\/v2\/comments?post=656074"}],"wp:featuredmedia":[{"embeddable":true,"href":"https:\/\/neuvee.com\/pl\/wp-json\/wp\/v2\/media\/674616"}],"wp:attachment":[{"href":"https:\/\/neuvee.com\/pl\/wp-json\/wp\/v2\/media?parent=656074"}],"wp:term":[{"taxonomy":"product_cat","embeddable":true,"href":"https:\/\/neuvee.com\/pl\/wp-json\/wp\/v2\/product_cat?post=656074"},{"taxonomy":"product_tag","embeddable":true,"href":"https:\/\/neuvee.com\/pl\/wp-json\/wp\/v2\/product_tag?post=656074"}],"curies":[{"name":"wp","href":"https:\/\/api.w.org\/{rel}","templated":true}]}}