{"id":656072,"date":"2023-06-07T18:35:01","date_gmt":"2023-06-07T18:35:01","guid":{"rendered":"https:\/\/neuvee.com\/?post_type=product&#038;p=656072"},"modified":"2025-05-19T14:31:17","modified_gmt":"2025-05-19T14:31:17","slug":"orcs-must-die-2","status":"publish","type":"product","link":"https:\/\/neuvee.com\/pl\/product\/orcs-must-die-2\/","title":{"rendered":"ORCS MUST DIE! 2"},"content":{"rendered":"<p>Tysi\u0105ce ork\u00f3w zosta\u0142o ju\u017c spalonych, posiekanych lub&nbsp;wystrzelonych w powietrze, ale teraz musi ich zgin\u0105\u0107 wi\u0119cej ni\u017c kiedykolwiek przedtem! W kontynuacji dzie\u0142a Robot Entertainment wybranego przez AIAS Strategiczn\u0105 Gr\u0105 Roku 2011 przyjdzie ci zabi\u0107 nieprzebrane rzesze ork\u00f3w do sp\u00f3\u0142ki z&nbsp;przyjacielem.<\/p>\n<p>Wciel si\u0119 w pot\u0119\u017cnego Maga Bitewnego albo&nbsp;przebieg\u0142\u0105 Czarodziejk\u0119. Bro\u0144 nowych twierdz i&nbsp;krasnoludzkich kopalni przy pomocy obszernego arsena\u0142u broni, zakl\u0119\u0107, stra\u017cnik\u00f3w, pu\u0142apek i&nbsp;artefakt\u00f3w, k\u0142ad\u0105c pokotem tysi\u0105ce ork\u00f3w i&nbsp;innych bestii. Wsp\u00f3lnie z&nbsp;przyjacielem mo\u017cesz zmierzy\u0107 si\u0119 z&nbsp;now\u0105 kampani\u0105 lub&nbsp;walczy\u0107 o&nbsp;przetrwanie w trybie niesko\u0144czonym!<\/p>\n<p>Odblokuj zupe\u0142nie nowe oraz&nbsp;stare i&nbsp;sprawdzone \u015brodki obronne, ulepsz je, a&nbsp;nast\u0119pnie wykorzystaj przeciwko najbli\u017cszej grupie oble\u015bnych ork\u00f3w!<br \/>\nG\u0142\u00f3wne cechy:<br \/>\nTryb wsp\u00f3\u0142pracy! \u2013 Mo\u017cesz gra\u0107 jako Mag Bitewny, pot\u0119\u017cny bohater bez wahania rzucaj\u0105cy si\u0119 w wir walki, lub&nbsp;Czarodziejka, strateg odpieraj\u0105cy ork\u00f3w przy u\u017cyciu magii i&nbsp;kontroli umys\u0142u.<br \/>\nKampania fabularna \u2013 Poznaj dalsze losy bohater\u00f3w w nowej, fabularnej kampanii, z&nbsp;kt\u00f3r\u0105 mo\u017cesz zmierzy\u0107 si\u0119 samotnie lub&nbsp;w trybie wsp\u00f3\u0142pracy!<br \/>\nNowy tryb niesko\u0144czony \u2013 Samotnie lub&nbsp;wraz z&nbsp;przyjacielem sprawd\u017a swoje umiej\u0119tno\u015bci w starciu z&nbsp;nieko\u0144cz\u0105cymi si\u0119 falami coraz silniejszych przeciwnik\u00f3w.<br \/>\nTryb klasyczny \u2013 U\u017cytkownicy Steam, kt\u00f3rzy posiadaj\u0105 pierwsz\u0105 cz\u0119\u015b\u0107 Orcs Must Die!, automatycznie otrzymaj\u0105 dost\u0119p do specjalnych wersji 10 klasycznych map przeznaczonych do gry w trybie wsp\u00f3\u0142pracy i&nbsp;wzbogaconych o&nbsp;nowych przeciwnik\u00f3w!<br \/>\nPonad 20 \u015bmiertelnie gro\u017anych wrog\u00f3w \u2013 Zmierz si\u0119 z&nbsp;hordami nowych wrog\u00f3w, takich jak trolle, \u017cywio\u0142aki ziemi i&nbsp;jadowite nietoperze, oraz&nbsp;z&nbsp;ulubionymi ofiarami z&nbsp;pierwszej cz\u0119\u015bci gry!<br \/>\nPonad 50 pu\u0142apek, stra\u017cnik\u00f3w i&nbsp;rodzaj\u00f3w broni \u2013 Do dyspozycji otrzymasz poka\u017any arsena\u0142 nowych i&nbsp;klasycznych mechanizm\u00f3w obronnych, w tym zupe\u0142nie nowy zestaw magicznych artefakt\u00f3w.<br \/>\nRozbudowany system ulepsze\u0144 \u2013 Na odblokowanie czeka ponad 225 trwa\u0142ych ulepsze\u0144 pu\u0142apek i&nbsp;broni, dzi\u0119ki kt\u00f3rym dostosujesz zawarto\u015b\u0107 swojego arsena\u0142u do w\u0142asnego stylu rzezi.<br \/>\nWysoka grywalno\u015b\u0107 \u2013 Kilka tryb\u00f3w rozgrywki, koszmarny poziom trudno\u015bci i&nbsp;rozbudowany system rankingowy czaszek zapewniaj\u0105 wiele godzin rozrywki.<br \/>\nSystem punktacji i&nbsp;rankingi \u2013 Rywalizuj ze znajomymi o&nbsp;miejsce w rankingach dla gry wsp\u00f3lnej i&nbsp;solowej!<\/p>\n<p><\/p>","protected":false},"excerpt":{"rendered":"<p>Tysi\u0105ce ork\u00f3w zosta\u0142o ju\u017c spalonych, posiekanych lub&nbsp;wystrzelonych w powietrze, ale teraz musi ich zgin\u0105\u0107 wi\u0119cej ni\u017c kiedykolwiek przedtem! W kontynuacji dzie\u0142a Robot Entertainment wybranego przez AIAS Strategiczn\u0105 Gr\u0105 Roku 2011 przyjdzie ci zabi\u0107 nieprzebrane rzesze ork\u00f3w do sp\u00f3\u0142ki z&nbsp;przyjacielem. Wciel si\u0119 w pot\u0119\u017cnego Maga Bitewnego albo&nbsp;przebieg\u0142\u0105 Czarodziejk\u0119. Bro\u0144 nowych twierdz i&nbsp;krasnoludzkich kopalni przy pomocy obszernego [&hellip;]<\/p>\n","protected":false},"featured_media":656703,"comment_status":"closed","ping_status":"closed","template":"","meta":{"ub_ctt_via":""},"product_cat":[225,88,127,221,222],"product_tag":[218],"class_list":["post-656072","product","type-product","status-publish","has-post-thumbnail","hentry","product_cat-role-playing","product_cat-action","product_cat-adventure","product_cat-indie","product_cat-strategy","product_tag-games","platform-steam-works"],"_links":{"self":[{"href":"https:\/\/neuvee.com\/pl\/wp-json\/wp\/v2\/product\/656072","targetHints":{"allow":["GET"]}}],"collection":[{"href":"https:\/\/neuvee.com\/pl\/wp-json\/wp\/v2\/product"}],"about":[{"href":"https:\/\/neuvee.com\/pl\/wp-json\/wp\/v2\/types\/product"}],"replies":[{"embeddable":true,"href":"https:\/\/neuvee.com\/pl\/wp-json\/wp\/v2\/comments?post=656072"}],"wp:featuredmedia":[{"embeddable":true,"href":"https:\/\/neuvee.com\/pl\/wp-json\/wp\/v2\/media\/656703"}],"wp:attachment":[{"href":"https:\/\/neuvee.com\/pl\/wp-json\/wp\/v2\/media?parent=656072"}],"wp:term":[{"taxonomy":"product_cat","embeddable":true,"href":"https:\/\/neuvee.com\/pl\/wp-json\/wp\/v2\/product_cat?post=656072"},{"taxonomy":"product_tag","embeddable":true,"href":"https:\/\/neuvee.com\/pl\/wp-json\/wp\/v2\/product_tag?post=656072"}],"curies":[{"name":"wp","href":"https:\/\/api.w.org\/{rel}","templated":true}]}}