{"id":656028,"date":"2023-06-07T18:20:14","date_gmt":"2023-06-07T18:20:14","guid":{"rendered":"https:\/\/neuvee.com\/?post_type=product&#038;p=656028"},"modified":"2025-05-19T14:31:43","modified_gmt":"2025-05-19T14:31:43","slug":"norco-special-edition","status":"publish","type":"product","link":"https:\/\/neuvee.com\/pl\/product\/norco-special-edition\/","title":{"rendered":"NORCO SPECIAL EDITION"},"content":{"rendered":"<p>Zawarto\u015b\u0107 NORCO Special Edition:<\/p>\n<p>\u2022 NORCO<br \/>\nNORCO to narracyjna przygod\u00f3wka typu \u201ewska\u017c i&nbsp;kliknij\u201d w klimacie gotyku ameryka\u0144skiego Po\u0142udnia, kt\u00f3ra wci\u0105ga gracza w zapadaj\u0105ce si\u0119 przedmie\u015bcia i&nbsp;bagienne tereny przemys\u0142owe w zniekszta\u0142conej wersji po\u0142udniowej Luizjany. Po \u015bmierci waszej matki zagin\u0105\u0142 tw\u00f3j brat Blake. Pragn\u0105c go odnale\u017a\u0107, musisz uda\u0107 si\u0119 za zbieg\u0142ym androidem ochronnym przez rafinerie, centra handlowe i&nbsp;rowy melioracyjne przedmie\u015b\u0107 Nowego Orleanu.<\/p>\n<p>\u2022 Oryginalna \u015bcie\u017cka d\u017awi\u0119kowa z&nbsp;gry NORCO<br \/>\nWsp\u00f3lne wydawnictwo zawieraj\u0105ce ca\u0142\u0105 muzyk\u0119 z&nbsp;gry autorstwa kompozytora Gewgawly I z&nbsp;Geography of Robots oraz&nbsp;nowy materia\u0142 sludgemetalowego zespo\u0142u Thou z&nbsp;Baton Rouge. \u0141\u0105cznie to ponad 2 godziny muzyki w 43 utworach.<\/p>\n<p>\u2022 The Art of NORCO<br \/>\nTen cyfrowy album to ponad 90 stron przypominaj\u0105cej obrazy, a&nbsp;zarazem filmowej grafiki pikselowej z&nbsp;gry, a&nbsp;tak\u017ce zdj\u0119\u0107, grafik wykorzystanych w pracach nad gr\u0105 i&nbsp;innych pami\u0105tek z&nbsp;procesu tworzenia NORCO. Obejrzyj szkice koncepcyjne i&nbsp;gotowe lokalizacje i&nbsp;zobacz, jak zanikaj\u0105ce mokrad\u0142a, wij\u0105ce si\u0119 rury rafinerii i&nbsp;inne krajobrazy w okolicy luizja\u0144skiej miejscowo\u015bci Norco zainspirowa\u0142y gr\u0119.<\/p>\n<p>Przyjrzyj si\u0119 przedstawionym w NORCO motywom industrializacji, suburbanizacji, spekulacyjnej geografii, raka, wiary i&nbsp;domu \u2013 i&nbsp;przeczytaj historie postaci i&nbsp;miejsc w grze, a&nbsp;tak\u017ce wywiady z&nbsp;deweloperami Geography of Robots oraz&nbsp;gar\u015b\u0107 anegdot.<\/p>\n<p><\/p>","protected":false},"excerpt":{"rendered":"<p>Zawarto\u015b\u0107 NORCO Special Edition: \u2022 NORCO NORCO to narracyjna przygod\u00f3wka typu \u201ewska\u017c i&nbsp;kliknij\u201d w klimacie gotyku ameryka\u0144skiego Po\u0142udnia, kt\u00f3ra wci\u0105ga gracza w zapadaj\u0105ce si\u0119 przedmie\u015bcia i&nbsp;bagienne tereny przemys\u0142owe w zniekszta\u0142conej wersji po\u0142udniowej Luizjany. Po \u015bmierci waszej matki zagin\u0105\u0142 tw\u00f3j brat Blake. Pragn\u0105c go odnale\u017a\u0107, musisz uda\u0107 si\u0119 za zbieg\u0142ym androidem ochronnym przez rafinerie, centra handlowe [&hellip;]<\/p>\n","protected":false},"featured_media":656057,"comment_status":"closed","ping_status":"closed","template":"","meta":{"ub_ctt_via":""},"product_cat":[127,221],"product_tag":[218],"class_list":["post-656028","product","type-product","status-publish","has-post-thumbnail","hentry","product_cat-adventure","product_cat-indie","product_tag-games","platform-steam-works"],"_links":{"self":[{"href":"https:\/\/neuvee.com\/pl\/wp-json\/wp\/v2\/product\/656028","targetHints":{"allow":["GET"]}}],"collection":[{"href":"https:\/\/neuvee.com\/pl\/wp-json\/wp\/v2\/product"}],"about":[{"href":"https:\/\/neuvee.com\/pl\/wp-json\/wp\/v2\/types\/product"}],"replies":[{"embeddable":true,"href":"https:\/\/neuvee.com\/pl\/wp-json\/wp\/v2\/comments?post=656028"}],"wp:featuredmedia":[{"embeddable":true,"href":"https:\/\/neuvee.com\/pl\/wp-json\/wp\/v2\/media\/656057"}],"wp:attachment":[{"href":"https:\/\/neuvee.com\/pl\/wp-json\/wp\/v2\/media?parent=656028"}],"wp:term":[{"taxonomy":"product_cat","embeddable":true,"href":"https:\/\/neuvee.com\/pl\/wp-json\/wp\/v2\/product_cat?post=656028"},{"taxonomy":"product_tag","embeddable":true,"href":"https:\/\/neuvee.com\/pl\/wp-json\/wp\/v2\/product_tag?post=656028"}],"curies":[{"name":"wp","href":"https:\/\/api.w.org\/{rel}","templated":true}]}}