{"id":656027,"date":"2023-06-07T18:19:23","date_gmt":"2023-06-07T18:19:23","guid":{"rendered":"https:\/\/neuvee.com\/?post_type=product&#038;p=656027"},"modified":"2025-05-19T14:32:28","modified_gmt":"2025-05-19T14:32:28","slug":"norco-original-soundtrack","status":"publish","type":"product","link":"https:\/\/neuvee.com\/pl\/product\/norco-original-soundtrack\/","title":{"rendered":"NORCO ORIGINAL SOUNDTRACK"},"content":{"rendered":"<p>Oryginalna \u015bcie\u017cka d\u017awi\u0119kowa z&nbsp;gry NORCO to wsp\u00f3lne wydawnictwo zawieraj\u0105ce ca\u0142\u0105 muzyk\u0119 z&nbsp;gry autorstwa kompozytora Gewgawly I z&nbsp;Geography of Robots oraz&nbsp;nowy materia\u0142 pochodz\u0105cego z&nbsp;Baton Rouge sludgemetalowego zespo\u0142u Thou. \u0141\u0105cznie to ponad 2 godziny muzyki w 43 utworach.<\/p>\n<p>Dynamiczna postindustrialna elektroniczna \u015bcie\u017cka d\u017awi\u0119kowa od Gewgawly I to nastrojowe arcydzie\u0142o przypominaj\u0105ce najlepsz\u0105 muzyk\u0119 z&nbsp;gier lat 80. i&nbsp;90., a&nbsp;jednocze\u015bnie fascynuj\u0105ca wsp\u00f3\u0142czesna muzyka eksperymentalna, wytyczaj\u0105ca gatunkowi nowe drogi.<\/p>\n<p>Twardego charakteru gry dope\u0142nia niski doom and drone zespo\u0142u Thou. Ich muzyka spodoba si\u0119 \u201efanom alienacji, absurdu, nudy, daremno\u015bci, rozk\u0142adu, tyranii historii, wulgarno\u015bci zmian, \u015bwiadomo\u015bci jako agonii i&nbsp;logiki jako choroby\u201d, i&nbsp;te w\u0142a\u015bnie motywy doskonale przedstawia NORCO z&nbsp;muzyk\u0105 Thou.<\/p>\n<p>Samo serce tego wsp\u00f3lnego luizja\u0144skiego dzie\u0142a stanowi wyj\u0105tkowa \u015bcie\u017cka \u201eGoo in a&nbsp;Burning City (fmGew Remix)\u201d \u2013 utw\u00f3r Thou zremiksowany przez Gewgawly I i&nbsp;fmAura z&nbsp;Geography of Robots, doskonale \u0142\u0105cz\u0105cy dwa brzmienia. Ten utw\u00f3r mo\u017cna us\u0142ysze\u0107 w samej grze oraz&nbsp;w zwiastunie aktu pierwszego NORCO.<\/p>\n<p>Artists: Gewgawly I, Andy G, fmAura, Thou, and fmGew<br \/>\nComposer: Gewgawly I<br \/>\nAll tracks composed, produced, and mixed by Gewgawly I, except: track 11 by Andy G, tracks 22 &#038; 28 by fmAura, track 37 by Thou &#038; fmGew, and tracks 38-43 by Thou.<br \/>\nTracks 1-37 mastered by Michael Buchanan at Hyperboreal Audio.<br \/>\nTracks 38-43 are recorded and mixed by James Whitten at Hightower Recording. Mastered by Adam Tucker at Signaturetone.<\/p>\n<p><\/p>","protected":false},"excerpt":{"rendered":"<p>Oryginalna \u015bcie\u017cka d\u017awi\u0119kowa z&nbsp;gry NORCO to wsp\u00f3lne wydawnictwo zawieraj\u0105ce ca\u0142\u0105 muzyk\u0119 z&nbsp;gry autorstwa kompozytora Gewgawly I z&nbsp;Geography of Robots oraz&nbsp;nowy materia\u0142 pochodz\u0105cego z&nbsp;Baton Rouge sludgemetalowego zespo\u0142u Thou. \u0141\u0105cznie to ponad 2 godziny muzyki w 43 utworach. Dynamiczna postindustrialna elektroniczna \u015bcie\u017cka d\u017awi\u0119kowa od Gewgawly I to nastrojowe arcydzie\u0142o przypominaj\u0105ce najlepsz\u0105 muzyk\u0119 z&nbsp;gier lat 80. i&nbsp;90., a&nbsp;jednocze\u015bnie [&hellip;]<\/p>\n","protected":false},"featured_media":656661,"comment_status":"closed","ping_status":"closed","template":"","meta":{"ub_ctt_via":""},"product_cat":[127,221],"product_tag":[218],"class_list":["post-656027","product","type-product","status-publish","has-post-thumbnail","hentry","product_cat-adventure","product_cat-indie","product_tag-games","platform-steam-works"],"_links":{"self":[{"href":"https:\/\/neuvee.com\/pl\/wp-json\/wp\/v2\/product\/656027","targetHints":{"allow":["GET"]}}],"collection":[{"href":"https:\/\/neuvee.com\/pl\/wp-json\/wp\/v2\/product"}],"about":[{"href":"https:\/\/neuvee.com\/pl\/wp-json\/wp\/v2\/types\/product"}],"replies":[{"embeddable":true,"href":"https:\/\/neuvee.com\/pl\/wp-json\/wp\/v2\/comments?post=656027"}],"wp:featuredmedia":[{"embeddable":true,"href":"https:\/\/neuvee.com\/pl\/wp-json\/wp\/v2\/media\/656661"}],"wp:attachment":[{"href":"https:\/\/neuvee.com\/pl\/wp-json\/wp\/v2\/media?parent=656027"}],"wp:term":[{"taxonomy":"product_cat","embeddable":true,"href":"https:\/\/neuvee.com\/pl\/wp-json\/wp\/v2\/product_cat?post=656027"},{"taxonomy":"product_tag","embeddable":true,"href":"https:\/\/neuvee.com\/pl\/wp-json\/wp\/v2\/product_tag?post=656027"}],"curies":[{"name":"wp","href":"https:\/\/api.w.org\/{rel}","templated":true}]}}