{"id":656025,"date":"2023-06-07T18:18:18","date_gmt":"2023-06-07T18:18:18","guid":{"rendered":"https:\/\/neuvee.com\/?post_type=product&#038;p=656025"},"modified":"2025-05-19T14:39:59","modified_gmt":"2025-05-19T14:39:59","slug":"norco-3","status":"publish","type":"product","link":"https:\/\/neuvee.com\/pl\/product\/norco-3\/","title":{"rendered":"NORCO"},"content":{"rendered":"<p>NORCO to narracyjna przygod\u00f3wka typu \u201ewska\u017c i&nbsp;kliknij\u201d w klimacie gotyku ameryka\u0144skiego Po\u0142udnia, kt\u00f3ra wci\u0105ga gracza w zapadaj\u0105ce si\u0119 przedmie\u015bcia i&nbsp;bagienne tereny przemys\u0142owe w zniekszta\u0142conej wersji po\u0142udniowej Luizjany. Po \u015bmierci waszej matki zagin\u0105\u0142 tw\u00f3j brat Blake. Pragn\u0105c go odnale\u017a\u0107, musisz uda\u0107 si\u0119 za zbieg\u0142ym androidem ochronnym przez rafinerie, centra handlowe i&nbsp;rowy melioracyjne przedmie\u015b\u0107 Nowego Orleanu.<\/p>\n<p>Przenie\u015b si\u0119 do surrealistycznej, niesamowitej wersji po\u0142udniowej Luizjany<br \/>\nPrzypominaj\u0105ca obrazy, a&nbsp;zarazem filmowa grafika pikselowa wci\u0105ga gracza w fantastyczno-naukowy \u015bwiat zanikaj\u0105cych mokrade\u0142, wij\u0105cych si\u0119 rur rafinerii i&nbsp;innych krajobraz\u00f3w inspirowanych tytu\u0142ow\u0105 miejscowo\u015bci\u0105 Norco oraz&nbsp;innymi miejscami pod Nowym Orleanem. Ws\u0142uchaj si\u0119 w bogate nagrania terenowe i&nbsp;opraw\u0119 d\u017awi\u0119kow\u0105 projektu fmAura oraz&nbsp;dynamiczn\u0105, postindustrialn\u0105 muzyk\u0119 elektroniczn\u0105 od Gewgawly I.<\/p>\n<p>Rozwi\u0105\u017c tajemnic\u0119 w \u015bwiecie n\u0119kanym przez przesz\u0142o\u015b\u0107 i&nbsp;obawiaj\u0105cym si\u0119 przysz\u0142o\u015bci<br \/>\nPoszukiwania brata szybko prowadz\u0105 do wielopokoleniowej tajemnicy. Tutaj granice mi\u0119dzy wybawieniem, pami\u0119ci\u0105, technologi\u0105 i&nbsp;przyrod\u0105 zacieraj\u0105 si\u0119, tworz\u0105c zajmuj\u0105c\u0105, refleksyjn\u0105 opowie\u015b\u0107 wywodz\u0105c\u0105 si\u0119 z&nbsp;literatury Po\u0142udnia, sensacyjnych opowiada\u0144 i&nbsp;przygod\u00f3wek typu \u201ewska\u017c i&nbsp;kliknij\u201d \u2013 zar\u00f3wno klasycznych, jak i&nbsp;tych wsp\u00f3\u0142czesnych.<\/p>\n<p>Poznawaj wyraziste postacie o&nbsp;g\u0142\u0119bokich korzeniach, bogatych historiach i&nbsp;z\u0142o\u017conych motywach<br \/>\nW tym niszczej\u0105cym, niepewnym \u015bwiecie wspomog\u0105 ci\u0119 chaotyczny pirat teren\u00f3w zalewowych, wyj\u0105tkowo cz\u0119sto bywaj\u0105cy w barze detektyw, zbieg\u0142y android ochronny i&nbsp;pluszowa ma\u0142pka z&nbsp;dzieci\u0144stwa. Rozwi\u0105zuj \u0142amig\u0142\u00f3wki, rozprawiaj si\u0119 z&nbsp;ochroniarzami na us\u0142ugach bezdusznych korporacji i&nbsp;zinfiltruj sekt\u0119 influencer\u00f3w zajmuj\u0105cych opuszczone centrum handlowe na obrze\u017cach Nowego Orleanu.<\/p>\n<p><\/p>","protected":false},"excerpt":{"rendered":"<p>NORCO to narracyjna przygod\u00f3wka typu \u201ewska\u017c i&nbsp;kliknij\u201d w klimacie gotyku ameryka\u0144skiego Po\u0142udnia, kt\u00f3ra wci\u0105ga gracza w zapadaj\u0105ce si\u0119 przedmie\u015bcia i&nbsp;bagienne tereny przemys\u0142owe w zniekszta\u0142conej wersji po\u0142udniowej Luizjany. Po \u015bmierci waszej matki zagin\u0105\u0142 tw\u00f3j brat Blake. Pragn\u0105c go odnale\u017a\u0107, musisz uda\u0107 si\u0119 za zbieg\u0142ym androidem ochronnym przez rafinerie, centra handlowe i&nbsp;rowy melioracyjne przedmie\u015b\u0107 Nowego Orleanu. Przenie\u015b [&hellip;]<\/p>\n","protected":false},"featured_media":656933,"comment_status":"closed","ping_status":"closed","template":"","meta":{"ub_ctt_via":""},"product_cat":[127,221],"product_tag":[218],"class_list":["post-656025","product","type-product","status-publish","has-post-thumbnail","hentry","product_cat-adventure","product_cat-indie","product_tag-games","platform-steam-works"],"_links":{"self":[{"href":"https:\/\/neuvee.com\/pl\/wp-json\/wp\/v2\/product\/656025","targetHints":{"allow":["GET"]}}],"collection":[{"href":"https:\/\/neuvee.com\/pl\/wp-json\/wp\/v2\/product"}],"about":[{"href":"https:\/\/neuvee.com\/pl\/wp-json\/wp\/v2\/types\/product"}],"replies":[{"embeddable":true,"href":"https:\/\/neuvee.com\/pl\/wp-json\/wp\/v2\/comments?post=656025"}],"wp:featuredmedia":[{"embeddable":true,"href":"https:\/\/neuvee.com\/pl\/wp-json\/wp\/v2\/media\/656933"}],"wp:attachment":[{"href":"https:\/\/neuvee.com\/pl\/wp-json\/wp\/v2\/media?parent=656025"}],"wp:term":[{"taxonomy":"product_cat","embeddable":true,"href":"https:\/\/neuvee.com\/pl\/wp-json\/wp\/v2\/product_cat?post=656025"},{"taxonomy":"product_tag","embeddable":true,"href":"https:\/\/neuvee.com\/pl\/wp-json\/wp\/v2\/product_tag?post=656025"}],"curies":[{"name":"wp","href":"https:\/\/api.w.org\/{rel}","templated":true}]}}