{"id":656020,"date":"2023-06-07T18:15:32","date_gmt":"2023-06-07T18:15:32","guid":{"rendered":"https:\/\/neuvee.com\/?post_type=product&#038;p=656020"},"modified":"2025-05-19T14:18:42","modified_gmt":"2025-05-19T14:18:42","slug":"no-straight-roads-encore-edition-2","status":"publish","type":"product","link":"https:\/\/neuvee.com\/pl\/product\/no-straight-roads-encore-edition-2\/","title":{"rendered":"NO STRAIGHT ROADS: ENCORE EDITION"},"content":{"rendered":"<p>O TEJ GRZE<\/p>\n<p>Za\u0142\u00f3\u017c kapel\u0119 rockow\u0105 i&nbsp;po\u0142\u00f3\u017c kres imperium EDM w NO STRAIGHT ROADS, muzycznej grze przygodowej akcji, b\u0119d\u0105cej owocem pracy Wana Hazmera (Final Fantasy XV) oraz&nbsp;Daima Dziauddina (Street Fighter V).<\/p>\n<p>Przemierzaj Vinyl City i&nbsp;walcz z&nbsp;muzycznymi supergwiazdami, by pokona\u0107 despotyczne imperium EDM wytw\u00f3rni NSR w rozgrywce \u0142\u0105cz\u0105cej przesycon\u0105 rytmem trzecioosobow\u0105 bijatyk\u0119 i&nbsp;czadow\u0105 muz\u0119!<\/p>\n<p>Charakterystyka:<br \/>\n\u2022 Odkrywaj \u015bwiat Vinyl City, poznaj wp\u0142ywowe postacie i&nbsp;sta\u0144 na czele muzycznej rewolucji, by po\u0142o\u017cy\u0107 kres panowaniu imperium EDM.<br \/>\n\u2022 Dawaj czadu solo w \u017cywio\u0142owej kampanii dla jednego gracza albo&nbsp;po\u0142\u0105cz si\u0142y ze znajomym w \u201ekanapowym\u201d trybie wsp\u00f3\u0142pracy.<br \/>\n\u2022 Do\u0142\u0105cz do przesyconych rytmem trzecioosobowych walk, wcielaj\u0105c si\u0119 w Mayday i&nbsp;Zuke&#8217;a z&nbsp;undergroundowej kapeli rockowej Bunk Bed Junction. Ka\u017cda posta\u0107 ma w\u0142asn\u0105 muzyczn\u0105 bro\u0144 i&nbsp;stosuje unikalne ataki.<br \/>\n\u2022 Uratuj rocka i&nbsp;pokonuj supergwiazdy r\u00f3\u017cnych gatunk\u00f3w muzyki, w\u015br\u00f3d kt\u00f3rych s\u0105 m.in. popowy boysband, DJ z&nbsp;wiruj\u0105c\u0105 kul\u0105 i&nbsp;genialna m\u0142oda pianistka.<br \/>\n\u2022 Walcz o&nbsp;swoje prawo do grania rocka! Naucz si\u0119 nowych niesamowitych ruch\u00f3w, ulepsz swoje zdolno\u015bci i&nbsp;wykorzystaj pot\u0119g\u0119 muzyki, aby zmieni\u0107 rekwizyty w bro\u0144.<br \/>\n\u2022 Pos\u0142uchaj dynamicznej \u015bcie\u017cki d\u017awi\u0119kowej nagranej przez takich artyst\u00f3w, jak Falk Au Yeong, Andy Tunstall, Funk Fiction, Masahiro \u201eGodspeed\u201d Aoki, Az Samad, Clyde Rabatel oraz&nbsp;Video Game Orchestra.<\/p>","protected":false},"excerpt":{"rendered":"<p>O TEJ GRZE Za\u0142\u00f3\u017c kapel\u0119 rockow\u0105 i&nbsp;po\u0142\u00f3\u017c kres imperium EDM w NO STRAIGHT ROADS, muzycznej grze przygodowej akcji, b\u0119d\u0105cej owocem pracy Wana Hazmera (Final Fantasy XV) oraz&nbsp;Daima Dziauddina (Street Fighter V). Przemierzaj Vinyl City i&nbsp;walcz z&nbsp;muzycznymi supergwiazdami, by pokona\u0107 despotyczne imperium EDM wytw\u00f3rni NSR w rozgrywce \u0142\u0105cz\u0105cej przesycon\u0105 rytmem trzecioosobow\u0105 bijatyk\u0119 i&nbsp;czadow\u0105 muz\u0119! Charakterystyka: \u2022 [&hellip;]<\/p>\n","protected":false},"featured_media":656728,"comment_status":"closed","ping_status":"closed","template":"","meta":{"ub_ctt_via":""},"product_cat":[225,88,127,221],"product_tag":[218],"class_list":["post-656020","product","type-product","status-publish","has-post-thumbnail","hentry","product_cat-role-playing","product_cat-action","product_cat-adventure","product_cat-indie","product_tag-games","platform-steam-works"],"_links":{"self":[{"href":"https:\/\/neuvee.com\/pl\/wp-json\/wp\/v2\/product\/656020","targetHints":{"allow":["GET"]}}],"collection":[{"href":"https:\/\/neuvee.com\/pl\/wp-json\/wp\/v2\/product"}],"about":[{"href":"https:\/\/neuvee.com\/pl\/wp-json\/wp\/v2\/types\/product"}],"replies":[{"embeddable":true,"href":"https:\/\/neuvee.com\/pl\/wp-json\/wp\/v2\/comments?post=656020"}],"wp:featuredmedia":[{"embeddable":true,"href":"https:\/\/neuvee.com\/pl\/wp-json\/wp\/v2\/media\/656728"}],"wp:attachment":[{"href":"https:\/\/neuvee.com\/pl\/wp-json\/wp\/v2\/media?parent=656020"}],"wp:term":[{"taxonomy":"product_cat","embeddable":true,"href":"https:\/\/neuvee.com\/pl\/wp-json\/wp\/v2\/product_cat?post=656020"},{"taxonomy":"product_tag","embeddable":true,"href":"https:\/\/neuvee.com\/pl\/wp-json\/wp\/v2\/product_tag?post=656020"}],"curies":[{"name":"wp","href":"https:\/\/api.w.org\/{rel}","templated":true}]}}