{"id":656013,"date":"2023-06-07T18:03:50","date_gmt":"2023-06-07T18:03:50","guid":{"rendered":"https:\/\/neuvee.com\/?post_type=product&#038;p=656013"},"modified":"2025-05-19T14:28:27","modified_gmt":"2025-05-19T14:28:27","slug":"neon-white-6","status":"publish","type":"product","link":"https:\/\/neuvee.com\/pl\/product\/neon-white-6\/","title":{"rendered":"NEON WHITE"},"content":{"rendered":"<p>Neon White to ukazywana z&nbsp;perspektywy pierwszej osoby, b\u0142yskawiczna gra akcji o&nbsp;zabijaniu demon\u00f3w w Niebiosach. Grasz jako White \u2013 zab\u00f3jca wyrwany z&nbsp;otch\u0142ani Piek\u0142a, kt\u00f3ry otrzyma\u0142 mo\u017cliwo\u015b\u0107 pozostania w Niebiosach. Zab\u00f3jcy, z&nbsp;kt\u00f3rymi rywalizujesz, wydaj\u0105 si\u0119 by\u0107 znajomi&#8230; Czy\u017cby zdarzy\u0142o Ci si\u0119 spotka\u0107 ich wcze\u015bniej?<\/p>\n<p>&#8211; Grasz jako Neon White \u2013 zab\u00f3jca wyrwany z&nbsp;otch\u0142ani Piek\u0142a, kt\u00f3ry walczy o&nbsp;szans\u0119 na odkupienie swych win.<\/p>\n<p>&#8211; Gromad\u017a Karty Duszy i&nbsp;wymieniaj je na umiej\u0119tno\u015bci, kt\u00f3rymi pokonasz wrog\u00f3w.<\/p>\n<p>&#8211; Rywalizuj o&nbsp;najlepszy czas i&nbsp;umiej\u0119tnie \u0142\u0105cz karty, aby odkry\u0107 rewelacyjne skr\u00f3ty.<\/p>\n<p>&#8211; Odkryj tajemnice Niebios w toku rozm\u00f3w z&nbsp;innymi zab\u00f3jcami\u2026 Czy\u017c nie znasz ich z&nbsp;przesz\u0142o\u015bci?<\/p>\n<p><\/p>","protected":false},"excerpt":{"rendered":"<p>Neon White to ukazywana z&nbsp;perspektywy pierwszej osoby, b\u0142yskawiczna gra akcji o&nbsp;zabijaniu demon\u00f3w w Niebiosach. Grasz jako White \u2013 zab\u00f3jca wyrwany z&nbsp;otch\u0142ani Piek\u0142a, kt\u00f3ry otrzyma\u0142 mo\u017cliwo\u015b\u0107 pozostania w Niebiosach. Zab\u00f3jcy, z&nbsp;kt\u00f3rymi rywalizujesz, wydaj\u0105 si\u0119 by\u0107 znajomi&#8230; Czy\u017cby zdarzy\u0142o Ci si\u0119 spotka\u0107 ich wcze\u015bniej? &#8211; Grasz jako Neon White \u2013 zab\u00f3jca wyrwany z&nbsp;otch\u0142ani Piek\u0142a, kt\u00f3ry walczy o&nbsp;szans\u0119 [&hellip;]<\/p>\n","protected":false},"featured_media":656351,"comment_status":"closed","ping_status":"closed","template":"","meta":{"ub_ctt_via":""},"product_cat":[88,127,221],"product_tag":[218],"class_list":["post-656013","product","type-product","status-publish","has-post-thumbnail","hentry","product_cat-action","product_cat-adventure","product_cat-indie","product_tag-games","platform-steam-works"],"_links":{"self":[{"href":"https:\/\/neuvee.com\/pl\/wp-json\/wp\/v2\/product\/656013","targetHints":{"allow":["GET"]}}],"collection":[{"href":"https:\/\/neuvee.com\/pl\/wp-json\/wp\/v2\/product"}],"about":[{"href":"https:\/\/neuvee.com\/pl\/wp-json\/wp\/v2\/types\/product"}],"replies":[{"embeddable":true,"href":"https:\/\/neuvee.com\/pl\/wp-json\/wp\/v2\/comments?post=656013"}],"wp:featuredmedia":[{"embeddable":true,"href":"https:\/\/neuvee.com\/pl\/wp-json\/wp\/v2\/media\/656351"}],"wp:attachment":[{"href":"https:\/\/neuvee.com\/pl\/wp-json\/wp\/v2\/media?parent=656013"}],"wp:term":[{"taxonomy":"product_cat","embeddable":true,"href":"https:\/\/neuvee.com\/pl\/wp-json\/wp\/v2\/product_cat?post=656013"},{"taxonomy":"product_tag","embeddable":true,"href":"https:\/\/neuvee.com\/pl\/wp-json\/wp\/v2\/product_tag?post=656013"}],"curies":[{"name":"wp","href":"https:\/\/api.w.org\/{rel}","templated":true}]}}