{"id":654473,"date":"2023-06-01T16:08:32","date_gmt":"2023-06-01T16:08:32","guid":{"rendered":"https:\/\/neuvee.com\/?post_type=product&#038;p=654473"},"modified":"2025-05-19T13:40:57","modified_gmt":"2025-05-19T13:40:57","slug":"nascar-21-ignition-throwback-pack-dlc","status":"publish","type":"product","link":"https:\/\/neuvee.com\/pl\/product\/nascar-21-ignition-throwback-pack-dlc\/","title":{"rendered":"NASCAR 21: IGNITION &#8211; THROWBACK PACK DLC"},"content":{"rendered":"<p>NASCAR 21: Ignition \u2013 oficjalnie licencjonowana gra serii pucharowej NASCAR 2021 \u2013 w pakiecie DLC Throwback nawi\u0105zuje do historii wy\u015bcig\u00f3w NASCAR. W ramach dodatkowej zawarto\u015bci gracz otrzymuje dost\u0119p do legendarnego mistrza NASCAR Darrella Waltripa, jego klasycznego wzoru malowania Western Auto i&nbsp;ponad 80 wzor\u00f3w malowania aut kierowc\u00f3w serii pucharowej NASCAR 2021, takich jak:<br \/>\n\u2022 Ryan Blaney \u2013 malowanie Advance Auto<br \/>\n\u2022 Kyle Busch \u2013 malowanie M&#038;M&#8217;s<br \/>\n\u2022 Chase Elliot \u2013 malowanie Hooters<br \/>\n\u2022 Denny Hamlin \u2013 malowanie Sport Clips<br \/>\n\u2022 Brad Keselowski \u2013 malowanie Freightliner<br \/>\n\u2022 Kyle Larson \u2013 malowanie Hendrickcars.com<br \/>\n\u2022 Joey Logano \u2013 malowanie Shell Pennzoil<br \/>\n\u2022 Martin Truex Jr. \u2013 malowanie Auto Owners<br \/>\nUwaga: niekt\u00f3re tre\u015bci mog\u0105 odnosi\u0107 si\u0119 graficznie lub&nbsp;w inny spos\u00f3b do wyrob\u00f3w alkoholowych i&nbsp;powi\u0105zanych z&nbsp;nimi marek. Ta zawarto\u015b\u0107 jest dost\u0119pna wy\u0142\u0105cznie dla os\u00f3b, kt\u00f3re uko\u0144czy\u0142y 21 lat.<\/p>\n<p><\/p>","protected":false},"excerpt":{"rendered":"<p>NASCAR 21: Ignition \u2013 oficjalnie licencjonowana gra serii pucharowej NASCAR 2021 \u2013 w pakiecie DLC Throwback nawi\u0105zuje do historii wy\u015bcig\u00f3w NASCAR. W ramach dodatkowej zawarto\u015bci gracz otrzymuje dost\u0119p do legendarnego mistrza NASCAR Darrella Waltripa, jego klasycznego wzoru malowania Western Auto i&nbsp;ponad 80 wzor\u00f3w malowania aut kierowc\u00f3w serii pucharowej NASCAR 2021, takich jak: \u2022 Ryan Blaney [&hellip;]<\/p>\n","protected":false},"featured_media":654713,"comment_status":"closed","ping_status":"closed","template":"","meta":{"ub_ctt_via":""},"product_cat":[228],"product_tag":[218],"class_list":["post-654473","product","type-product","status-publish","has-post-thumbnail","hentry","product_cat-racing-driving","product_tag-games","platform-steam-works"],"_links":{"self":[{"href":"https:\/\/neuvee.com\/pl\/wp-json\/wp\/v2\/product\/654473","targetHints":{"allow":["GET"]}}],"collection":[{"href":"https:\/\/neuvee.com\/pl\/wp-json\/wp\/v2\/product"}],"about":[{"href":"https:\/\/neuvee.com\/pl\/wp-json\/wp\/v2\/types\/product"}],"replies":[{"embeddable":true,"href":"https:\/\/neuvee.com\/pl\/wp-json\/wp\/v2\/comments?post=654473"}],"wp:featuredmedia":[{"embeddable":true,"href":"https:\/\/neuvee.com\/pl\/wp-json\/wp\/v2\/media\/654713"}],"wp:attachment":[{"href":"https:\/\/neuvee.com\/pl\/wp-json\/wp\/v2\/media?parent=654473"}],"wp:term":[{"taxonomy":"product_cat","embeddable":true,"href":"https:\/\/neuvee.com\/pl\/wp-json\/wp\/v2\/product_cat?post=654473"},{"taxonomy":"product_tag","embeddable":true,"href":"https:\/\/neuvee.com\/pl\/wp-json\/wp\/v2\/product_tag?post=654473"}],"curies":[{"name":"wp","href":"https:\/\/api.w.org\/{rel}","templated":true}]}}