{"id":654471,"date":"2023-06-01T16:07:48","date_gmt":"2023-06-01T16:07:48","guid":{"rendered":"https:\/\/neuvee.com\/?post_type=product&#038;p=654471"},"modified":"2025-05-19T14:17:16","modified_gmt":"2025-05-19T14:17:16","slug":"nascar-21-ignition-playoff-pack-dlc","status":"publish","type":"product","link":"https:\/\/neuvee.com\/pl\/product\/nascar-21-ignition-playoff-pack-dlc\/","title":{"rendered":"NASCAR 21: IGNITION &#8211; PLAYOFF PACK DLC"},"content":{"rendered":"<p>Wyeliminuj rywali w pi\u0119knym stylu w oficjalnie licencjonowanej grze NASCAR 2021 Cup Series w dodatku NASCAR 21: Ignition &#8222;Playoff&#8221; DLC Pack! W ramach dodatkowej zawarto\u015bci gracz otrzymuje dost\u0119p do legendarnego mistrza NASCAR Bobby&#8217;ego Labonte, jego klasycznego wzoru Interstate Batteries i&nbsp;ponad 80 wzor\u00f3w malowania aut kierowc\u00f3w NASCAR 2021 Cup Series, takich jak:<br \/>\n\u2022 Kyle Larson \u2013 Winning Championship 4 Playoff<br \/>\n\u2022 Martin Truex Jr. \u2013 Bass Pro Shops Championship 4 Playoff<br \/>\n\u2022 Denny Hamlin \u2013 FedEx Express Championship 4 Playoff<br \/>\n\u2022 Chase Elliott \u2013 NAPA Championship 4 Playoff<br \/>\n\u2022 BJ McLeod \u2013 Keen Parts Halloween<br \/>\n\u2022 Austin Dillon \u2013 Cowboy Channel Christmas<br \/>\n\u2022 Tyler Reddick \u2013 Lenovo Pink<br \/>\n\u2022 Daniel Suarez \u2013 Freeway Insurance<br \/>\nUwaga: niekt\u00f3re tre\u015bci mog\u0105 odnosi\u0107 si\u0119 graficznie lub&nbsp;w inny spos\u00f3b do wyrob\u00f3w alkoholowych i&nbsp;powi\u0105zanych z&nbsp;nimi marek. Ta zawarto\u015b\u0107 jest dost\u0119pna wy\u0142\u0105cznie dla os\u00f3b, kt\u00f3re uko\u0144czy\u0142y 21 lat.<\/p>\n<p><\/p>","protected":false},"excerpt":{"rendered":"<p>Wyeliminuj rywali w pi\u0119knym stylu w oficjalnie licencjonowanej grze NASCAR 2021 Cup Series w dodatku NASCAR 21: Ignition &#8222;Playoff&#8221; DLC Pack! W ramach dodatkowej zawarto\u015bci gracz otrzymuje dost\u0119p do legendarnego mistrza NASCAR Bobby&#8217;ego Labonte, jego klasycznego wzoru Interstate Batteries i&nbsp;ponad 80 wzor\u00f3w malowania aut kierowc\u00f3w NASCAR 2021 Cup Series, takich jak: \u2022 Kyle Larson \u2013 [&hellip;]<\/p>\n","protected":false},"featured_media":655962,"comment_status":"closed","ping_status":"closed","template":"","meta":{"ub_ctt_via":""},"product_cat":[228],"product_tag":[218],"class_list":["post-654471","product","type-product","status-publish","has-post-thumbnail","hentry","product_cat-racing-driving","product_tag-games","platform-steam-works"],"_links":{"self":[{"href":"https:\/\/neuvee.com\/pl\/wp-json\/wp\/v2\/product\/654471","targetHints":{"allow":["GET"]}}],"collection":[{"href":"https:\/\/neuvee.com\/pl\/wp-json\/wp\/v2\/product"}],"about":[{"href":"https:\/\/neuvee.com\/pl\/wp-json\/wp\/v2\/types\/product"}],"replies":[{"embeddable":true,"href":"https:\/\/neuvee.com\/pl\/wp-json\/wp\/v2\/comments?post=654471"}],"wp:featuredmedia":[{"embeddable":true,"href":"https:\/\/neuvee.com\/pl\/wp-json\/wp\/v2\/media\/655962"}],"wp:attachment":[{"href":"https:\/\/neuvee.com\/pl\/wp-json\/wp\/v2\/media?parent=654471"}],"wp:term":[{"taxonomy":"product_cat","embeddable":true,"href":"https:\/\/neuvee.com\/pl\/wp-json\/wp\/v2\/product_cat?post=654471"},{"taxonomy":"product_tag","embeddable":true,"href":"https:\/\/neuvee.com\/pl\/wp-json\/wp\/v2\/product_tag?post=654471"}],"curies":[{"name":"wp","href":"https:\/\/api.w.org\/{rel}","templated":true}]}}