{"id":654470,"date":"2023-06-01T16:07:23","date_gmt":"2023-06-01T16:07:23","guid":{"rendered":"https:\/\/neuvee.com\/?post_type=product&#038;p=654470"},"modified":"2025-05-19T13:44:35","modified_gmt":"2025-05-19T13:44:35","slug":"nascar-21-ignition-patriotic-pack-dlc","status":"publish","type":"product","link":"https:\/\/neuvee.com\/pl\/product\/nascar-21-ignition-patriotic-pack-dlc\/","title":{"rendered":"NASCAR 21: IGNITION &#8211; PATRIOTIC PACK DLC"},"content":{"rendered":"<p>Oficjalnie licencjonowana gra serii pucharowej NASCAR 2021 sk\u0142ada ho\u0142d m\u0119\u017cczyznom i&nbsp;kobietom s\u0142u\u017c\u0105cym w si\u0142ach zbrojnych Stan\u00f3w Zjednoczonych w pakiecie DLC NASCAR 21: Ignition \u201ePatriotic\u201d! W ramach dodatkowej zawarto\u015bci gracz otrzymuje dost\u0119p do legendarnego mistrza NASCAR Matta Kensetha, jego klasycznego wzoru DEWALT i&nbsp;ponad 80 wzor\u00f3w malowania aut kierowc\u00f3w serii pucharowej NASCAR 2021, takich jak:<br \/>\n\u2022 Aric Almirola \u2013 Smithfield Patriotic<br \/>\n\u2022 Josh Bilicki \u2013 Nurtec\/Army<br \/>\n\u2022 Alex Bowman \u2013 ALLY Patriotic<br \/>\n\u2022 James Davison \u2013 Nurtec\/Navy<br \/>\n\u2022 Austin Dillon \u2013 Bass Pro Shops Patriotic<br \/>\n\u2022 Kevin Harvick \u2013 Mobil 1 Patriotic<br \/>\n\u2022 Ryan Newman \u2013 Kohler Patriotic<br \/>\n\u2022 Bubba Wallace \u2013 DoorDash Patriotic<br \/>\nUwaga: niekt\u00f3re tre\u015bci mog\u0105 odnosi\u0107 si\u0119 graficznie lub&nbsp;w inny spos\u00f3b do wyrob\u00f3w alkoholowych i&nbsp;powi\u0105zanych z&nbsp;nimi marek. Ta zawarto\u015b\u0107 jest dost\u0119pna wy\u0142\u0105cznie dla os\u00f3b, kt\u00f3re uko\u0144czy\u0142y 21 lat.<\/p>\n<p><\/p>","protected":false},"excerpt":{"rendered":"<p>Oficjalnie licencjonowana gra serii pucharowej NASCAR 2021 sk\u0142ada ho\u0142d m\u0119\u017cczyznom i&nbsp;kobietom s\u0142u\u017c\u0105cym w si\u0142ach zbrojnych Stan\u00f3w Zjednoczonych w pakiecie DLC NASCAR 21: Ignition \u201ePatriotic\u201d! W ramach dodatkowej zawarto\u015bci gracz otrzymuje dost\u0119p do legendarnego mistrza NASCAR Matta Kensetha, jego klasycznego wzoru DEWALT i&nbsp;ponad 80 wzor\u00f3w malowania aut kierowc\u00f3w serii pucharowej NASCAR 2021, takich jak: \u2022 Aric [&hellip;]<\/p>\n","protected":false},"featured_media":655564,"comment_status":"closed","ping_status":"closed","template":"","meta":{"ub_ctt_via":""},"product_cat":[228],"product_tag":[218],"class_list":["post-654470","product","type-product","status-publish","has-post-thumbnail","hentry","product_cat-racing-driving","product_tag-games","platform-steam-works"],"_links":{"self":[{"href":"https:\/\/neuvee.com\/pl\/wp-json\/wp\/v2\/product\/654470","targetHints":{"allow":["GET"]}}],"collection":[{"href":"https:\/\/neuvee.com\/pl\/wp-json\/wp\/v2\/product"}],"about":[{"href":"https:\/\/neuvee.com\/pl\/wp-json\/wp\/v2\/types\/product"}],"replies":[{"embeddable":true,"href":"https:\/\/neuvee.com\/pl\/wp-json\/wp\/v2\/comments?post=654470"}],"wp:featuredmedia":[{"embeddable":true,"href":"https:\/\/neuvee.com\/pl\/wp-json\/wp\/v2\/media\/655564"}],"wp:attachment":[{"href":"https:\/\/neuvee.com\/pl\/wp-json\/wp\/v2\/media?parent=654470"}],"wp:term":[{"taxonomy":"product_cat","embeddable":true,"href":"https:\/\/neuvee.com\/pl\/wp-json\/wp\/v2\/product_cat?post=654470"},{"taxonomy":"product_tag","embeddable":true,"href":"https:\/\/neuvee.com\/pl\/wp-json\/wp\/v2\/product_tag?post=654470"}],"curies":[{"name":"wp","href":"https:\/\/api.w.org\/{rel}","templated":true}]}}