{"id":654459,"date":"2023-06-01T16:02:39","date_gmt":"2023-06-01T16:02:39","guid":{"rendered":"https:\/\/neuvee.com\/?post_type=product&#038;p=654459"},"modified":"2025-05-19T14:40:53","modified_gmt":"2025-05-19T14:40:53","slug":"mutazione","status":"publish","type":"product","link":"https:\/\/neuvee.com\/pl\/product\/mutazione\/","title":{"rendered":"MUTAZIONE"},"content":{"rendered":"<p>Opera mydlana z&nbsp;mutantami w roli g\u0142\u00f3wnej, w kt\u00f3rej ma\u0142omiasteczkowe plotki spotykaj\u0105 si\u0119 z&nbsp;paranormalnymi wydarzeniami.<\/p>\n<p>MUTAZIONE to gra przygodowa, w kt\u00f3rej osobiste dramaty s\u0105 r\u00f3wnie wa\u017cne co niesamowita fabu\u0142a.<\/p>\n<p>Zbadaj wiosk\u0119 jako 15-letnia Kai, kt\u00f3ra przybywa do tajemniczego Mutazione, by zaj\u0105\u0107 si\u0119 swoim chorym dziadkiem, Nonno.<\/p>\n<p>Nawi\u0105\u017c nowe przyja\u017anie, za\u0142\u00f3\u017c muzyczny ogr\u00f3d, chod\u017a na grilla i&nbsp;wieczorki taneczne, udaj si\u0119 w rejs i&nbsp;wyrusz w duchow\u0105 podr\u00f3\u017c, by ocali\u0107 wszystkich przed czaj\u0105c\u0105 si\u0119 tu ciemno\u015bci\u0105.<\/p>\n<p>Ponad 100 lat temu meteor zwany Ksi\u0119\u017cycowym Smokiem uderzy\u0142 w tropikalny o\u015brodek wypoczynkowy. Wi\u0119kszo\u015b\u0107 mieszka\u0144c\u00f3w zgin\u0119\u0142a, jednak&nbsp;ci, kt\u00f3rzy prze\u017cyli, zostali dotkni\u0119ci dziwnymi mutacjami\u2026 Ekipy ratunkowe szybko si\u0119 wycofa\u0142y, a&nbsp;ocaleni za\u0142o\u017cyli ma\u0142\u0105, odizolowan\u0105 od \u015bwiata spo\u0142eczno\u015b\u0107 Mutazione.<\/p>\n<p>Wracamy do czas\u00f3w obecnych. Gracz wciela si\u0119 w 15-letni\u0105 Kai, kt\u00f3ra przybywa do Mutazione, by zaj\u0105\u0107 si\u0119 umieraj\u0105cym dziadkiem. Nic nie jest jednak&nbsp;tak proste, jak si\u0119 wydaje\u2026 Nonno ma swoje plany wobec Kai, pod fasad\u0105 przyjaznej spo\u0142eczno\u015bci czaj\u0105 si\u0119 zdrady i&nbsp;intrygi, a&nbsp;w snach bohaterki zaczyna pojawia\u0107 si\u0119 straszna ptasia posta\u0107.<\/p>\n<p>Mog\u0105 przetrwa\u0107 apokaliptyczny strajk meteorytowy, ale czy potrafi\u0105 przetrwa\u0107 dramat ma\u0142omiasteczkowy?<\/p>\n<p>\u2022 Pi\u0119kny, r\u0119cznie rysowany \u015bwiat do zbadania.<br \/>\n\u2022 Niesamowite grono uroczych, zmutowanych postaci.<br \/>\n\u2022 Fabu\u0142a pe\u0142na niespodziewanych zwrot\u00f3w akcji.<br \/>\n\u2022 Ogrody zapewniaj\u0105ce muzyczny relaks, kt\u00f3re mo\u017cesz personalizowa\u0107.<\/p>","protected":false},"excerpt":{"rendered":"<p>Opera mydlana z&nbsp;mutantami w roli g\u0142\u00f3wnej, w kt\u00f3rej ma\u0142omiasteczkowe plotki spotykaj\u0105 si\u0119 z&nbsp;paranormalnymi wydarzeniami. MUTAZIONE to gra przygodowa, w kt\u00f3rej osobiste dramaty s\u0105 r\u00f3wnie wa\u017cne co niesamowita fabu\u0142a. Zbadaj wiosk\u0119 jako 15-letnia Kai, kt\u00f3ra przybywa do tajemniczego Mutazione, by zaj\u0105\u0107 si\u0119 swoim chorym dziadkiem, Nonno. Nawi\u0105\u017c nowe przyja\u017anie, za\u0142\u00f3\u017c muzyczny ogr\u00f3d, chod\u017a na grilla i&nbsp;wieczorki [&hellip;]<\/p>\n","protected":false},"featured_media":655686,"comment_status":"closed","ping_status":"closed","template":"","meta":{"ub_ctt_via":""},"product_cat":[127,221],"product_tag":[218],"class_list":["post-654459","product","type-product","status-publish","has-post-thumbnail","hentry","product_cat-adventure","product_cat-indie","product_tag-games","platform-steam-works"],"_links":{"self":[{"href":"https:\/\/neuvee.com\/pl\/wp-json\/wp\/v2\/product\/654459","targetHints":{"allow":["GET"]}}],"collection":[{"href":"https:\/\/neuvee.com\/pl\/wp-json\/wp\/v2\/product"}],"about":[{"href":"https:\/\/neuvee.com\/pl\/wp-json\/wp\/v2\/types\/product"}],"replies":[{"embeddable":true,"href":"https:\/\/neuvee.com\/pl\/wp-json\/wp\/v2\/comments?post=654459"}],"wp:featuredmedia":[{"embeddable":true,"href":"https:\/\/neuvee.com\/pl\/wp-json\/wp\/v2\/media\/655686"}],"wp:attachment":[{"href":"https:\/\/neuvee.com\/pl\/wp-json\/wp\/v2\/media?parent=654459"}],"wp:term":[{"taxonomy":"product_cat","embeddable":true,"href":"https:\/\/neuvee.com\/pl\/wp-json\/wp\/v2\/product_cat?post=654459"},{"taxonomy":"product_tag","embeddable":true,"href":"https:\/\/neuvee.com\/pl\/wp-json\/wp\/v2\/product_tag?post=654459"}],"curies":[{"name":"wp","href":"https:\/\/api.w.org\/{rel}","templated":true}]}}