{"id":654449,"date":"2023-06-01T15:13:48","date_gmt":"2023-06-01T15:13:48","guid":{"rendered":"https:\/\/neuvee.com\/?post_type=product&#038;p=654449"},"modified":"2025-05-19T14:19:46","modified_gmt":"2025-05-19T14:19:46","slug":"mortal-shell-4","status":"publish","type":"product","link":"https:\/\/neuvee.com\/pl\/product\/mortal-shell-4\/","title":{"rendered":"MORTAL SHELL"},"content":{"rendered":"<p>Mortal Shell \u00e8 uno spietato e profondo action RPG che mette alla prova la tua sanit\u00e0 mentale e la tua tenacia in un mondo in frantumi. Mentre i&nbsp;resti dell&#8217;umanit\u00e0 appassiscono e marciscono, nemici infervorati si annidano tra le rovine. Non hanno alcuna piet\u00e0: per la tua sopravvivenza sono necessarie una consapevolezza, una precisione e un istinto superiori. Rintraccia i&nbsp;santuari nascosti dei seguaci devoti e scopri il tuo vero obiettivo.<br \/>\nI morti ricoprono questo paesaggio lacerato, ma non sono tutti senza speranza. I resti perduti dei guerrieri sconfitti sono pronti per essere riportati alla luce. Risveglia questi Involucri mortali, occupa i&nbsp;loro corpi e amplia significativamente la tua conoscenza delle diverse maestrie di combattimento. Pi\u00f9 forte diventa il tuo legame con ciascun involucro, meglio potrai sfruttarne le doti innate.<br \/>\nIl combattimento \u00e8 strategico e ragionato. Devi affidarti alla tua spada solo quando si apre uno spiraglio. Calcola le tue parate per scatenare devastanti contrattacchi. Crea potenziamenti, imbevi di acido la tua lama e studia le oscure abilit\u00e0 arcane che infondono i&nbsp;tuoi attacchi di una devastazione soprannaturale.<\/p>\n<p>Il tuo cammino \u00e8 presidiato da avversari spietati, devoti a&nbsp;divinit\u00e0 imperscrutabili. Imbattiti in creature spregevoli e grottesche, ma non lasciare che la paura ostacoli il tuo cammino. Fatti coraggio e affrontale.<\/p>\n<p>Mortal Shell to bezwzgl\u0119dna i&nbsp;wci\u0105gaj\u0105ca gra RPG akcji, kt\u00f3ra podda pr\u00f3bie Twoj\u0105 psychik\u0119 i&nbsp;wytrwa\u0142o\u015b\u0107 w zrujnowanym \u015bwiecie. Gdy szcz\u0105tki ludzko\u015bci usychaj\u0105 i&nbsp;parszywiej\u0105, zapalczywi wrogowie szykuj\u0105 si\u0119 do ataku w st\u0119chli\u017anie ruin. Nie znaj\u0105 lito\u015bci, a&nbsp;twoje prze\u017cycie wymaga doskona\u0142ej \u015bwiadomo\u015bci, precyzji i&nbsp;instynktu. Wytrop ukryte sanktuaria pe\u0142ne gorliwych wyznawc\u00f3w i&nbsp;staw czo\u0142a pot\u0119\u017cnym nieprzyjacio\u0142om.<br \/>\nW tym zdewastowanym \u015bwiecie trup \u015bciele si\u0119 g\u0119sto, ale nadzieja umiera ostatnia. Zaginione szcz\u0105tki pokonanych niegdy\u015b wojownik\u00f3w czekaj\u0105 na odkrycie. Przebud\u017a ich \u015bmiertelne pow\u0142oki i&nbsp;przejmij nad nimi kontrol\u0119, by znacz\u0105co pog\u0142\u0119bi\u0107 swoj\u0105 znajomo\u015b\u0107 r\u00f3\u017cnych sposob\u00f3w walki.<br \/>\nPrzed Tob\u0105 droga us\u0142ana zdolnymi do wszystkiego przeciwnikami, kt\u00f3rzy czcz\u0105 enigmatycznych bog\u00f3w. Strze\u017c si\u0119 zar\u00f3wno tych budz\u0105cych lito\u015b\u0107, jak i&nbsp;tych groteskowych, ale nie pozw\u00f3l, by strach Tob\u0105 zaw\u0142adn\u0105\u0142. Zbierz w sobie odwag\u0119 i&nbsp;staw im czo\u0142a.<\/p>\n<p>Zanurz si\u0119 w wymagaj\u0105c\u0105 przemy\u015blanych decyzji walk\u0119. Ci\u0119cia mieczem musisz wykonywa\u0107 wy\u0142\u0105cznie wtedy, gdy nadarzy si\u0119 ku temu okazja. Planuj parowanie z&nbsp;zimn\u0105 krwi\u0105, by zaskoczy\u0107 wroga druzgoc\u0105cymi kontratakami. Na jaki\u015b czas zamie\u0144 sw\u0105 cielesn\u0105 pow\u0142ok\u0119 w kamie\u0144, by blokowa\u0107 ataki, lub&nbsp;zagraj agresywnie i&nbsp;u\u017cyj swej kamiennej formy by doda\u0107 brutalnej mocy swoim pchni\u0119ciom.<\/p>\n<p><\/p>","protected":false},"excerpt":{"rendered":"<p>Mortal Shell \u00e8 uno spietato e profondo action RPG che mette alla prova la tua sanit\u00e0 mentale e la tua tenacia in un mondo in frantumi. Mentre i&nbsp;resti dell&#8217;umanit\u00e0 appassiscono e marciscono, nemici infervorati si annidano tra le rovine. Non hanno alcuna piet\u00e0: per la tua sopravvivenza sono necessarie una consapevolezza, una precisione e un [&hellip;]<\/p>\n","protected":false},"featured_media":655336,"comment_status":"closed","ping_status":"closed","template":"","meta":{"ub_ctt_via":""},"product_cat":[88,89],"product_tag":[218],"class_list":["post-654449","product","type-product","status-publish","has-post-thumbnail","hentry","product_cat-action","product_cat-rpg","product_tag-games","platform-steam-works"],"_links":{"self":[{"href":"https:\/\/neuvee.com\/pl\/wp-json\/wp\/v2\/product\/654449","targetHints":{"allow":["GET"]}}],"collection":[{"href":"https:\/\/neuvee.com\/pl\/wp-json\/wp\/v2\/product"}],"about":[{"href":"https:\/\/neuvee.com\/pl\/wp-json\/wp\/v2\/types\/product"}],"replies":[{"embeddable":true,"href":"https:\/\/neuvee.com\/pl\/wp-json\/wp\/v2\/comments?post=654449"}],"wp:featuredmedia":[{"embeddable":true,"href":"https:\/\/neuvee.com\/pl\/wp-json\/wp\/v2\/media\/655336"}],"wp:attachment":[{"href":"https:\/\/neuvee.com\/pl\/wp-json\/wp\/v2\/media?parent=654449"}],"wp:term":[{"taxonomy":"product_cat","embeddable":true,"href":"https:\/\/neuvee.com\/pl\/wp-json\/wp\/v2\/product_cat?post=654449"},{"taxonomy":"product_tag","embeddable":true,"href":"https:\/\/neuvee.com\/pl\/wp-json\/wp\/v2\/product_tag?post=654449"}],"curies":[{"name":"wp","href":"https:\/\/api.w.org\/{rel}","templated":true}]}}