{"id":654445,"date":"2023-06-01T15:12:12","date_gmt":"2023-06-01T15:12:12","guid":{"rendered":"https:\/\/neuvee.com\/?post_type=product&#038;p=654445"},"modified":"2025-05-19T14:33:55","modified_gmt":"2025-05-19T14:33:55","slug":"moo-lander-4","status":"publish","type":"product","link":"https:\/\/neuvee.com\/pl\/product\/moo-lander-4\/","title":{"rendered":"MOO LANDER"},"content":{"rendered":"<p>Przetrz\u0105\u015bnij nieznane, tropi\u0105c \u017ar\u00f3d\u0142o nieko\u0144cz\u0105cego si\u0119 mleka za pomoc\u0105 ostatniego statku kosmicznego Twojej cywilizacji. Okie\u0142znij Pot\u0119\u017cne Krowy i&nbsp;mocuj si\u0119 z&nbsp;hordami wrog\u00f3w dzi\u0119ki Twemu \u017cywio\u0142owi mleka.<\/p>\n<p>POSKROM POT\u0119\u017cNE KROWY<br \/>\nCi potentaci b\u0119d\u0105 usi\u0142owali zaprzepa\u015bci\u0107 Twoj\u0105 misj\u0119. Wykorzystaj swoje mistrzowskie umiej\u0119tno\u015bci, \u017ceby stawi\u0107 czo\u0142o post\u0119powemu umys\u0142owi sztucznemu kr\u00f3w.<\/p>\n<p>Zapowiada si\u0119 niesamowite panopticum wrog\u00f3w! Ich misja \u2013 to uniemo\u017cliwi\u0107 osi\u0105gni\u0119cie twojej. Ka\u017cdy z&nbsp;wrog\u00f3w wymaga unikalnego podej\u015bcia, \u017ceby zosta\u0142 pokonany.<\/p>\n<p>B\u0105D\u017a KROWA!<br \/>\nPrzejmij kontrol\u0119 nad Pot\u0119\u017cn\u0105 Krow\u0105 i&nbsp;skonfrontuj si\u0119 z&nbsp;bohaterami historii. Spr\u00f3buj uchroni\u0107 swoje mleko przed The Landers!<br \/>\nPoczuj gr\u0119 z&nbsp;jeszcze czterema twoimi przyjaci\u00f3\u0142mi w wielorakich uzale\u017cniaj\u0105cych formatach kooperatywnych dla wi\u0119cej graczy.<\/p>\n<p>4 FORMATY<br \/>\nJest du\u017co rzeczy do odkrywania w \u015bwiecie pozaziemskim Moo Lander. Wyst\u0105p razem z&nbsp;Twoimi przyjaci\u00f3\u0142mi przeciwko mocnemu umys\u0142owi krowiemu, wyczuj druzgoc\u0105ce PvP bitwy, graj Galactic Mooball albo&nbsp;z\u0142\u00f3\u017c ekip\u0119 graczy przeciwko falom nadje\u017cd\u017caj\u0105cym wrogom.<\/p>\n<p>Mleko \u2013 najczystsze \u017ar\u00f3d\u0142o energii, ust\u0119puj\u0105ce tylko najmocniejszym hipernowym, zosta\u0142o utracone po Wielkiej Wojnie! Twoja misja polega na wynalezieniu staro\u017cytnego urz\u0105dzenia do produkowania niewyczerpywalnego mleka.<\/p>\n<p>WCI\u0105GAJ\u0105CA KAMPANIA DLA JEDNEGO GRACZA<br \/>\nGraj porywaj\u0105c\u0105 kampanj\u0119 dla jednego gracza, kt\u00f3ra trwa ponad 12 godzin i&nbsp;kipi od niezapomnianych bohater\u00f3w i&nbsp;barwnych przyg\u00f3d fabularnych.<\/p>\n<p>UDOSKONALAJ Tw\u00f3J STATEK<br \/>\nPodwy\u017cszaj poziom swojego statku i&nbsp;otw\u00f3rz arsena\u0142 broni mlecznej, a&nbsp;tak\u017ce ochron w celu ukszta\u0142towania w\u0142asnego, specyficznego stylu gry.<\/p>\n<p>NIETYPOWE \u015aRODOWISKO GRY<br \/>\nZachwacajcie si\u0119 pi\u0119knymi, a&nbsp;tymczasem \u015bmierciono\u015bnymi, r\u0119cznie wyrobionymi widokami. Z najwy\u017cszego szczytu do najg\u0142\u0119bszej nory, ka\u017cdy pejza\u017c oferuje swoje w\u0142asne wyzwania, wrog\u00f3w i&nbsp;puzzle.<\/p>\n<p>ODTWARZANIE ZDALNE PAROWE<br \/>\nSkorzystaj z&nbsp;najnowszej fajnej funkcji Steam \u2013 Remote Play. Dziel si\u0119 swoimi grami w trybie wsp\u00f3\u0142pracy zdalnie z&nbsp;przyjaci\u00f3\u0142mi i&nbsp;niech zabawa nie zna granic!<\/p>\n<p><\/p>","protected":false},"excerpt":{"rendered":"<p>Przetrz\u0105\u015bnij nieznane, tropi\u0105c \u017ar\u00f3d\u0142o nieko\u0144cz\u0105cego si\u0119 mleka za pomoc\u0105 ostatniego statku kosmicznego Twojej cywilizacji. Okie\u0142znij Pot\u0119\u017cne Krowy i&nbsp;mocuj si\u0119 z&nbsp;hordami wrog\u00f3w dzi\u0119ki Twemu \u017cywio\u0142owi mleka. POSKROM POT\u0119\u017cNE KROWY Ci potentaci b\u0119d\u0105 usi\u0142owali zaprzepa\u015bci\u0107 Twoj\u0105 misj\u0119. Wykorzystaj swoje mistrzowskie umiej\u0119tno\u015bci, \u017ceby stawi\u0107 czo\u0142o post\u0119powemu umys\u0142owi sztucznemu kr\u00f3w. Zapowiada si\u0119 niesamowite panopticum wrog\u00f3w! Ich misja \u2013 to [&hellip;]<\/p>\n","protected":false},"featured_media":654628,"comment_status":"closed","ping_status":"closed","template":"","meta":{"ub_ctt_via":""},"product_cat":[88,127,221],"product_tag":[218],"class_list":["post-654445","product","type-product","status-publish","has-post-thumbnail","hentry","product_cat-action","product_cat-adventure","product_cat-indie","product_tag-games","platform-steam-works"],"_links":{"self":[{"href":"https:\/\/neuvee.com\/pl\/wp-json\/wp\/v2\/product\/654445","targetHints":{"allow":["GET"]}}],"collection":[{"href":"https:\/\/neuvee.com\/pl\/wp-json\/wp\/v2\/product"}],"about":[{"href":"https:\/\/neuvee.com\/pl\/wp-json\/wp\/v2\/types\/product"}],"replies":[{"embeddable":true,"href":"https:\/\/neuvee.com\/pl\/wp-json\/wp\/v2\/comments?post=654445"}],"wp:featuredmedia":[{"embeddable":true,"href":"https:\/\/neuvee.com\/pl\/wp-json\/wp\/v2\/media\/654628"}],"wp:attachment":[{"href":"https:\/\/neuvee.com\/pl\/wp-json\/wp\/v2\/media?parent=654445"}],"wp:term":[{"taxonomy":"product_cat","embeddable":true,"href":"https:\/\/neuvee.com\/pl\/wp-json\/wp\/v2\/product_cat?post=654445"},{"taxonomy":"product_tag","embeddable":true,"href":"https:\/\/neuvee.com\/pl\/wp-json\/wp\/v2\/product_tag?post=654445"}],"curies":[{"name":"wp","href":"https:\/\/api.w.org\/{rel}","templated":true}]}}