{"id":654392,"date":"2023-06-01T14:47:45","date_gmt":"2023-06-01T14:47:45","guid":{"rendered":"https:\/\/neuvee.com\/?post_type=product&#038;p=654392"},"modified":"2025-05-19T14:08:46","modified_gmt":"2025-05-19T14:08:46","slug":"mechwarrior-5-mercenaries-rise-of-rasalhague-2","status":"publish","type":"product","link":"https:\/\/neuvee.com\/pl\/product\/mechwarrior-5-mercenaries-rise-of-rasalhague-2\/","title":{"rendered":"MECHWARRIOR 5: MERCENARIES &#8211; RISE OF RASALHAGUE"},"content":{"rendered":"<p>Do\u0142\u0105cz do pu\u0142kownika M\u00e5nsdottira i&nbsp;obywateli Rasalhague w walce o&nbsp;wolno\u015b\u0107 i&nbsp;niepodleg\u0142o\u015b\u0107 przeciwko Wielkim Rodom w konflikcie poprzedzaj\u0105cym utworzenie Gwiezdnej Ligi, bior\u0105c udzia\u0142 w nowej, licz\u0105cej 12 misji kampanii. Dodatek \u201eRise of Rasalhague\u201d wprowadza 11 wariant\u00f3w ramy Crusader w 'Mechach, now\u0105 funkcj\u0119 rywalizacji najemnik\u00f3w, kt\u00f3ra umo\u017cliwia interakcj\u0119 z&nbsp;innymi kompaniami najemnik\u00f3w, a&nbsp;tak\u017ce s\u0142ynnego \u0141owc\u0119 Nagr\u00f3d. <\/p>\n<p>KAMPANIA \u201eRISE OF RASALHAGUE\u201d<br \/>\n&#8211; B\u0105d\u017a \u015bwiadkiem powstania Wolnej Republiki Rasalhague w nowej, licz\u0105cej 12 misji kampanii <\/p>\n<p>NOWA RAMA CRUSADER<br \/>\n&#8211; Rise of Rasalhague wprowadza 11 wariant\u00f3w ramy Crusader dla 'Mech\u00f3w, w szczeg\u00f3lno\u015bci wariant Hero \u201eCrael\u201d, kt\u00f3ry jest wyposa\u017cony w bro\u0144 do walki w bliskim kontakcie<\/p>\n<p>SFERA WEWN\u0118TRZNA T\u0118TNI \u017bYCIEM BARDZIEJ NI\u017b KIEDYKOLWIEK<br \/>\n&#8211; W Sferze Wewn\u0119trznej operuj\u0105 teraz kompanie najemnik\u00f3w<br \/>\n&#8211; Dzia\u0142ania na obszarach, na kt\u00f3rych stacjonuj\u0105 konkurencyjne kompanie najemnik\u00f3w, mog\u0105 prowadzi\u0107 do sojuszniczych albo&nbsp;wrogich interwencji podczas misji<br \/>\n&#8211; S\u0142awny \u0141owca Nagr\u00f3d p\u0142aci za informacje wywiadowcze o&nbsp;rywalizuj\u0105cych kompaniach najemnik\u00f3w, co umo\u017cliwia zdobycie poka\u017anych nagr\u00f3d<br \/>\n&#8211; We\u017a udzia\u0142 w ekscytuj\u0105cych i&nbsp;dynamicznych misjach w nowym trybie Infiltracja<\/p>\n<p>DARMOWA AKTUALIZACJA GRY<br \/>\n&#8211; Szereg wa\u017cnych usprawnie\u0144 dzia\u0142ania i&nbsp;zachowania SI<br \/>\n&#8211; Przeprojektowano hangar 'Mech\u00f3w, umo\u017cliwiaj\u0105c poszerzenie aktywnego zestawu maszyn<br \/>\n&#8211; Wiele istotnych udoskonale\u0144, dzi\u0119ki kt\u00f3rym rozgrywka dostarcza jeszcze ciekawszych wra\u017ce\u0144<\/p>\n<p><\/p>","protected":false},"excerpt":{"rendered":"<p>Do\u0142\u0105cz do pu\u0142kownika M\u00e5nsdottira i&nbsp;obywateli Rasalhague w walce o&nbsp;wolno\u015b\u0107 i&nbsp;niepodleg\u0142o\u015b\u0107 przeciwko Wielkim Rodom w konflikcie poprzedzaj\u0105cym utworzenie Gwiezdnej Ligi, bior\u0105c udzia\u0142 w nowej, licz\u0105cej 12 misji kampanii. Dodatek \u201eRise of Rasalhague\u201d wprowadza 11 wariant\u00f3w ramy Crusader w 'Mechach, now\u0105 funkcj\u0119 rywalizacji najemnik\u00f3w, kt\u00f3ra umo\u017cliwia interakcj\u0119 z&nbsp;innymi kompaniami najemnik\u00f3w, a&nbsp;tak\u017ce s\u0142ynnego \u0141owc\u0119 Nagr\u00f3d. KAMPANIA \u201eRISE OF [&hellip;]<\/p>\n","protected":false},"featured_media":654999,"comment_status":"closed","ping_status":"closed","template":"","meta":{"ub_ctt_via":""},"product_cat":[88,78],"product_tag":[218],"class_list":["post-654392","product","type-product","status-publish","has-post-thumbnail","hentry","product_cat-action","product_cat-simulation","product_tag-games","platform-steam-works"],"_links":{"self":[{"href":"https:\/\/neuvee.com\/pl\/wp-json\/wp\/v2\/product\/654392","targetHints":{"allow":["GET"]}}],"collection":[{"href":"https:\/\/neuvee.com\/pl\/wp-json\/wp\/v2\/product"}],"about":[{"href":"https:\/\/neuvee.com\/pl\/wp-json\/wp\/v2\/types\/product"}],"replies":[{"embeddable":true,"href":"https:\/\/neuvee.com\/pl\/wp-json\/wp\/v2\/comments?post=654392"}],"wp:featuredmedia":[{"embeddable":true,"href":"https:\/\/neuvee.com\/pl\/wp-json\/wp\/v2\/media\/654999"}],"wp:attachment":[{"href":"https:\/\/neuvee.com\/pl\/wp-json\/wp\/v2\/media?parent=654392"}],"wp:term":[{"taxonomy":"product_cat","embeddable":true,"href":"https:\/\/neuvee.com\/pl\/wp-json\/wp\/v2\/product_cat?post=654392"},{"taxonomy":"product_tag","embeddable":true,"href":"https:\/\/neuvee.com\/pl\/wp-json\/wp\/v2\/product_tag?post=654392"}],"curies":[{"name":"wp","href":"https:\/\/api.w.org\/{rel}","templated":true}]}}