{"id":652667,"date":"2023-05-29T20:16:57","date_gmt":"2023-05-29T20:16:57","guid":{"rendered":"https:\/\/neuvee.com\/?post_type=product&#038;p=652667"},"modified":"2025-05-19T14:35:25","modified_gmt":"2025-05-19T14:35:25","slug":"mechwarrior-5-legend-of-the-kestrel-lancers-2","status":"publish","type":"product","link":"https:\/\/neuvee.com\/pl\/product\/mechwarrior-5-legend-of-the-kestrel-lancers-2\/","title":{"rendered":"MECHWARRIOR 5: LEGEND OF THE KESTREL LANCERS"},"content":{"rendered":"<p>Legend of the Kestrel Lancers<br \/>\n&#8211; Po\u0142\u0105cz swe si\u0142y z&nbsp;lansjerami Kestrela rodu Davion\u00f3w i&nbsp;prze\u017cyj 4. Wojn\u0119 o&nbsp;Sukcesj\u0119<br \/>\n&#8211; Zalicz post\u0119py w nowej liniowej kampanii i&nbsp;osi\u0105gnij kluczowe rozstrzygni\u0119cia strategiczne<br \/>\n&#8211; Walcz u boku ogromnych po\u0142\u0105czonych si\u0142 w nieograniczonej wojnie<br \/>\n&#8211; Prze\u017cyj dynamiczne walki miejskie w ogromnych metropoliach, podlegaj\u0105cej masowej destrukcji<\/p>\n<p>Prze\u017cyj 4. Wojn\u0119 o&nbsp;Sukcesj\u0119<br \/>\nWalcz w starciach podczas s\u0142ynnego konfliktu Inner Sphere i&nbsp;ruszaj na front 4. Wojny o&nbsp;Sukcesj\u0119, w 14 nowych misjach kampanii<\/p>\n<p>Nowa liniowa kampania<br \/>\nZawiera now\u0105 liniow\u0105 kampani\u0119, z&nbsp;niepowtarzalnymi mechanikami, autorskimi misjami i&nbsp;w\u0142asnymi dialogami oraz&nbsp;przerywnikami<\/p>\n<p>Nieograniczona wojna<br \/>\nWe\u017a udzia\u0142 w scenariuszach nieograniczonej wojny i&nbsp;walkach na ogromn\u0105 skal\u0119, w 7 nowych seriach zada\u0144, zawieraj\u0105cych 10 nowych scenariuszy \u201ebitewnych\u201d<\/p>\n<p>Walki w wielkich miastach<br \/>\nWalcz w nowych miastach, kt\u00f3re s\u0105 znacznie wi\u0119ksze od poprzednich; nigdy nie wiesz, co si\u0119 czai za kolejnym rogiem<\/p>\n<p>Nowe warianty maszyn 'Mech<br \/>\nPonad 20 nowych wariant\u00f3w istniej\u0105cych maszyn 'Mech, 3 nowe sk\u00f3rki maszyn 'Mech dla ka\u017cdej maszyny 'Mech i&nbsp;5 nowych sk\u00f3rek dla konkretnych maszyn 'Mech<\/p>\n<p>Nowe bazy ksi\u0119\u017cycowe<br \/>\nOdkryj nowe bazy ksi\u0119\u017cycowe, wyposa\u017cone w dzia\u0142a orbitalne strzelaj\u0105ce w si\u0142y naje\u017ad\u017ac\u00f3w oraz&nbsp;now\u0105 baz\u0119 fabryki maszyn 'Mech, zawieraj\u0105c\u0105 pierwsz\u0105 przestrze\u0144 wewn\u0119trzn\u0105 do gry w MW5<\/p>\n<p>Nowe biomy<br \/>\nWalcz w biomach mega-miasta, d\u017cungli i&nbsp;turmalinowej pustyni<\/p>\n<p>Nowa zawarto\u015b\u0107 proceduralna<br \/>\nNowa zawarto\u015b\u0107 proceduralna, w tym nowe losowe nagrody za misje zab\u00f3jstw i&nbsp;zaskakuj\u0105ce misje atak\u00f3w artylerii<\/p>\n<p>Zawarto\u015b\u0107 BEZP\u0141ATNEJ aktualizacji<br \/>\n&#8211; Nowa zdolno\u015b\u0107 prze\u0142\u0105czania pomi\u0119dzy wszystkimi maszynami 'Mech lancy SI<br \/>\n&#8211; Nowa walka wr\u0119cz i&nbsp;mo\u017cliwo\u015b\u0107 zadawania obra\u017ce\u0144 wrogim maszynom 'Mech pi\u0119\u015bciami w\u0142asnej maszyny 'Mech<br \/>\n&#8211; Inne nowe ulepszenia istniej\u0105cych funkcji, w tym ulepszony HUD i&nbsp;nie tylko!<\/p>","protected":false},"excerpt":{"rendered":"<p>Legend of the Kestrel Lancers &#8211; Po\u0142\u0105cz swe si\u0142y z&nbsp;lansjerami Kestrela rodu Davion\u00f3w i&nbsp;prze\u017cyj 4. Wojn\u0119 o&nbsp;Sukcesj\u0119 &#8211; Zalicz post\u0119py w nowej liniowej kampanii i&nbsp;osi\u0105gnij kluczowe rozstrzygni\u0119cia strategiczne &#8211; Walcz u boku ogromnych po\u0142\u0105czonych si\u0142 w nieograniczonej wojnie &#8211; Prze\u017cyj dynamiczne walki miejskie w ogromnych metropoliach, podlegaj\u0105cej masowej destrukcji Prze\u017cyj 4. Wojn\u0119 o&nbsp;Sukcesj\u0119 Walcz w [&hellip;]<\/p>\n","protected":false},"featured_media":653492,"comment_status":"closed","ping_status":"closed","template":"","meta":{"ub_ctt_via":""},"product_cat":[88,78],"product_tag":[218],"class_list":["post-652667","product","type-product","status-publish","has-post-thumbnail","hentry","product_cat-action","product_cat-simulation","product_tag-games","platform-steam-works"],"_links":{"self":[{"href":"https:\/\/neuvee.com\/pl\/wp-json\/wp\/v2\/product\/652667","targetHints":{"allow":["GET"]}}],"collection":[{"href":"https:\/\/neuvee.com\/pl\/wp-json\/wp\/v2\/product"}],"about":[{"href":"https:\/\/neuvee.com\/pl\/wp-json\/wp\/v2\/types\/product"}],"replies":[{"embeddable":true,"href":"https:\/\/neuvee.com\/pl\/wp-json\/wp\/v2\/comments?post=652667"}],"wp:featuredmedia":[{"embeddable":true,"href":"https:\/\/neuvee.com\/pl\/wp-json\/wp\/v2\/media\/653492"}],"wp:attachment":[{"href":"https:\/\/neuvee.com\/pl\/wp-json\/wp\/v2\/media?parent=652667"}],"wp:term":[{"taxonomy":"product_cat","embeddable":true,"href":"https:\/\/neuvee.com\/pl\/wp-json\/wp\/v2\/product_cat?post=652667"},{"taxonomy":"product_tag","embeddable":true,"href":"https:\/\/neuvee.com\/pl\/wp-json\/wp\/v2\/product_tag?post=652667"}],"curies":[{"name":"wp","href":"https:\/\/api.w.org\/{rel}","templated":true}]}}